{"id":719,"date":"2023-04-03T06:35:41","date_gmt":"2023-04-03T06:35:41","guid":{"rendered":"https:\/\/www.poolteststrip.com\/?post_type=product&#038;p=719"},"modified":"2023-12-15T01:24:28","modified_gmt":"2023-12-15T01:24:28","slug":"best-test-strips-for-pool-and-spa-6-in-1","status":"publish","type":"product","link":"https:\/\/www.ph-teststrips.com\/fr\/product\/best-test-strips-for-pool-and-spa-6-in-1\/","title":{"rendered":"Meilleures bandelettes de test pour piscine et spa 6 en 1"},"content":{"rendered":"<p>Meilleures bandelettes de test pour piscine et spa\u00a0: testez le chlore libre, le brome libre, le pH, l\u2019acide cyanurique, le brome total, l\u2019alcalinit\u00e9 totale et la duret\u00e9 totale.<\/p>\n<p>Outre nos services OEM\/ODM, nous proposons un large choix de flacons. Que vous pr\u00e9f\u00e9riez un flacon standard avec bouchon \u00e0 vis ou une option plus haut de gamme avec bouchon \u00e0 clapet et sachet d\u00e9shydratant (en aluminium ou \u00e9cologique) pour pr\u00e9server la fra\u00eecheur des bandelettes, nous avons la solution. Notre objectif est de vous fournir un produit performant qui r\u00e9ponde \u00e9galement \u00e0 vos exigences en mati\u00e8re d&#039;emballage et de pr\u00e9sentation.<\/p>\n<p><a href=\"https:\/\/www.ph-teststrips.com\/fr\/product-category\/ph-strip-tester\/\">bandelettes de test de pH de l&#039;eau<\/a>, <a href=\"https:\/\/www.ph-teststrips.com\/fr\/product-category\/salt-water-test-strips\/\">bandelettes de test pour piscine d&#039;eau sal\u00e9e<\/a><\/p>","protected":false},"excerpt":{"rendered":"<ul>\n<li>Rapide et pr\u00e9cis : nos bandelettes de test sont tr\u00e8s sensibles et fournissent des r\u00e9sultats pr\u00e9cis en quelques secondes, vous permettant d&#039;agir rapidement pour \u00e9quilibrer la chimie de votre piscine.<\/li>\n<li>Analyse compl\u00e8te\u00a0: Nos bandelettes de test 6 en 1 pour piscine permettent une analyse compl\u00e8te de sept param\u00e8tres importants\u00a0: chlore libre, brome libre, pH, acide cyanurique, brome total, alcalinit\u00e9 totale et duret\u00e9 totale. Un seul trempage suffit pour obtenir un bilan complet de la chimie de votre piscine.<\/li>\n<li>Facile \u00e0 utiliser\u00a0: il suffit de tremper la bandelette dans l\u2019eau de votre piscine, de la retirer apr\u00e8s quelques secondes et de comparer le r\u00e9sultat avec le nuancier sur le flacon. Aucun \u00e9quipement ni proc\u00e9dure compliqu\u00e9e n\u2019est n\u00e9cessaire\u00a0!<\/li>\n<li>Qualit\u00e9 fiable : Nos bandelettes de test sont fabriqu\u00e9es avec des mat\u00e9riaux de haute qualit\u00e9 et sont rigoureusement test\u00e9es pour garantir leur pr\u00e9cision et leur constance, vous permettant ainsi de vous fier aux r\u00e9sultats \u00e0 chaque utilisation.<\/li>\n<li>\u00c9conomisez de l&#039;argent\u00a0: gr\u00e2ce \u00e0 nos bandelettes de test pour piscine 6 en 1, vous pouvez \u00e9viter les d\u00e9placements co\u00fbteux au magasin de piscines et maintenir en toute confiance la chimie de votre piscine depuis le confort de votre domicile.<\/li>\n<li>Id\u00e9al pour les piscines et les spas\u00a0: nos bandelettes de test sont parfaites pour tester l\u2019eau des piscines et des spas, ce qui en fait un outil polyvalent pour tous vos besoins d\u2019entretien de l\u2019eau.<\/li>\n<\/ul>\n<p>&nbsp;<\/p>","protected":false},"featured_media":724,"comment_status":"open","ping_status":"closed","template":"","meta":{"_acf_changed":false,"site-sidebar-layout":"default","site-content-layout":"default","ast-site-content-layout":"default","site-content-style":"default","site-sidebar-style":"default","ast-global-header-display":"","ast-banner-title-visibility":"","ast-main-header-display":"","ast-hfb-above-header-display":"","ast-hfb-below-header-display":"","ast-hfb-mobile-header-display":"","site-post-title":"","ast-breadcrumbs-content":"","ast-featured-img":"","footer-sml-layout":"","theme-transparent-header-meta":"default","adv-header-id-meta":"","stick-header-meta":"","header-above-stick-meta":"","header-main-stick-meta":"","header-below-stick-meta":"","astra-migrate-meta-layouts":"set","ast-page-background-enabled":"default","ast-page-background-meta":{"desktop":{"background-color":"","background-image":"","background-repeat":"repeat","background-position":"center center","background-size":"auto","background-attachment":"scroll","background-type":"","background-media":"","overlay-type":"","overlay-color":"","overlay-opacity":"","overlay-gradient":""},"tablet":{"background-color":"","background-image":"","background-repeat":"repeat","background-position":"center center","background-size":"auto","background-attachment":"scroll","background-type":"","background-media":"","overlay-type":"","overlay-color":"","overlay-opacity":"","overlay-gradient":""},"mobile":{"background-color":"","background-image":"","background-repeat":"repeat","background-position":"center center","background-size":"auto","background-attachment":"scroll","background-type":"","background-media":"","overlay-type":"","overlay-color":"","overlay-opacity":"","overlay-gradient":""}},"ast-content-background-meta":{"desktop":{"background-color":"var(--ast-global-color-5)","background-image":"","background-repeat":"repeat","background-position":"center center","background-size":"auto","background-attachment":"scroll","background-type":"","background-media":"","overlay-type":"","overlay-color":"","overlay-opacity":"","overlay-gradient":""},"tablet":{"background-color":"var(--ast-global-color-5)","background-image":"","background-repeat":"repeat","background-position":"center center","background-size":"auto","background-attachment":"scroll","background-type":"","background-media":"","overlay-type":"","overlay-color":"","overlay-opacity":"","overlay-gradient":""},"mobile":{"background-color":"var(--ast-global-color-5)","background-image":"","background-repeat":"repeat","background-position":"center center","background-size":"auto","background-attachment":"scroll","background-type":"","background-media":"","overlay-type":"","overlay-color":"","overlay-opacity":"","overlay-gradient":""}}},"product_brand":[],"product_cat":[25,23,26],"product_tag":[30],"class_list":{"0":"post-719","1":"product","2":"type-product","3":"status-publish","4":"has-post-thumbnail","6":"product_cat-ph-strip-tester","7":"product_cat-salt-water-test-strips","8":"product_cat-test-strips-for-water-hardness","9":"product_tag-chlorine-test-strips","10":"desktop-align-left","11":"tablet-align-left","12":"mobile-align-left","14":"first","15":"instock","16":"shipping-taxable","17":"product-type-simple"},"acf":[],"yoast_head":"<!-- This site is optimized with the Yoast SEO plugin v26.2 - https:\/\/yoast.com\/wordpress\/plugins\/seo\/ -->\n<title>Best test strips for pool and spa 6 in 1<\/title>\n<meta name=\"robots\" content=\"index, follow, max-snippet:-1, max-image-preview:large, max-video-preview:-1\" \/>\n<link rel=\"canonical\" href=\"https:\/\/www.ph-teststrips.com\/fr\/product\/best-test-strips-for-pool-and-spa-6-in-1\/\" \/>\n<meta property=\"og:locale\" content=\"fr_FR\" \/>\n<meta property=\"og:type\" content=\"article\" \/>\n<meta property=\"og:title\" content=\"Best test strips for pool and spa 6 in 1\" \/>\n<meta property=\"og:description\" content=\"Fast and Accurate: Our test strips are highly sensitive and deliver accurate results in just seconds,allowing you to take swift action to balance your pool&#039;s chemistry.  Comprehensive Testing: Our 6 in 1 pool test strips provide comprehensive testing for seven important parameters, including free chlorine, free bromine, pH, cyanuric acid, total bromine,total alkalinity, and total hardness. With just one dip, you can get a complete picture of yourpool&#039;s chemistry.  Easy to Use: Simply dip the strip into your pool water, remove it after a few seconds, and compare the color chart on the bottle to get instant results. No complicated equipment or processes required!  Reliable Quality: Our test strips are made with high-quality materials and are rigorously tested for accuracy and consistency, so you can trust the results every time.  Save Money: With our 6 in 1 pool test strips, you can avoid costly trips to the pool store and confidently maintain your pool&#039;s chemistry from the comfort of your own home.  Ideal for Pools and Spas: Our test strips are perfect for testing both pools and spas, making them aversatile tool for all your water maintenance needs.  &nbsp;\" \/>\n<meta property=\"og:url\" content=\"https:\/\/www.ph-teststrips.com\/fr\/product\/best-test-strips-for-pool-and-spa-6-in-1\/\" \/>\n<meta property=\"og:site_name\" content=\"PH test strips\" \/>\n<meta property=\"article:modified_time\" content=\"2023-12-15T01:24:28+00:00\" \/>\n<meta property=\"og:image\" content=\"https:\/\/www.ph-teststrips.com\/wp-content\/uploads\/2023\/04\/best-test-strips-for-salt-water-pools-05.jpg\" \/>\n\t<meta property=\"og:image:width\" content=\"800\" \/>\n\t<meta property=\"og:image:height\" content=\"800\" \/>\n\t<meta property=\"og:image:type\" content=\"image\/jpeg\" \/>\n<meta name=\"twitter:card\" content=\"summary_large_image\" \/>\n<meta name=\"twitter:label1\" content=\"Dur\u00e9e de lecture estim\u00e9e\" \/>\n\t<meta name=\"twitter:data1\" content=\"1 minute\" \/>\n<script type=\"application\/ld+json\" class=\"yoast-schema-graph\">{\"@context\":\"https:\/\/schema.org\",\"@graph\":[{\"@type\":\"WebPage\",\"@id\":\"https:\/\/www.ph-teststrips.com\/product\/best-test-strips-for-pool-and-spa-6-in-1\/\",\"url\":\"https:\/\/www.ph-teststrips.com\/product\/best-test-strips-for-pool-and-spa-6-in-1\/\",\"name\":\"Best test strips for pool and spa 6 in 1\",\"isPartOf\":{\"@id\":\"https:\/\/www.ph-teststrips.com\/#website\"},\"primaryImageOfPage\":{\"@id\":\"https:\/\/www.ph-teststrips.com\/product\/best-test-strips-for-pool-and-spa-6-in-1\/#primaryimage\"},\"image\":{\"@id\":\"https:\/\/www.ph-teststrips.com\/product\/best-test-strips-for-pool-and-spa-6-in-1\/#primaryimage\"},\"thumbnailUrl\":\"https:\/\/www.ph-teststrips.com\/wp-content\/uploads\/2023\/04\/best-test-strips-for-salt-water-pools-05.jpg\",\"datePublished\":\"2023-04-03T06:35:41+00:00\",\"dateModified\":\"2023-12-15T01:24:28+00:00\",\"breadcrumb\":{\"@id\":\"https:\/\/www.ph-teststrips.com\/product\/best-test-strips-for-pool-and-spa-6-in-1\/#breadcrumb\"},\"inLanguage\":\"fr-FR\",\"potentialAction\":[{\"@type\":\"ReadAction\",\"target\":[\"https:\/\/www.ph-teststrips.com\/product\/best-test-strips-for-pool-and-spa-6-in-1\/\"]}]},{\"@type\":\"ImageObject\",\"inLanguage\":\"fr-FR\",\"@id\":\"https:\/\/www.ph-teststrips.com\/product\/best-test-strips-for-pool-and-spa-6-in-1\/#primaryimage\",\"url\":\"https:\/\/www.ph-teststrips.com\/wp-content\/uploads\/2023\/04\/best-test-strips-for-salt-water-pools-05.jpg\",\"contentUrl\":\"https:\/\/www.ph-teststrips.com\/wp-content\/uploads\/2023\/04\/best-test-strips-for-salt-water-pools-05.jpg\",\"width\":800,\"height\":800,\"caption\":\"best test strips for salt water pools\"},{\"@type\":\"BreadcrumbList\",\"@id\":\"https:\/\/www.ph-teststrips.com\/product\/best-test-strips-for-pool-and-spa-6-in-1\/#breadcrumb\",\"itemListElement\":[{\"@type\":\"ListItem\",\"position\":1,\"name\":\"Home\",\"item\":\"https:\/\/www.ph-teststrips.com\/\"},{\"@type\":\"ListItem\",\"position\":2,\"name\":\"Shop\",\"item\":\"https:\/\/www.ph-teststrips.com\/shop\/\"},{\"@type\":\"ListItem\",\"position\":3,\"name\":\"Best test strips for pool and spa 6 in 1\"}]},{\"@type\":\"WebSite\",\"@id\":\"https:\/\/www.ph-teststrips.com\/#website\",\"url\":\"https:\/\/www.ph-teststrips.com\/\",\"name\":\"PH test strips\",\"description\":\"\",\"publisher\":{\"@id\":\"https:\/\/www.ph-teststrips.com\/#organization\"},\"potentialAction\":[{\"@type\":\"SearchAction\",\"target\":{\"@type\":\"EntryPoint\",\"urlTemplate\":\"https:\/\/www.ph-teststrips.com\/?s={search_term_string}\"},\"query-input\":{\"@type\":\"PropertyValueSpecification\",\"valueRequired\":true,\"valueName\":\"search_term_string\"}}],\"inLanguage\":\"fr-FR\"},{\"@type\":\"Organization\",\"@id\":\"https:\/\/www.ph-teststrips.com\/#organization\",\"name\":\"PH test strips\",\"url\":\"https:\/\/www.ph-teststrips.com\/\",\"logo\":{\"@type\":\"ImageObject\",\"inLanguage\":\"fr-FR\",\"@id\":\"https:\/\/www.ph-teststrips.com\/#\/schema\/logo\/image\/\",\"url\":\"https:\/\/www.ph-teststrips.com\/wp-content\/uploads\/2023\/05\/cropped-swm-logo.png\",\"contentUrl\":\"https:\/\/www.ph-teststrips.com\/wp-content\/uploads\/2023\/05\/cropped-swm-logo.png\",\"width\":840,\"height\":404,\"caption\":\"PH test strips\"},\"image\":{\"@id\":\"https:\/\/www.ph-teststrips.com\/#\/schema\/logo\/image\/\"}}]}<\/script>\n<!-- \/ Yoast SEO plugin. -->","yoast_head_json":{"title":"Meilleures bandelettes de test pour piscine et spa 6 en 1","robots":{"index":"index","follow":"follow","max-snippet":"max-snippet:-1","max-image-preview":"max-image-preview:large","max-video-preview":"max-video-preview:-1"},"canonical":"https:\/\/www.ph-teststrips.com\/fr\/product\/best-test-strips-for-pool-and-spa-6-in-1\/","og_locale":"fr_FR","og_type":"article","og_title":"Best test strips for pool and spa 6 in 1","og_description":"Fast and Accurate: Our test strips are highly sensitive and deliver accurate results in just seconds,allowing you to take swift action to balance your pool's chemistry.  Comprehensive Testing: Our 6 in 1 pool test strips provide comprehensive testing for seven important parameters, including free chlorine, free bromine, pH, cyanuric acid, total bromine,total alkalinity, and total hardness. With just one dip, you can get a complete picture of yourpool's chemistry.  Easy to Use: Simply dip the strip into your pool water, remove it after a few seconds, and compare the color chart on the bottle to get instant results. No complicated equipment or processes required!  Reliable Quality: Our test strips are made with high-quality materials and are rigorously tested for accuracy and consistency, so you can trust the results every time.  Save Money: With our 6 in 1 pool test strips, you can avoid costly trips to the pool store and confidently maintain your pool's chemistry from the comfort of your own home.  Ideal for Pools and Spas: Our test strips are perfect for testing both pools and spas, making them aversatile tool for all your water maintenance needs.  &nbsp;","og_url":"https:\/\/www.ph-teststrips.com\/fr\/product\/best-test-strips-for-pool-and-spa-6-in-1\/","og_site_name":"PH test strips","article_modified_time":"2023-12-15T01:24:28+00:00","og_image":[{"width":800,"height":800,"url":"https:\/\/www.ph-teststrips.com\/wp-content\/uploads\/2023\/04\/best-test-strips-for-salt-water-pools-05.jpg","type":"image\/jpeg"}],"twitter_card":"summary_large_image","twitter_misc":{"Dur\u00e9e de lecture estim\u00e9e":"1 minute"},"schema":{"@context":"https:\/\/schema.org","@graph":[{"@type":"WebPage","@id":"https:\/\/www.ph-teststrips.com\/product\/best-test-strips-for-pool-and-spa-6-in-1\/","url":"https:\/\/www.ph-teststrips.com\/product\/best-test-strips-for-pool-and-spa-6-in-1\/","name":"Meilleures bandelettes de test pour piscine et spa 6 en 1","isPartOf":{"@id":"https:\/\/www.ph-teststrips.com\/#website"},"primaryImageOfPage":{"@id":"https:\/\/www.ph-teststrips.com\/product\/best-test-strips-for-pool-and-spa-6-in-1\/#primaryimage"},"image":{"@id":"https:\/\/www.ph-teststrips.com\/product\/best-test-strips-for-pool-and-spa-6-in-1\/#primaryimage"},"thumbnailUrl":"https:\/\/www.ph-teststrips.com\/wp-content\/uploads\/2023\/04\/best-test-strips-for-salt-water-pools-05.jpg","datePublished":"2023-04-03T06:35:41+00:00","dateModified":"2023-12-15T01:24:28+00:00","breadcrumb":{"@id":"https:\/\/www.ph-teststrips.com\/product\/best-test-strips-for-pool-and-spa-6-in-1\/#breadcrumb"},"inLanguage":"fr-FR","potentialAction":[{"@type":"ReadAction","target":["https:\/\/www.ph-teststrips.com\/product\/best-test-strips-for-pool-and-spa-6-in-1\/"]}]},{"@type":"ImageObject","inLanguage":"fr-FR","@id":"https:\/\/www.ph-teststrips.com\/product\/best-test-strips-for-pool-and-spa-6-in-1\/#primaryimage","url":"https:\/\/www.ph-teststrips.com\/wp-content\/uploads\/2023\/04\/best-test-strips-for-salt-water-pools-05.jpg","contentUrl":"https:\/\/www.ph-teststrips.com\/wp-content\/uploads\/2023\/04\/best-test-strips-for-salt-water-pools-05.jpg","width":800,"height":800,"caption":"best test strips for salt water pools"},{"@type":"BreadcrumbList","@id":"https:\/\/www.ph-teststrips.com\/product\/best-test-strips-for-pool-and-spa-6-in-1\/#breadcrumb","itemListElement":[{"@type":"ListItem","position":1,"name":"Home","item":"https:\/\/www.ph-teststrips.com\/"},{"@type":"ListItem","position":2,"name":"Shop","item":"https:\/\/www.ph-teststrips.com\/shop\/"},{"@type":"ListItem","position":3,"name":"Best test strips for pool and spa 6 in 1"}]},{"@type":"WebSite","@id":"https:\/\/www.ph-teststrips.com\/#website","url":"https:\/\/www.ph-teststrips.com\/","name":"Bandelettes de test de pH","description":"","publisher":{"@id":"https:\/\/www.ph-teststrips.com\/#organization"},"potentialAction":[{"@type":"SearchAction","target":{"@type":"EntryPoint","urlTemplate":"https:\/\/www.ph-teststrips.com\/?s={search_term_string}"},"query-input":{"@type":"PropertyValueSpecification","valueRequired":true,"valueName":"search_term_string"}}],"inLanguage":"fr-FR"},{"@type":"Organization","@id":"https:\/\/www.ph-teststrips.com\/#organization","name":"Bandelettes de test de pH","url":"https:\/\/www.ph-teststrips.com\/","logo":{"@type":"ImageObject","inLanguage":"fr-FR","@id":"https:\/\/www.ph-teststrips.com\/#\/schema\/logo\/image\/","url":"https:\/\/www.ph-teststrips.com\/wp-content\/uploads\/2023\/05\/cropped-swm-logo.png","contentUrl":"https:\/\/www.ph-teststrips.com\/wp-content\/uploads\/2023\/05\/cropped-swm-logo.png","width":840,"height":404,"caption":"PH test strips"},"image":{"@id":"https:\/\/www.ph-teststrips.com\/#\/schema\/logo\/image\/"}}]}},"_links":{"self":[{"href":"https:\/\/www.ph-teststrips.com\/fr\/wp-json\/wp\/v2\/product\/719","targetHints":{"allow":["GET"]}}],"collection":[{"href":"https:\/\/www.ph-teststrips.com\/fr\/wp-json\/wp\/v2\/product"}],"about":[{"href":"https:\/\/www.ph-teststrips.com\/fr\/wp-json\/wp\/v2\/types\/product"}],"replies":[{"embeddable":true,"href":"https:\/\/www.ph-teststrips.com\/fr\/wp-json\/wp\/v2\/comments?post=719"}],"wp:featuredmedia":[{"embeddable":true,"href":"https:\/\/www.ph-teststrips.com\/fr\/wp-json\/wp\/v2\/media\/724"}],"wp:attachment":[{"href":"https:\/\/www.ph-teststrips.com\/fr\/wp-json\/wp\/v2\/media?parent=719"}],"wp:term":[{"taxonomy":"product_brand","embeddable":true,"href":"https:\/\/www.ph-teststrips.com\/fr\/wp-json\/wp\/v2\/product_brand?post=719"},{"taxonomy":"product_cat","embeddable":true,"href":"https:\/\/www.ph-teststrips.com\/fr\/wp-json\/wp\/v2\/product_cat?post=719"},{"taxonomy":"product_tag","embeddable":true,"href":"https:\/\/www.ph-teststrips.com\/fr\/wp-json\/wp\/v2\/product_tag?post=719"}],"curies":[{"name":"wp","href":"https:\/\/api.w.org\/{rel}","templated":true}]}}