{"id":701,"date":"2023-04-03T06:17:42","date_gmt":"2023-04-03T06:17:42","guid":{"rendered":"https:\/\/www.poolteststrip.com\/?post_type=product&#038;p=701"},"modified":"2023-11-25T02:28:09","modified_gmt":"2023-11-25T02:28:09","slug":"salt-water-pool-test-strips-4-in-1","status":"publish","type":"product","link":"https:\/\/www.ph-teststrips.com\/fr\/product\/salt-water-pool-test-strips-4-in-1\/","title":{"rendered":"Bandelettes de test pour piscine d&#039;eau sal\u00e9e 4 en 1"},"content":{"rendered":"<p>Bandelettes de test pour piscines d&#039;eau sal\u00e9e\u00a0: testez le chlore libre, le brome, le pH, le brome total et l&#039;alcalinit\u00e9 totale.<\/p>\n<p>Outre nos services OEM\/ODM, nous proposons un large choix de flacons. Que vous pr\u00e9f\u00e9riez un flacon standard avec bouchon \u00e0 vis ou une option plus haut de gamme avec bouchon \u00e0 clapet et sachet d\u00e9shydratant (en aluminium ou \u00e9cologique) pour pr\u00e9server la fra\u00eecheur des bandelettes, nous avons la solution. Notre objectif est de vous fournir un produit performant qui r\u00e9ponde \u00e9galement \u00e0 vos exigences en mati\u00e8re d&#039;emballage et de pr\u00e9sentation.<\/p>","protected":false},"excerpt":{"rendered":"<ul>\n<li>Rapide et pr\u00e9cis : nos bandelettes de test sont tr\u00e8s sensibles et fournissent des r\u00e9sultats pr\u00e9cis en quelques secondes, vous permettant d&#039;agir rapidement pour \u00e9quilibrer la chimie de votre piscine.<\/li>\n<li>5 Param\u00e8tres : Nos bandelettes de test pour piscine analysent quatre param\u00e8tres importants : le chlore libre, le brome, le pH et l&#039;alcalinit\u00e9 totale. Le chlore libre et le brome sont essentiels au maintien d&#039;une piscine propre et saine, tandis que le pH influe sur le confort des nageurs et peut \u00e9galement impacter l&#039;efficacit\u00e9 d&#039;autres produits chimiques. L&#039;alcalinit\u00e9 totale est importante pour la stabilit\u00e9 du pH et contribue \u00e0 pr\u00e9venir les fluctuations de ce dernier.<\/li>\n<li>Facile \u00e0 utiliser\u00a0: il suffit de tremper la bandelette dans l\u2019eau de votre piscine, de la retirer apr\u00e8s quelques secondes et de comparer le r\u00e9sultat avec le nuancier sur le flacon. Aucun \u00e9quipement ni proc\u00e9dure compliqu\u00e9e n\u2019est n\u00e9cessaire\u00a0!<\/li>\n<li>Qualit\u00e9 fiable : Nos bandelettes de test sont fabriqu\u00e9es avec des mat\u00e9riaux de haute qualit\u00e9 et sont rigoureusement test\u00e9es pour garantir leur pr\u00e9cision et leur constance, vous permettant ainsi de vous fier aux r\u00e9sultats \u00e0 chaque utilisation.<\/li>\n<li>\u00c9conomisez de l&#039;argent\u00a0: gr\u00e2ce \u00e0 nos bandelettes de test 4 en 1 pour piscine, vous pouvez \u00e9viter les d\u00e9placements co\u00fbteux au magasin de piscines et maintenir en toute confiance la chimie de votre piscine depuis le confort de votre domicile.<\/li>\n<\/ul>\n<p>&nbsp;<\/p>","protected":false},"featured_media":709,"comment_status":"open","ping_status":"closed","template":"","meta":{"_acf_changed":false,"site-sidebar-layout":"default","site-content-layout":"default","ast-site-content-layout":"","site-content-style":"default","site-sidebar-style":"default","ast-global-header-display":"","ast-banner-title-visibility":"","ast-main-header-display":"","ast-hfb-above-header-display":"","ast-hfb-below-header-display":"","ast-hfb-mobile-header-display":"","site-post-title":"","ast-breadcrumbs-content":"","ast-featured-img":"","footer-sml-layout":"","theme-transparent-header-meta":"default","adv-header-id-meta":"","stick-header-meta":"","header-above-stick-meta":"","header-main-stick-meta":"","header-below-stick-meta":"","astra-migrate-meta-layouts":"default","ast-page-background-enabled":"default","ast-page-background-meta":{"desktop":{"background-color":"","background-image":"","background-repeat":"repeat","background-position":"center center","background-size":"auto","background-attachment":"scroll","background-type":"","background-media":"","overlay-type":"","overlay-color":"","overlay-opacity":"","overlay-gradient":""},"tablet":{"background-color":"","background-image":"","background-repeat":"repeat","background-position":"center center","background-size":"auto","background-attachment":"scroll","background-type":"","background-media":"","overlay-type":"","overlay-color":"","overlay-opacity":"","overlay-gradient":""},"mobile":{"background-color":"","background-image":"","background-repeat":"repeat","background-position":"center center","background-size":"auto","background-attachment":"scroll","background-type":"","background-media":"","overlay-type":"","overlay-color":"","overlay-opacity":"","overlay-gradient":""}},"ast-content-background-meta":{"desktop":{"background-color":"var(--ast-global-color-5)","background-image":"","background-repeat":"repeat","background-position":"center center","background-size":"auto","background-attachment":"scroll","background-type":"","background-media":"","overlay-type":"","overlay-color":"","overlay-opacity":"","overlay-gradient":""},"tablet":{"background-color":"var(--ast-global-color-5)","background-image":"","background-repeat":"repeat","background-position":"center center","background-size":"auto","background-attachment":"scroll","background-type":"","background-media":"","overlay-type":"","overlay-color":"","overlay-opacity":"","overlay-gradient":""},"mobile":{"background-color":"var(--ast-global-color-5)","background-image":"","background-repeat":"repeat","background-position":"center center","background-size":"auto","background-attachment":"scroll","background-type":"","background-media":"","overlay-type":"","overlay-color":"","overlay-opacity":"","overlay-gradient":""}}},"product_brand":[],"product_cat":[25,23],"product_tag":[],"class_list":{"0":"post-701","1":"product","2":"type-product","3":"status-publish","4":"has-post-thumbnail","6":"product_cat-ph-strip-tester","7":"product_cat-salt-water-test-strips","8":"desktop-align-left","9":"tablet-align-left","10":"mobile-align-left","12":"first","13":"instock","14":"shipping-taxable","15":"product-type-simple"},"acf":[],"yoast_head":"<!-- This site is optimized with the Yoast SEO plugin v26.2 - https:\/\/yoast.com\/wordpress\/plugins\/seo\/ -->\n<title>Salt water pool test strips 4 in 1 , ph balance test strips<\/title>\n<meta name=\"robots\" content=\"index, follow, max-snippet:-1, max-image-preview:large, max-video-preview:-1\" \/>\n<link rel=\"canonical\" href=\"https:\/\/www.ph-teststrips.com\/fr\/product\/salt-water-pool-test-strips-4-in-1\/\" \/>\n<meta property=\"og:locale\" content=\"fr_FR\" \/>\n<meta property=\"og:type\" content=\"article\" \/>\n<meta property=\"og:title\" content=\"Salt water pool test strips 4 in 1 , ph balance test strips\" \/>\n<meta property=\"og:description\" content=\"Fast and Accurate: Our test strips are highly sensitive and deliver accurate results in just seconds,allowing you to take swift action to balance your pool&#039;s chemistry.  5 Parameters: Our pool test strips test for four important parameters: \u00a0free chlorine, bromine, pH,and total alkalinity and Total Bromine. Free chlorine and bromine are critical to maintaining a clean and safe pool,while PH affects swimmer comfort and can also impact the efficacy of other chemicals. Total alkalinity is important for maintaining PH stability and helps prevent pH fluctuations  Easy to Use: Simply dip the strip into your pool water, remove it after a few seconds, and compare the color chart on the bottle to get instant results. No complicated equipment or processes required!  Reliable Quality: Our test strips are made with high-quality materials and are rigorously tested for accuracy and consistency, so you can trust the results every time.  Save Money: With our 4 in 1 pool test strips, you can avoid costly trips to the pool store and confidently maintain your pool&#039;s chemistry from the comfort of your own home.  &nbsp;\" \/>\n<meta property=\"og:url\" content=\"https:\/\/www.ph-teststrips.com\/fr\/product\/salt-water-pool-test-strips-4-in-1\/\" \/>\n<meta property=\"og:site_name\" content=\"PH test strips\" \/>\n<meta property=\"article:modified_time\" content=\"2023-11-25T02:28:09+00:00\" \/>\n<meta property=\"og:image\" content=\"https:\/\/www.ph-teststrips.com\/wp-content\/uploads\/2023\/04\/salt-water-pool-test-strips-08.jpg\" \/>\n\t<meta property=\"og:image:width\" content=\"800\" \/>\n\t<meta property=\"og:image:height\" content=\"800\" \/>\n\t<meta property=\"og:image:type\" content=\"image\/jpeg\" \/>\n<meta name=\"twitter:card\" content=\"summary_large_image\" \/>\n<meta name=\"twitter:label1\" content=\"Dur\u00e9e de lecture estim\u00e9e\" \/>\n\t<meta name=\"twitter:data1\" content=\"1 minute\" \/>\n<script type=\"application\/ld+json\" class=\"yoast-schema-graph\">{\"@context\":\"https:\/\/schema.org\",\"@graph\":[{\"@type\":\"WebPage\",\"@id\":\"https:\/\/www.ph-teststrips.com\/product\/salt-water-pool-test-strips-4-in-1\/\",\"url\":\"https:\/\/www.ph-teststrips.com\/product\/salt-water-pool-test-strips-4-in-1\/\",\"name\":\"Salt water pool test strips 4 in 1 , ph balance test strips\",\"isPartOf\":{\"@id\":\"https:\/\/www.ph-teststrips.com\/#website\"},\"primaryImageOfPage\":{\"@id\":\"https:\/\/www.ph-teststrips.com\/product\/salt-water-pool-test-strips-4-in-1\/#primaryimage\"},\"image\":{\"@id\":\"https:\/\/www.ph-teststrips.com\/product\/salt-water-pool-test-strips-4-in-1\/#primaryimage\"},\"thumbnailUrl\":\"https:\/\/www.ph-teststrips.com\/wp-content\/uploads\/2023\/04\/salt-water-pool-test-strips-08.jpg\",\"datePublished\":\"2023-04-03T06:17:42+00:00\",\"dateModified\":\"2023-11-25T02:28:09+00:00\",\"breadcrumb\":{\"@id\":\"https:\/\/www.ph-teststrips.com\/product\/salt-water-pool-test-strips-4-in-1\/#breadcrumb\"},\"inLanguage\":\"fr-FR\",\"potentialAction\":[{\"@type\":\"ReadAction\",\"target\":[\"https:\/\/www.ph-teststrips.com\/product\/salt-water-pool-test-strips-4-in-1\/\"]}]},{\"@type\":\"ImageObject\",\"inLanguage\":\"fr-FR\",\"@id\":\"https:\/\/www.ph-teststrips.com\/product\/salt-water-pool-test-strips-4-in-1\/#primaryimage\",\"url\":\"https:\/\/www.ph-teststrips.com\/wp-content\/uploads\/2023\/04\/salt-water-pool-test-strips-08.jpg\",\"contentUrl\":\"https:\/\/www.ph-teststrips.com\/wp-content\/uploads\/2023\/04\/salt-water-pool-test-strips-08.jpg\",\"width\":800,\"height\":800,\"caption\":\"salt water pool test strips\"},{\"@type\":\"BreadcrumbList\",\"@id\":\"https:\/\/www.ph-teststrips.com\/product\/salt-water-pool-test-strips-4-in-1\/#breadcrumb\",\"itemListElement\":[{\"@type\":\"ListItem\",\"position\":1,\"name\":\"Home\",\"item\":\"https:\/\/www.ph-teststrips.com\/\"},{\"@type\":\"ListItem\",\"position\":2,\"name\":\"Shop\",\"item\":\"https:\/\/www.ph-teststrips.com\/shop\/\"},{\"@type\":\"ListItem\",\"position\":3,\"name\":\"Salt water pool test strips 4 in 1\"}]},{\"@type\":\"WebSite\",\"@id\":\"https:\/\/www.ph-teststrips.com\/#website\",\"url\":\"https:\/\/www.ph-teststrips.com\/\",\"name\":\"PH test strips\",\"description\":\"\",\"publisher\":{\"@id\":\"https:\/\/www.ph-teststrips.com\/#organization\"},\"potentialAction\":[{\"@type\":\"SearchAction\",\"target\":{\"@type\":\"EntryPoint\",\"urlTemplate\":\"https:\/\/www.ph-teststrips.com\/?s={search_term_string}\"},\"query-input\":{\"@type\":\"PropertyValueSpecification\",\"valueRequired\":true,\"valueName\":\"search_term_string\"}}],\"inLanguage\":\"fr-FR\"},{\"@type\":\"Organization\",\"@id\":\"https:\/\/www.ph-teststrips.com\/#organization\",\"name\":\"PH test strips\",\"url\":\"https:\/\/www.ph-teststrips.com\/\",\"logo\":{\"@type\":\"ImageObject\",\"inLanguage\":\"fr-FR\",\"@id\":\"https:\/\/www.ph-teststrips.com\/#\/schema\/logo\/image\/\",\"url\":\"https:\/\/www.ph-teststrips.com\/wp-content\/uploads\/2023\/05\/cropped-swm-logo.png\",\"contentUrl\":\"https:\/\/www.ph-teststrips.com\/wp-content\/uploads\/2023\/05\/cropped-swm-logo.png\",\"width\":840,\"height\":404,\"caption\":\"PH test strips\"},\"image\":{\"@id\":\"https:\/\/www.ph-teststrips.com\/#\/schema\/logo\/image\/\"}}]}<\/script>\n<!-- \/ Yoast SEO plugin. -->","yoast_head_json":{"title":"Bandelettes de test pour piscine d&#039;eau sal\u00e9e 4 en 1, bandelettes de test d&#039;\u00e9quilibre du pH","robots":{"index":"index","follow":"follow","max-snippet":"max-snippet:-1","max-image-preview":"max-image-preview:large","max-video-preview":"max-video-preview:-1"},"canonical":"https:\/\/www.ph-teststrips.com\/fr\/product\/salt-water-pool-test-strips-4-in-1\/","og_locale":"fr_FR","og_type":"article","og_title":"Salt water pool test strips 4 in 1 , ph balance test strips","og_description":"Fast and Accurate: Our test strips are highly sensitive and deliver accurate results in just seconds,allowing you to take swift action to balance your pool's chemistry.  5 Parameters: Our pool test strips test for four important parameters: \u00a0free chlorine, bromine, pH,and total alkalinity and Total Bromine. Free chlorine and bromine are critical to maintaining a clean and safe pool,while PH affects swimmer comfort and can also impact the efficacy of other chemicals. Total alkalinity is important for maintaining PH stability and helps prevent pH fluctuations  Easy to Use: Simply dip the strip into your pool water, remove it after a few seconds, and compare the color chart on the bottle to get instant results. No complicated equipment or processes required!  Reliable Quality: Our test strips are made with high-quality materials and are rigorously tested for accuracy and consistency, so you can trust the results every time.  Save Money: With our 4 in 1 pool test strips, you can avoid costly trips to the pool store and confidently maintain your pool's chemistry from the comfort of your own home.  &nbsp;","og_url":"https:\/\/www.ph-teststrips.com\/fr\/product\/salt-water-pool-test-strips-4-in-1\/","og_site_name":"PH test strips","article_modified_time":"2023-11-25T02:28:09+00:00","og_image":[{"width":800,"height":800,"url":"https:\/\/www.ph-teststrips.com\/wp-content\/uploads\/2023\/04\/salt-water-pool-test-strips-08.jpg","type":"image\/jpeg"}],"twitter_card":"summary_large_image","twitter_misc":{"Dur\u00e9e de lecture estim\u00e9e":"1 minute"},"schema":{"@context":"https:\/\/schema.org","@graph":[{"@type":"WebPage","@id":"https:\/\/www.ph-teststrips.com\/product\/salt-water-pool-test-strips-4-in-1\/","url":"https:\/\/www.ph-teststrips.com\/product\/salt-water-pool-test-strips-4-in-1\/","name":"Bandelettes de test pour piscine d&#039;eau sal\u00e9e 4 en 1, bandelettes de test d&#039;\u00e9quilibre du pH","isPartOf":{"@id":"https:\/\/www.ph-teststrips.com\/#website"},"primaryImageOfPage":{"@id":"https:\/\/www.ph-teststrips.com\/product\/salt-water-pool-test-strips-4-in-1\/#primaryimage"},"image":{"@id":"https:\/\/www.ph-teststrips.com\/product\/salt-water-pool-test-strips-4-in-1\/#primaryimage"},"thumbnailUrl":"https:\/\/www.ph-teststrips.com\/wp-content\/uploads\/2023\/04\/salt-water-pool-test-strips-08.jpg","datePublished":"2023-04-03T06:17:42+00:00","dateModified":"2023-11-25T02:28:09+00:00","breadcrumb":{"@id":"https:\/\/www.ph-teststrips.com\/product\/salt-water-pool-test-strips-4-in-1\/#breadcrumb"},"inLanguage":"fr-FR","potentialAction":[{"@type":"ReadAction","target":["https:\/\/www.ph-teststrips.com\/product\/salt-water-pool-test-strips-4-in-1\/"]}]},{"@type":"ImageObject","inLanguage":"fr-FR","@id":"https:\/\/www.ph-teststrips.com\/product\/salt-water-pool-test-strips-4-in-1\/#primaryimage","url":"https:\/\/www.ph-teststrips.com\/wp-content\/uploads\/2023\/04\/salt-water-pool-test-strips-08.jpg","contentUrl":"https:\/\/www.ph-teststrips.com\/wp-content\/uploads\/2023\/04\/salt-water-pool-test-strips-08.jpg","width":800,"height":800,"caption":"salt water pool test strips"},{"@type":"BreadcrumbList","@id":"https:\/\/www.ph-teststrips.com\/product\/salt-water-pool-test-strips-4-in-1\/#breadcrumb","itemListElement":[{"@type":"ListItem","position":1,"name":"Home","item":"https:\/\/www.ph-teststrips.com\/"},{"@type":"ListItem","position":2,"name":"Shop","item":"https:\/\/www.ph-teststrips.com\/shop\/"},{"@type":"ListItem","position":3,"name":"Salt water pool test strips 4 in 1"}]},{"@type":"WebSite","@id":"https:\/\/www.ph-teststrips.com\/#website","url":"https:\/\/www.ph-teststrips.com\/","name":"Bandelettes de test de pH","description":"","publisher":{"@id":"https:\/\/www.ph-teststrips.com\/#organization"},"potentialAction":[{"@type":"SearchAction","target":{"@type":"EntryPoint","urlTemplate":"https:\/\/www.ph-teststrips.com\/?s={search_term_string}"},"query-input":{"@type":"PropertyValueSpecification","valueRequired":true,"valueName":"search_term_string"}}],"inLanguage":"fr-FR"},{"@type":"Organization","@id":"https:\/\/www.ph-teststrips.com\/#organization","name":"Bandelettes de test de pH","url":"https:\/\/www.ph-teststrips.com\/","logo":{"@type":"ImageObject","inLanguage":"fr-FR","@id":"https:\/\/www.ph-teststrips.com\/#\/schema\/logo\/image\/","url":"https:\/\/www.ph-teststrips.com\/wp-content\/uploads\/2023\/05\/cropped-swm-logo.png","contentUrl":"https:\/\/www.ph-teststrips.com\/wp-content\/uploads\/2023\/05\/cropped-swm-logo.png","width":840,"height":404,"caption":"PH test strips"},"image":{"@id":"https:\/\/www.ph-teststrips.com\/#\/schema\/logo\/image\/"}}]}},"_links":{"self":[{"href":"https:\/\/www.ph-teststrips.com\/fr\/wp-json\/wp\/v2\/product\/701","targetHints":{"allow":["GET"]}}],"collection":[{"href":"https:\/\/www.ph-teststrips.com\/fr\/wp-json\/wp\/v2\/product"}],"about":[{"href":"https:\/\/www.ph-teststrips.com\/fr\/wp-json\/wp\/v2\/types\/product"}],"replies":[{"embeddable":true,"href":"https:\/\/www.ph-teststrips.com\/fr\/wp-json\/wp\/v2\/comments?post=701"}],"wp:featuredmedia":[{"embeddable":true,"href":"https:\/\/www.ph-teststrips.com\/fr\/wp-json\/wp\/v2\/media\/709"}],"wp:attachment":[{"href":"https:\/\/www.ph-teststrips.com\/fr\/wp-json\/wp\/v2\/media?parent=701"}],"wp:term":[{"taxonomy":"product_brand","embeddable":true,"href":"https:\/\/www.ph-teststrips.com\/fr\/wp-json\/wp\/v2\/product_brand?post=701"},{"taxonomy":"product_cat","embeddable":true,"href":"https:\/\/www.ph-teststrips.com\/fr\/wp-json\/wp\/v2\/product_cat?post=701"},{"taxonomy":"product_tag","embeddable":true,"href":"https:\/\/www.ph-teststrips.com\/fr\/wp-json\/wp\/v2\/product_tag?post=701"}],"curies":[{"name":"wp","href":"https:\/\/api.w.org\/{rel}","templated":true}]}}