{"id":631,"date":"2023-03-25T08:43:59","date_gmt":"2023-03-25T08:43:59","guid":{"rendered":"https:\/\/www.poolteststrip.com\/?post_type=product&#038;p=631"},"modified":"2023-11-25T02:42:12","modified_gmt":"2023-11-25T02:42:12","slug":"sanitizer-test-strips-sanitizer-test-strips-for-restaurants-0-2000-ppm","status":"publish","type":"product","link":"https:\/\/www.ph-teststrips.com\/fr\/product\/sanitizer-test-strips-sanitizer-test-strips-for-restaurants-0-2000-ppm\/","title":{"rendered":"Bandelettes de test pour d\u00e9sinfectant, bandelettes de test pour d\u00e9sinfectant pour restaurants 0-2000 PPM"},"content":{"rendered":"<p><img fetchpriority=\"high\" decoding=\"async\" class=\"alignnone wp-image-639 size-full\" src=\"https:\/\/www.ph-teststrips.com\/wp-content\/uploads\/2023\/03\/sanitizer-test-strips-for-restaurants-detail-1.jpg\" alt=\"bandelettes de test de d\u00e9sinfectant \u00e0 base de quats\" width=\"970\" height=\"600\" srcset=\"https:\/\/www.ph-teststrips.com\/wp-content\/uploads\/2023\/03\/sanitizer-test-strips-for-restaurants-detail-1.jpg 970w, https:\/\/www.ph-teststrips.com\/wp-content\/uploads\/2023\/03\/sanitizer-test-strips-for-restaurants-detail-1-600x371.jpg 600w, https:\/\/www.ph-teststrips.com\/wp-content\/uploads\/2023\/03\/sanitizer-test-strips-for-restaurants-detail-1-300x186.jpg 300w, https:\/\/www.ph-teststrips.com\/wp-content\/uploads\/2023\/03\/sanitizer-test-strips-for-restaurants-detail-1-768x475.jpg 768w\" sizes=\"(max-width: 970px) 100vw, 970px\" \/> <img decoding=\"async\" class=\"alignnone wp-image-640 size-full\" src=\"https:\/\/www.ph-teststrips.com\/wp-content\/uploads\/2023\/03\/strips-for-restaurants-detail-2.jpg\" alt=\"bandelettes de test de d\u00e9sinfectant \u00e0 base de quats\" width=\"970\" height=\"600\" srcset=\"https:\/\/www.ph-teststrips.com\/wp-content\/uploads\/2023\/03\/strips-for-restaurants-detail-2.jpg 970w, https:\/\/www.ph-teststrips.com\/wp-content\/uploads\/2023\/03\/strips-for-restaurants-detail-2-600x371.jpg 600w, https:\/\/www.ph-teststrips.com\/wp-content\/uploads\/2023\/03\/strips-for-restaurants-detail-2-300x186.jpg 300w, https:\/\/www.ph-teststrips.com\/wp-content\/uploads\/2023\/03\/strips-for-restaurants-detail-2-768x475.jpg 768w\" sizes=\"(max-width: 970px) 100vw, 970px\" \/> <img decoding=\"async\" class=\"alignnone wp-image-641 size-full\" src=\"https:\/\/www.ph-teststrips.com\/wp-content\/uploads\/2023\/03\/strips-for-restaurants-detail-3.jpg\" alt=\"bandelettes de test de d\u00e9sinfectant \u00e0 base de quats\" width=\"970\" height=\"600\" srcset=\"https:\/\/www.ph-teststrips.com\/wp-content\/uploads\/2023\/03\/strips-for-restaurants-detail-3.jpg 970w, https:\/\/www.ph-teststrips.com\/wp-content\/uploads\/2023\/03\/strips-for-restaurants-detail-3-600x371.jpg 600w, https:\/\/www.ph-teststrips.com\/wp-content\/uploads\/2023\/03\/strips-for-restaurants-detail-3-300x186.jpg 300w, https:\/\/www.ph-teststrips.com\/wp-content\/uploads\/2023\/03\/strips-for-restaurants-detail-3-768x475.jpg 768w\" sizes=\"(max-width: 970px) 100vw, 970px\" \/> <img loading=\"lazy\" decoding=\"async\" class=\"alignnone wp-image-642 size-full\" src=\"https:\/\/www.ph-teststrips.com\/wp-content\/uploads\/2023\/03\/strips-for-restaurants-detail-4.jpg\" alt=\"bandelettes de test de d\u00e9sinfectant \u00e0 base de quats\" width=\"970\" height=\"600\" srcset=\"https:\/\/www.ph-teststrips.com\/wp-content\/uploads\/2023\/03\/strips-for-restaurants-detail-4.jpg 970w, https:\/\/www.ph-teststrips.com\/wp-content\/uploads\/2023\/03\/strips-for-restaurants-detail-4-600x371.jpg 600w, https:\/\/www.ph-teststrips.com\/wp-content\/uploads\/2023\/03\/strips-for-restaurants-detail-4-300x186.jpg 300w, https:\/\/www.ph-teststrips.com\/wp-content\/uploads\/2023\/03\/strips-for-restaurants-detail-4-768x475.jpg 768w\" sizes=\"(max-width: 970px) 100vw, 970px\" \/> <img loading=\"lazy\" decoding=\"async\" class=\"alignnone wp-image-643 size-full\" src=\"https:\/\/www.ph-teststrips.com\/wp-content\/uploads\/2023\/03\/strips-for-restaurants-detail-5.jpg\" alt=\"bandelettes de test de d\u00e9sinfectant \u00e0 base de quats\" width=\"970\" height=\"600\" srcset=\"https:\/\/www.ph-teststrips.com\/wp-content\/uploads\/2023\/03\/strips-for-restaurants-detail-5.jpg 970w, https:\/\/www.ph-teststrips.com\/wp-content\/uploads\/2023\/03\/strips-for-restaurants-detail-5-600x371.jpg 600w, https:\/\/www.ph-teststrips.com\/wp-content\/uploads\/2023\/03\/strips-for-restaurants-detail-5-300x186.jpg 300w, https:\/\/www.ph-teststrips.com\/wp-content\/uploads\/2023\/03\/strips-for-restaurants-detail-5-768x475.jpg 768w\" sizes=\"(max-width: 970px) 100vw, 970px\" \/><\/p>","protected":false},"excerpt":{"rendered":"<p>Bandelettes de test d\u00e9sinfectantes \u2013 R\u00e9sultats rapides et pr\u00e9cis, usage professionnel <strong>bandelettes de test d\u00e9sinfectantes pour restaurants<\/strong><\/p>\n<p>0-2000 PPM<\/p>\n<p>80 bandelettes de test<\/p>","protected":false},"featured_media":842,"comment_status":"open","ping_status":"closed","template":"","meta":{"_acf_changed":false,"site-sidebar-layout":"default","site-content-layout":"default","ast-site-content-layout":"","site-content-style":"default","site-sidebar-style":"default","ast-global-header-display":"","ast-banner-title-visibility":"","ast-main-header-display":"","ast-hfb-above-header-display":"","ast-hfb-below-header-display":"","ast-hfb-mobile-header-display":"","site-post-title":"","ast-breadcrumbs-content":"","ast-featured-img":"","footer-sml-layout":"","theme-transparent-header-meta":"default","adv-header-id-meta":"","stick-header-meta":"","header-above-stick-meta":"","header-main-stick-meta":"","header-below-stick-meta":"","astra-migrate-meta-layouts":"default","ast-page-background-enabled":"default","ast-page-background-meta":{"desktop":{"background-color":"","background-image":"","background-repeat":"repeat","background-position":"center center","background-size":"auto","background-attachment":"scroll","background-type":"","background-media":"","overlay-type":"","overlay-color":"","overlay-opacity":"","overlay-gradient":""},"tablet":{"background-color":"","background-image":"","background-repeat":"repeat","background-position":"center center","background-size":"auto","background-attachment":"scroll","background-type":"","background-media":"","overlay-type":"","overlay-color":"","overlay-opacity":"","overlay-gradient":""},"mobile":{"background-color":"","background-image":"","background-repeat":"repeat","background-position":"center center","background-size":"auto","background-attachment":"scroll","background-type":"","background-media":"","overlay-type":"","overlay-color":"","overlay-opacity":"","overlay-gradient":""}},"ast-content-background-meta":{"desktop":{"background-color":"var(--ast-global-color-5)","background-image":"","background-repeat":"repeat","background-position":"center center","background-size":"auto","background-attachment":"scroll","background-type":"","background-media":"","overlay-type":"","overlay-color":"","overlay-opacity":"","overlay-gradient":""},"tablet":{"background-color":"var(--ast-global-color-5)","background-image":"","background-repeat":"repeat","background-position":"center center","background-size":"auto","background-attachment":"scroll","background-type":"","background-media":"","overlay-type":"","overlay-color":"","overlay-opacity":"","overlay-gradient":""},"mobile":{"background-color":"var(--ast-global-color-5)","background-image":"","background-repeat":"repeat","background-position":"center center","background-size":"auto","background-attachment":"scroll","background-type":"","background-media":"","overlay-type":"","overlay-color":"","overlay-opacity":"","overlay-gradient":""}}},"product_brand":[],"product_cat":[27],"product_tag":[],"class_list":{"0":"post-631","1":"product","2":"type-product","3":"status-publish","4":"has-post-thumbnail","6":"product_cat-sanitizer-test-strips","7":"desktop-align-left","8":"tablet-align-left","9":"mobile-align-left","11":"first","12":"instock","13":"shipping-taxable","14":"product-type-simple"},"acf":[],"yoast_head":"<!-- This site is optimized with the Yoast SEO plugin v26.2 - https:\/\/yoast.com\/wordpress\/plugins\/seo\/ -->\n<title>sanitizer test strips, sanitizer test strips for restaurants 0-2000 PPM<\/title>\n<meta name=\"robots\" content=\"index, follow, max-snippet:-1, max-image-preview:large, max-video-preview:-1\" \/>\n<link rel=\"canonical\" href=\"https:\/\/www.ph-teststrips.com\/fr\/product\/sanitizer-test-strips-sanitizer-test-strips-for-restaurants-0-2000-ppm\/\" \/>\n<meta property=\"og:locale\" content=\"fr_FR\" \/>\n<meta property=\"og:type\" content=\"article\" \/>\n<meta property=\"og:title\" content=\"sanitizer test strips, sanitizer test strips for restaurants 0-2000 PPM\" \/>\n<meta property=\"og:description\" content=\"Sanitizer test strips - Quick and Accurate Results, Professional sanitizer test strips for restaurants  0-2000 PPM  80 test strips\" \/>\n<meta property=\"og:url\" content=\"https:\/\/www.ph-teststrips.com\/fr\/product\/sanitizer-test-strips-sanitizer-test-strips-for-restaurants-0-2000-ppm\/\" \/>\n<meta property=\"og:site_name\" content=\"PH test strips\" \/>\n<meta property=\"article:modified_time\" content=\"2023-11-25T02:42:12+00:00\" \/>\n<meta property=\"og:image\" content=\"https:\/\/www.ph-teststrips.com\/wp-content\/uploads\/2023\/03\/sanitizer-test-strips-01.jpg\" \/>\n\t<meta property=\"og:image:width\" content=\"800\" \/>\n\t<meta property=\"og:image:height\" content=\"800\" \/>\n\t<meta property=\"og:image:type\" content=\"image\/jpeg\" \/>\n<meta name=\"twitter:card\" content=\"summary_large_image\" \/>\n<meta name=\"twitter:label1\" content=\"Dur\u00e9e de lecture estim\u00e9e\" \/>\n\t<meta name=\"twitter:data1\" content=\"1 minute\" \/>\n<script type=\"application\/ld+json\" class=\"yoast-schema-graph\">{\"@context\":\"https:\/\/schema.org\",\"@graph\":[{\"@type\":\"WebPage\",\"@id\":\"https:\/\/www.ph-teststrips.com\/product\/sanitizer-test-strips-sanitizer-test-strips-for-restaurants-0-2000-ppm\/\",\"url\":\"https:\/\/www.ph-teststrips.com\/product\/sanitizer-test-strips-sanitizer-test-strips-for-restaurants-0-2000-ppm\/\",\"name\":\"sanitizer test strips, sanitizer test strips for restaurants 0-2000 PPM\",\"isPartOf\":{\"@id\":\"https:\/\/www.ph-teststrips.com\/#website\"},\"primaryImageOfPage\":{\"@id\":\"https:\/\/www.ph-teststrips.com\/product\/sanitizer-test-strips-sanitizer-test-strips-for-restaurants-0-2000-ppm\/#primaryimage\"},\"image\":{\"@id\":\"https:\/\/www.ph-teststrips.com\/product\/sanitizer-test-strips-sanitizer-test-strips-for-restaurants-0-2000-ppm\/#primaryimage\"},\"thumbnailUrl\":\"https:\/\/www.ph-teststrips.com\/wp-content\/uploads\/2023\/03\/sanitizer-test-strips-01.jpg\",\"datePublished\":\"2023-03-25T08:43:59+00:00\",\"dateModified\":\"2023-11-25T02:42:12+00:00\",\"breadcrumb\":{\"@id\":\"https:\/\/www.ph-teststrips.com\/product\/sanitizer-test-strips-sanitizer-test-strips-for-restaurants-0-2000-ppm\/#breadcrumb\"},\"inLanguage\":\"fr-FR\",\"potentialAction\":[{\"@type\":\"ReadAction\",\"target\":[\"https:\/\/www.ph-teststrips.com\/product\/sanitizer-test-strips-sanitizer-test-strips-for-restaurants-0-2000-ppm\/\"]}]},{\"@type\":\"ImageObject\",\"inLanguage\":\"fr-FR\",\"@id\":\"https:\/\/www.ph-teststrips.com\/product\/sanitizer-test-strips-sanitizer-test-strips-for-restaurants-0-2000-ppm\/#primaryimage\",\"url\":\"https:\/\/www.ph-teststrips.com\/wp-content\/uploads\/2023\/03\/sanitizer-test-strips-01.jpg\",\"contentUrl\":\"https:\/\/www.ph-teststrips.com\/wp-content\/uploads\/2023\/03\/sanitizer-test-strips-01.jpg\",\"width\":800,\"height\":800,\"caption\":\"sanitizer test strips\"},{\"@type\":\"BreadcrumbList\",\"@id\":\"https:\/\/www.ph-teststrips.com\/product\/sanitizer-test-strips-sanitizer-test-strips-for-restaurants-0-2000-ppm\/#breadcrumb\",\"itemListElement\":[{\"@type\":\"ListItem\",\"position\":1,\"name\":\"Home\",\"item\":\"https:\/\/www.ph-teststrips.com\/\"},{\"@type\":\"ListItem\",\"position\":2,\"name\":\"Shop\",\"item\":\"https:\/\/www.ph-teststrips.com\/shop\/\"},{\"@type\":\"ListItem\",\"position\":3,\"name\":\"sanitizer test strips, sanitizer test strips for restaurants 0-2000 PPM\"}]},{\"@type\":\"WebSite\",\"@id\":\"https:\/\/www.ph-teststrips.com\/#website\",\"url\":\"https:\/\/www.ph-teststrips.com\/\",\"name\":\"PH test strips\",\"description\":\"\",\"publisher\":{\"@id\":\"https:\/\/www.ph-teststrips.com\/#organization\"},\"potentialAction\":[{\"@type\":\"SearchAction\",\"target\":{\"@type\":\"EntryPoint\",\"urlTemplate\":\"https:\/\/www.ph-teststrips.com\/?s={search_term_string}\"},\"query-input\":{\"@type\":\"PropertyValueSpecification\",\"valueRequired\":true,\"valueName\":\"search_term_string\"}}],\"inLanguage\":\"fr-FR\"},{\"@type\":\"Organization\",\"@id\":\"https:\/\/www.ph-teststrips.com\/#organization\",\"name\":\"PH test strips\",\"url\":\"https:\/\/www.ph-teststrips.com\/\",\"logo\":{\"@type\":\"ImageObject\",\"inLanguage\":\"fr-FR\",\"@id\":\"https:\/\/www.ph-teststrips.com\/#\/schema\/logo\/image\/\",\"url\":\"https:\/\/www.ph-teststrips.com\/wp-content\/uploads\/2023\/05\/cropped-swm-logo.png\",\"contentUrl\":\"https:\/\/www.ph-teststrips.com\/wp-content\/uploads\/2023\/05\/cropped-swm-logo.png\",\"width\":840,\"height\":404,\"caption\":\"PH test strips\"},\"image\":{\"@id\":\"https:\/\/www.ph-teststrips.com\/#\/schema\/logo\/image\/\"}}]}<\/script>\n<!-- \/ Yoast SEO plugin. -->","yoast_head_json":{"title":"Bandelettes de test pour d\u00e9sinfectant, bandelettes de test pour d\u00e9sinfectant pour restaurants 0-2000 PPM","robots":{"index":"index","follow":"follow","max-snippet":"max-snippet:-1","max-image-preview":"max-image-preview:large","max-video-preview":"max-video-preview:-1"},"canonical":"https:\/\/www.ph-teststrips.com\/fr\/product\/sanitizer-test-strips-sanitizer-test-strips-for-restaurants-0-2000-ppm\/","og_locale":"fr_FR","og_type":"article","og_title":"sanitizer test strips, sanitizer test strips for restaurants 0-2000 PPM","og_description":"Sanitizer test strips - Quick and Accurate Results, Professional sanitizer test strips for restaurants  0-2000 PPM  80 test strips","og_url":"https:\/\/www.ph-teststrips.com\/fr\/product\/sanitizer-test-strips-sanitizer-test-strips-for-restaurants-0-2000-ppm\/","og_site_name":"PH test strips","article_modified_time":"2023-11-25T02:42:12+00:00","og_image":[{"width":800,"height":800,"url":"https:\/\/www.ph-teststrips.com\/wp-content\/uploads\/2023\/03\/sanitizer-test-strips-01.jpg","type":"image\/jpeg"}],"twitter_card":"summary_large_image","twitter_misc":{"Dur\u00e9e de lecture estim\u00e9e":"1 minute"},"schema":{"@context":"https:\/\/schema.org","@graph":[{"@type":"WebPage","@id":"https:\/\/www.ph-teststrips.com\/product\/sanitizer-test-strips-sanitizer-test-strips-for-restaurants-0-2000-ppm\/","url":"https:\/\/www.ph-teststrips.com\/product\/sanitizer-test-strips-sanitizer-test-strips-for-restaurants-0-2000-ppm\/","name":"Bandelettes de test pour d\u00e9sinfectant, bandelettes de test pour d\u00e9sinfectant pour restaurants 0-2000 PPM","isPartOf":{"@id":"https:\/\/www.ph-teststrips.com\/#website"},"primaryImageOfPage":{"@id":"https:\/\/www.ph-teststrips.com\/product\/sanitizer-test-strips-sanitizer-test-strips-for-restaurants-0-2000-ppm\/#primaryimage"},"image":{"@id":"https:\/\/www.ph-teststrips.com\/product\/sanitizer-test-strips-sanitizer-test-strips-for-restaurants-0-2000-ppm\/#primaryimage"},"thumbnailUrl":"https:\/\/www.ph-teststrips.com\/wp-content\/uploads\/2023\/03\/sanitizer-test-strips-01.jpg","datePublished":"2023-03-25T08:43:59+00:00","dateModified":"2023-11-25T02:42:12+00:00","breadcrumb":{"@id":"https:\/\/www.ph-teststrips.com\/product\/sanitizer-test-strips-sanitizer-test-strips-for-restaurants-0-2000-ppm\/#breadcrumb"},"inLanguage":"fr-FR","potentialAction":[{"@type":"ReadAction","target":["https:\/\/www.ph-teststrips.com\/product\/sanitizer-test-strips-sanitizer-test-strips-for-restaurants-0-2000-ppm\/"]}]},{"@type":"ImageObject","inLanguage":"fr-FR","@id":"https:\/\/www.ph-teststrips.com\/product\/sanitizer-test-strips-sanitizer-test-strips-for-restaurants-0-2000-ppm\/#primaryimage","url":"https:\/\/www.ph-teststrips.com\/wp-content\/uploads\/2023\/03\/sanitizer-test-strips-01.jpg","contentUrl":"https:\/\/www.ph-teststrips.com\/wp-content\/uploads\/2023\/03\/sanitizer-test-strips-01.jpg","width":800,"height":800,"caption":"sanitizer test strips"},{"@type":"BreadcrumbList","@id":"https:\/\/www.ph-teststrips.com\/product\/sanitizer-test-strips-sanitizer-test-strips-for-restaurants-0-2000-ppm\/#breadcrumb","itemListElement":[{"@type":"ListItem","position":1,"name":"Home","item":"https:\/\/www.ph-teststrips.com\/"},{"@type":"ListItem","position":2,"name":"Shop","item":"https:\/\/www.ph-teststrips.com\/shop\/"},{"@type":"ListItem","position":3,"name":"sanitizer test strips, sanitizer test strips for restaurants 0-2000 PPM"}]},{"@type":"WebSite","@id":"https:\/\/www.ph-teststrips.com\/#website","url":"https:\/\/www.ph-teststrips.com\/","name":"Bandelettes de test de pH","description":"","publisher":{"@id":"https:\/\/www.ph-teststrips.com\/#organization"},"potentialAction":[{"@type":"SearchAction","target":{"@type":"EntryPoint","urlTemplate":"https:\/\/www.ph-teststrips.com\/?s={search_term_string}"},"query-input":{"@type":"PropertyValueSpecification","valueRequired":true,"valueName":"search_term_string"}}],"inLanguage":"fr-FR"},{"@type":"Organization","@id":"https:\/\/www.ph-teststrips.com\/#organization","name":"Bandelettes de test de pH","url":"https:\/\/www.ph-teststrips.com\/","logo":{"@type":"ImageObject","inLanguage":"fr-FR","@id":"https:\/\/www.ph-teststrips.com\/#\/schema\/logo\/image\/","url":"https:\/\/www.ph-teststrips.com\/wp-content\/uploads\/2023\/05\/cropped-swm-logo.png","contentUrl":"https:\/\/www.ph-teststrips.com\/wp-content\/uploads\/2023\/05\/cropped-swm-logo.png","width":840,"height":404,"caption":"PH test strips"},"image":{"@id":"https:\/\/www.ph-teststrips.com\/#\/schema\/logo\/image\/"}}]}},"_links":{"self":[{"href":"https:\/\/www.ph-teststrips.com\/fr\/wp-json\/wp\/v2\/product\/631","targetHints":{"allow":["GET"]}}],"collection":[{"href":"https:\/\/www.ph-teststrips.com\/fr\/wp-json\/wp\/v2\/product"}],"about":[{"href":"https:\/\/www.ph-teststrips.com\/fr\/wp-json\/wp\/v2\/types\/product"}],"replies":[{"embeddable":true,"href":"https:\/\/www.ph-teststrips.com\/fr\/wp-json\/wp\/v2\/comments?post=631"}],"wp:featuredmedia":[{"embeddable":true,"href":"https:\/\/www.ph-teststrips.com\/fr\/wp-json\/wp\/v2\/media\/842"}],"wp:attachment":[{"href":"https:\/\/www.ph-teststrips.com\/fr\/wp-json\/wp\/v2\/media?parent=631"}],"wp:term":[{"taxonomy":"product_brand","embeddable":true,"href":"https:\/\/www.ph-teststrips.com\/fr\/wp-json\/wp\/v2\/product_brand?post=631"},{"taxonomy":"product_cat","embeddable":true,"href":"https:\/\/www.ph-teststrips.com\/fr\/wp-json\/wp\/v2\/product_cat?post=631"},{"taxonomy":"product_tag","embeddable":true,"href":"https:\/\/www.ph-teststrips.com\/fr\/wp-json\/wp\/v2\/product_tag?post=631"}],"curies":[{"name":"wp","href":"https:\/\/api.w.org\/{rel}","templated":true}]}}