{"id":1012,"date":"2023-11-28T03:43:59","date_gmt":"2023-11-28T03:43:59","guid":{"rendered":"https:\/\/www.poolteststrip.com\/?post_type=product&#038;p=1012"},"modified":"2023-11-28T13:28:29","modified_gmt":"2023-11-28T13:28:29","slug":"best-home-pool-test-kit-at-home-pool-water-test-kit","status":"publish","type":"product","link":"https:\/\/www.ph-teststrips.com\/fr\/product\/best-home-pool-test-kit-at-home-pool-water-test-kit\/","title":{"rendered":"Meilleur kit de test pour piscine \u00e0 domicile, kit de test d&#039;eau pour piscine \u00e0 domicile"},"content":{"rendered":"<p>Des tests r\u00e9guliers et un entretien ad\u00e9quat de l&#039;eau sont essentiels pour une baignade s\u00fbre et agr\u00e9able. Notre kit de test 2 en 1 pour piscine domestique mesure le chlore libre, le brome et le pH. Kit de test d&#039;eau pour piscine domestique disponible en gros\u00a0!<\/p>\n<p><img fetchpriority=\"high\" decoding=\"async\" class=\"alignnone size-full wp-image-1020\" src=\"https:\/\/www.ph-teststrips.com\/wp-content\/uploads\/2023\/11\/at-home-pool-water-test-kit-detail-1.jpg\" alt=\"kit de test d&#039;eau pour piscine \u00e0 domicile\" width=\"750\" height=\"1148\" srcset=\"https:\/\/www.ph-teststrips.com\/wp-content\/uploads\/2023\/11\/at-home-pool-water-test-kit-detail-1.jpg 750w, https:\/\/www.ph-teststrips.com\/wp-content\/uploads\/2023\/11\/at-home-pool-water-test-kit-detail-1-196x300.jpg 196w, https:\/\/www.ph-teststrips.com\/wp-content\/uploads\/2023\/11\/at-home-pool-water-test-kit-detail-1-669x1024.jpg 669w, https:\/\/www.ph-teststrips.com\/wp-content\/uploads\/2023\/11\/at-home-pool-water-test-kit-detail-1-600x918.jpg 600w\" sizes=\"(max-width: 750px) 100vw, 750px\" \/><\/p>\n<h4>Ce kit de test pour piscine convient \u00e0 de nombreuses applications\u00a0:<\/h4>\n<p>Test de l&#039;eau du robinet<\/p>\n<p>Test de l&#039;eau potable<\/p>\n<p>test de l&#039;eau d&#039;aquarium<\/p>\n<p>Analyse de l&#039;eau de l&#039;\u00e9tang<\/p>\n<p><img decoding=\"async\" class=\"alignnone size-full wp-image-1021\" src=\"https:\/\/www.ph-teststrips.com\/wp-content\/uploads\/2023\/11\/pool-water-test-kit-application.png\" alt=\"application du kit de test d&#039;eau de piscine\" width=\"750\" height=\"834\" srcset=\"https:\/\/www.ph-teststrips.com\/wp-content\/uploads\/2023\/11\/pool-water-test-kit-application.png 750w, https:\/\/www.ph-teststrips.com\/wp-content\/uploads\/2023\/11\/pool-water-test-kit-application-270x300.png 270w, https:\/\/www.ph-teststrips.com\/wp-content\/uploads\/2023\/11\/pool-water-test-kit-application-600x667.png 600w\" sizes=\"(max-width: 750px) 100vw, 750px\" \/><\/p>\n<p><a href=\"https:\/\/www.ph-teststrips.com\/fr\/product-category\/sanitizer-test-strips\/\" target=\"_blank\" rel=\"noopener\">bandes d\u00e9sinfectantes<\/a>, <a href=\"https:\/\/www.ph-teststrips.com\/fr\/product-category\/ph-test-strips\/\" target=\"_blank\" rel=\"noopener\">bandelettes de test de pH<\/a>, <a href=\"https:\/\/www.plastic-crate.co.uk\/product\/plastic-trays-for-food-plastic-food-trays-dinner-trays\/\" target=\"_blank\" rel=\"noopener\">plateaux alimentaires en plastique<\/a><\/p>","protected":false},"excerpt":{"rendered":"<p>Kit de test de sel pour piscine domestique 2 en 1 <strong>chlore\/brome libre<\/strong> et <strong>PH<\/strong><\/p>\n<h4><\/h4>","protected":false},"featured_media":1019,"comment_status":"open","ping_status":"closed","template":"","meta":{"_acf_changed":false,"site-sidebar-layout":"default","site-content-layout":"default","ast-site-content-layout":"","site-content-style":"default","site-sidebar-style":"default","ast-global-header-display":"","ast-banner-title-visibility":"","ast-main-header-display":"","ast-hfb-above-header-display":"","ast-hfb-below-header-display":"","ast-hfb-mobile-header-display":"","site-post-title":"","ast-breadcrumbs-content":"","ast-featured-img":"","footer-sml-layout":"","theme-transparent-header-meta":"default","adv-header-id-meta":"","stick-header-meta":"","header-above-stick-meta":"","header-main-stick-meta":"","header-below-stick-meta":"","astra-migrate-meta-layouts":"default","ast-page-background-enabled":"default","ast-page-background-meta":{"desktop":{"background-color":"","background-image":"","background-repeat":"repeat","background-position":"center center","background-size":"auto","background-attachment":"scroll","background-type":"","background-media":"","overlay-type":"","overlay-color":"","overlay-opacity":"","overlay-gradient":""},"tablet":{"background-color":"","background-image":"","background-repeat":"repeat","background-position":"center center","background-size":"auto","background-attachment":"scroll","background-type":"","background-media":"","overlay-type":"","overlay-color":"","overlay-opacity":"","overlay-gradient":""},"mobile":{"background-color":"","background-image":"","background-repeat":"repeat","background-position":"center center","background-size":"auto","background-attachment":"scroll","background-type":"","background-media":"","overlay-type":"","overlay-color":"","overlay-opacity":"","overlay-gradient":""}},"ast-content-background-meta":{"desktop":{"background-color":"var(--ast-global-color-5)","background-image":"","background-repeat":"repeat","background-position":"center center","background-size":"auto","background-attachment":"scroll","background-type":"","background-media":"","overlay-type":"","overlay-color":"","overlay-opacity":"","overlay-gradient":""},"tablet":{"background-color":"var(--ast-global-color-5)","background-image":"","background-repeat":"repeat","background-position":"center center","background-size":"auto","background-attachment":"scroll","background-type":"","background-media":"","overlay-type":"","overlay-color":"","overlay-opacity":"","overlay-gradient":""},"mobile":{"background-color":"var(--ast-global-color-5)","background-image":"","background-repeat":"repeat","background-position":"center center","background-size":"auto","background-attachment":"scroll","background-type":"","background-media":"","overlay-type":"","overlay-color":"","overlay-opacity":"","overlay-gradient":""}}},"product_brand":[],"product_cat":[24,28],"product_tag":[],"class_list":{"0":"post-1012","1":"product","2":"type-product","3":"status-publish","4":"has-post-thumbnail","6":"product_cat-neutral-labels","7":"product_cat-pool-testing-kit","8":"desktop-align-left","9":"tablet-align-left","10":"mobile-align-left","12":"first","13":"instock","14":"sale","15":"shipping-taxable","16":"purchasable","17":"product-type-simple"},"acf":[],"yoast_head":"<!-- This site is optimized with the Yoast SEO plugin v26.2 - https:\/\/yoast.com\/wordpress\/plugins\/seo\/ -->\n<title>Best home pool test kit, at home pool water test kit supplier<\/title>\n<meta name=\"description\" content=\"Best home pool test kit, at home pool water test kit, home pool water test kit wholesale, test for PH and free chlorine\/bromine\" \/>\n<meta name=\"robots\" content=\"index, follow, max-snippet:-1, max-image-preview:large, max-video-preview:-1\" \/>\n<link rel=\"canonical\" href=\"https:\/\/www.ph-teststrips.com\/fr\/product\/best-home-pool-test-kit-at-home-pool-water-test-kit\/\" \/>\n<meta property=\"og:locale\" content=\"fr_FR\" \/>\n<meta property=\"og:type\" content=\"article\" \/>\n<meta property=\"og:title\" content=\"Best home pool test kit, at home pool water test kit supplier\" \/>\n<meta property=\"og:description\" content=\"Best home pool test kit, at home pool water test kit, home pool water test kit wholesale, test for PH and free chlorine\/bromine\" \/>\n<meta property=\"og:url\" content=\"https:\/\/www.ph-teststrips.com\/fr\/product\/best-home-pool-test-kit-at-home-pool-water-test-kit\/\" \/>\n<meta property=\"og:site_name\" content=\"PH test strips\" \/>\n<meta property=\"article:modified_time\" content=\"2023-11-28T13:28:29+00:00\" \/>\n<meta property=\"og:image\" content=\"https:\/\/www.ph-teststrips.com\/wp-content\/uploads\/2023\/11\/best-home-pool-test-kit-7.jpg\" \/>\n\t<meta property=\"og:image:width\" content=\"800\" \/>\n\t<meta property=\"og:image:height\" content=\"800\" \/>\n\t<meta property=\"og:image:type\" content=\"image\/jpeg\" \/>\n<meta name=\"twitter:card\" content=\"summary_large_image\" \/>\n<meta name=\"twitter:label1\" content=\"Dur\u00e9e de lecture estim\u00e9e\" \/>\n\t<meta name=\"twitter:data1\" content=\"1 minute\" \/>\n<script type=\"application\/ld+json\" class=\"yoast-schema-graph\">{\"@context\":\"https:\/\/schema.org\",\"@graph\":[{\"@type\":\"WebPage\",\"@id\":\"https:\/\/www.ph-teststrips.com\/product\/best-home-pool-test-kit-at-home-pool-water-test-kit\/\",\"url\":\"https:\/\/www.ph-teststrips.com\/product\/best-home-pool-test-kit-at-home-pool-water-test-kit\/\",\"name\":\"Best home pool test kit, at home pool water test kit supplier\",\"isPartOf\":{\"@id\":\"https:\/\/www.ph-teststrips.com\/#website\"},\"primaryImageOfPage\":{\"@id\":\"https:\/\/www.ph-teststrips.com\/product\/best-home-pool-test-kit-at-home-pool-water-test-kit\/#primaryimage\"},\"image\":{\"@id\":\"https:\/\/www.ph-teststrips.com\/product\/best-home-pool-test-kit-at-home-pool-water-test-kit\/#primaryimage\"},\"thumbnailUrl\":\"https:\/\/www.ph-teststrips.com\/wp-content\/uploads\/2023\/11\/best-home-pool-test-kit-7.jpg\",\"datePublished\":\"2023-11-28T03:43:59+00:00\",\"dateModified\":\"2023-11-28T13:28:29+00:00\",\"description\":\"Best home pool test kit, at home pool water test kit, home pool water test kit wholesale, test for PH and free chlorine\/bromine\",\"breadcrumb\":{\"@id\":\"https:\/\/www.ph-teststrips.com\/product\/best-home-pool-test-kit-at-home-pool-water-test-kit\/#breadcrumb\"},\"inLanguage\":\"fr-FR\",\"potentialAction\":[{\"@type\":\"ReadAction\",\"target\":[\"https:\/\/www.ph-teststrips.com\/product\/best-home-pool-test-kit-at-home-pool-water-test-kit\/\"]}]},{\"@type\":\"ImageObject\",\"inLanguage\":\"fr-FR\",\"@id\":\"https:\/\/www.ph-teststrips.com\/product\/best-home-pool-test-kit-at-home-pool-water-test-kit\/#primaryimage\",\"url\":\"https:\/\/www.ph-teststrips.com\/wp-content\/uploads\/2023\/11\/best-home-pool-test-kit-7.jpg\",\"contentUrl\":\"https:\/\/www.ph-teststrips.com\/wp-content\/uploads\/2023\/11\/best-home-pool-test-kit-7.jpg\",\"width\":800,\"height\":800,\"caption\":\"best home pool test kit\"},{\"@type\":\"BreadcrumbList\",\"@id\":\"https:\/\/www.ph-teststrips.com\/product\/best-home-pool-test-kit-at-home-pool-water-test-kit\/#breadcrumb\",\"itemListElement\":[{\"@type\":\"ListItem\",\"position\":1,\"name\":\"Home\",\"item\":\"https:\/\/www.ph-teststrips.com\/\"},{\"@type\":\"ListItem\",\"position\":2,\"name\":\"Shop\",\"item\":\"https:\/\/www.ph-teststrips.com\/shop\/\"},{\"@type\":\"ListItem\",\"position\":3,\"name\":\"Best home pool test kit, at home pool water test kit\"}]},{\"@type\":\"WebSite\",\"@id\":\"https:\/\/www.ph-teststrips.com\/#website\",\"url\":\"https:\/\/www.ph-teststrips.com\/\",\"name\":\"PH test strips\",\"description\":\"\",\"publisher\":{\"@id\":\"https:\/\/www.ph-teststrips.com\/#organization\"},\"potentialAction\":[{\"@type\":\"SearchAction\",\"target\":{\"@type\":\"EntryPoint\",\"urlTemplate\":\"https:\/\/www.ph-teststrips.com\/?s={search_term_string}\"},\"query-input\":{\"@type\":\"PropertyValueSpecification\",\"valueRequired\":true,\"valueName\":\"search_term_string\"}}],\"inLanguage\":\"fr-FR\"},{\"@type\":\"Organization\",\"@id\":\"https:\/\/www.ph-teststrips.com\/#organization\",\"name\":\"PH test strips\",\"url\":\"https:\/\/www.ph-teststrips.com\/\",\"logo\":{\"@type\":\"ImageObject\",\"inLanguage\":\"fr-FR\",\"@id\":\"https:\/\/www.ph-teststrips.com\/#\/schema\/logo\/image\/\",\"url\":\"https:\/\/www.ph-teststrips.com\/wp-content\/uploads\/2023\/05\/cropped-swm-logo.png\",\"contentUrl\":\"https:\/\/www.ph-teststrips.com\/wp-content\/uploads\/2023\/05\/cropped-swm-logo.png\",\"width\":840,\"height\":404,\"caption\":\"PH test strips\"},\"image\":{\"@id\":\"https:\/\/www.ph-teststrips.com\/#\/schema\/logo\/image\/\"}}]}<\/script>\n<!-- \/ Yoast SEO plugin. -->","yoast_head_json":{"title":"Meilleur kit d&#039;analyse d&#039;eau pour piscine \u00e0 domicile, fournisseur de kits d&#039;analyse d&#039;eau pour piscine \u00e0 domicile","description":"Meilleur kit d&#039;analyse d&#039;eau pour piscine \u00e0 domicile, kit d&#039;analyse d&#039;eau pour piscine \u00e0 domicile, kit d&#039;analyse d&#039;eau pour piscine \u00e0 domicile en gros, test du pH et du chlore\/brome libre","robots":{"index":"index","follow":"follow","max-snippet":"max-snippet:-1","max-image-preview":"max-image-preview:large","max-video-preview":"max-video-preview:-1"},"canonical":"https:\/\/www.ph-teststrips.com\/fr\/product\/best-home-pool-test-kit-at-home-pool-water-test-kit\/","og_locale":"fr_FR","og_type":"article","og_title":"Best home pool test kit, at home pool water test kit supplier","og_description":"Best home pool test kit, at home pool water test kit, home pool water test kit wholesale, test for PH and free chlorine\/bromine","og_url":"https:\/\/www.ph-teststrips.com\/fr\/product\/best-home-pool-test-kit-at-home-pool-water-test-kit\/","og_site_name":"PH test strips","article_modified_time":"2023-11-28T13:28:29+00:00","og_image":[{"width":800,"height":800,"url":"https:\/\/www.ph-teststrips.com\/wp-content\/uploads\/2023\/11\/best-home-pool-test-kit-7.jpg","type":"image\/jpeg"}],"twitter_card":"summary_large_image","twitter_misc":{"Dur\u00e9e de lecture estim\u00e9e":"1 minute"},"schema":{"@context":"https:\/\/schema.org","@graph":[{"@type":"WebPage","@id":"https:\/\/www.ph-teststrips.com\/product\/best-home-pool-test-kit-at-home-pool-water-test-kit\/","url":"https:\/\/www.ph-teststrips.com\/product\/best-home-pool-test-kit-at-home-pool-water-test-kit\/","name":"Meilleur kit d&#039;analyse d&#039;eau pour piscine \u00e0 domicile, fournisseur de kits d&#039;analyse d&#039;eau pour piscine \u00e0 domicile","isPartOf":{"@id":"https:\/\/www.ph-teststrips.com\/#website"},"primaryImageOfPage":{"@id":"https:\/\/www.ph-teststrips.com\/product\/best-home-pool-test-kit-at-home-pool-water-test-kit\/#primaryimage"},"image":{"@id":"https:\/\/www.ph-teststrips.com\/product\/best-home-pool-test-kit-at-home-pool-water-test-kit\/#primaryimage"},"thumbnailUrl":"https:\/\/www.ph-teststrips.com\/wp-content\/uploads\/2023\/11\/best-home-pool-test-kit-7.jpg","datePublished":"2023-11-28T03:43:59+00:00","dateModified":"2023-11-28T13:28:29+00:00","description":"Meilleur kit d&#039;analyse d&#039;eau pour piscine \u00e0 domicile, kit d&#039;analyse d&#039;eau pour piscine \u00e0 domicile, kit d&#039;analyse d&#039;eau pour piscine \u00e0 domicile en gros, test du pH et du chlore\/brome libre","breadcrumb":{"@id":"https:\/\/www.ph-teststrips.com\/product\/best-home-pool-test-kit-at-home-pool-water-test-kit\/#breadcrumb"},"inLanguage":"fr-FR","potentialAction":[{"@type":"ReadAction","target":["https:\/\/www.ph-teststrips.com\/product\/best-home-pool-test-kit-at-home-pool-water-test-kit\/"]}]},{"@type":"ImageObject","inLanguage":"fr-FR","@id":"https:\/\/www.ph-teststrips.com\/product\/best-home-pool-test-kit-at-home-pool-water-test-kit\/#primaryimage","url":"https:\/\/www.ph-teststrips.com\/wp-content\/uploads\/2023\/11\/best-home-pool-test-kit-7.jpg","contentUrl":"https:\/\/www.ph-teststrips.com\/wp-content\/uploads\/2023\/11\/best-home-pool-test-kit-7.jpg","width":800,"height":800,"caption":"best home pool test kit"},{"@type":"BreadcrumbList","@id":"https:\/\/www.ph-teststrips.com\/product\/best-home-pool-test-kit-at-home-pool-water-test-kit\/#breadcrumb","itemListElement":[{"@type":"ListItem","position":1,"name":"Home","item":"https:\/\/www.ph-teststrips.com\/"},{"@type":"ListItem","position":2,"name":"Shop","item":"https:\/\/www.ph-teststrips.com\/shop\/"},{"@type":"ListItem","position":3,"name":"Best home pool test kit, at home pool water test kit"}]},{"@type":"WebSite","@id":"https:\/\/www.ph-teststrips.com\/#website","url":"https:\/\/www.ph-teststrips.com\/","name":"Bandelettes de test de pH","description":"","publisher":{"@id":"https:\/\/www.ph-teststrips.com\/#organization"},"potentialAction":[{"@type":"SearchAction","target":{"@type":"EntryPoint","urlTemplate":"https:\/\/www.ph-teststrips.com\/?s={search_term_string}"},"query-input":{"@type":"PropertyValueSpecification","valueRequired":true,"valueName":"search_term_string"}}],"inLanguage":"fr-FR"},{"@type":"Organization","@id":"https:\/\/www.ph-teststrips.com\/#organization","name":"Bandelettes de test de pH","url":"https:\/\/www.ph-teststrips.com\/","logo":{"@type":"ImageObject","inLanguage":"fr-FR","@id":"https:\/\/www.ph-teststrips.com\/#\/schema\/logo\/image\/","url":"https:\/\/www.ph-teststrips.com\/wp-content\/uploads\/2023\/05\/cropped-swm-logo.png","contentUrl":"https:\/\/www.ph-teststrips.com\/wp-content\/uploads\/2023\/05\/cropped-swm-logo.png","width":840,"height":404,"caption":"PH test strips"},"image":{"@id":"https:\/\/www.ph-teststrips.com\/#\/schema\/logo\/image\/"}}]}},"_links":{"self":[{"href":"https:\/\/www.ph-teststrips.com\/fr\/wp-json\/wp\/v2\/product\/1012","targetHints":{"allow":["GET"]}}],"collection":[{"href":"https:\/\/www.ph-teststrips.com\/fr\/wp-json\/wp\/v2\/product"}],"about":[{"href":"https:\/\/www.ph-teststrips.com\/fr\/wp-json\/wp\/v2\/types\/product"}],"replies":[{"embeddable":true,"href":"https:\/\/www.ph-teststrips.com\/fr\/wp-json\/wp\/v2\/comments?post=1012"}],"wp:featuredmedia":[{"embeddable":true,"href":"https:\/\/www.ph-teststrips.com\/fr\/wp-json\/wp\/v2\/media\/1019"}],"wp:attachment":[{"href":"https:\/\/www.ph-teststrips.com\/fr\/wp-json\/wp\/v2\/media?parent=1012"}],"wp:term":[{"taxonomy":"product_brand","embeddable":true,"href":"https:\/\/www.ph-teststrips.com\/fr\/wp-json\/wp\/v2\/product_brand?post=1012"},{"taxonomy":"product_cat","embeddable":true,"href":"https:\/\/www.ph-teststrips.com\/fr\/wp-json\/wp\/v2\/product_cat?post=1012"},{"taxonomy":"product_tag","embeddable":true,"href":"https:\/\/www.ph-teststrips.com\/fr\/wp-json\/wp\/v2\/product_tag?post=1012"}],"curies":[{"name":"wp","href":"https:\/\/api.w.org\/{rel}","templated":true}]}}