{"id":949,"date":"2023-09-11T08:03:57","date_gmt":"2023-09-11T08:03:57","guid":{"rendered":"https:\/\/www.poolteststrip.com\/?post_type=product&#038;p=949"},"modified":"2023-09-11T08:39:17","modified_gmt":"2023-09-11T08:39:17","slug":"free-chlorine-test-strips-green-color-0-10ppm-range","status":"publish","type":"product","link":"https:\/\/www.ph-teststrips.com\/es\/producto\/free-chlorine-test-strips-green-color-0-10ppm-range\/","title":{"rendered":"Tiras reactivas de cloro libre, color verde, rango de 0 a 10 ppm."},"content":{"rendered":"","protected":false},"excerpt":{"rendered":"<p>Placa colorim\u00e9trica de color verde para la tira reactiva.<\/p>\n<p>El cloro libre se refiere a la cantidad de cloro capaz de desinfectar contaminantes. Si se usa correctamente, el cloro libre puede eliminar la mayor\u00eda de los g\u00e9rmenes en pocos minutos. Los CDC recomiendan un pH de 7.2 a 7.8 y una concentraci\u00f3n de cloro libre de <b>al menos 1 ppm<\/b>\u00a0en piscinas y al menos 3 ppm en jacuzzis\/spas.<\/p>\n<p>&nbsp;<\/p>","protected":false},"featured_media":951,"comment_status":"open","ping_status":"closed","template":"","meta":{"_acf_changed":false,"site-sidebar-layout":"default","site-content-layout":"default","ast-site-content-layout":"","site-content-style":"default","site-sidebar-style":"default","ast-global-header-display":"","ast-banner-title-visibility":"","ast-main-header-display":"","ast-hfb-above-header-display":"","ast-hfb-below-header-display":"","ast-hfb-mobile-header-display":"","site-post-title":"","ast-breadcrumbs-content":"","ast-featured-img":"","footer-sml-layout":"","theme-transparent-header-meta":"default","adv-header-id-meta":"","stick-header-meta":"","header-above-stick-meta":"","header-main-stick-meta":"","header-below-stick-meta":"","astra-migrate-meta-layouts":"default","ast-page-background-enabled":"default","ast-page-background-meta":{"desktop":{"background-color":"","background-image":"","background-repeat":"repeat","background-position":"center center","background-size":"auto","background-attachment":"scroll","background-type":"","background-media":"","overlay-type":"","overlay-color":"","overlay-opacity":"","overlay-gradient":""},"tablet":{"background-color":"","background-image":"","background-repeat":"repeat","background-position":"center center","background-size":"auto","background-attachment":"scroll","background-type":"","background-media":"","overlay-type":"","overlay-color":"","overlay-opacity":"","overlay-gradient":""},"mobile":{"background-color":"","background-image":"","background-repeat":"repeat","background-position":"center center","background-size":"auto","background-attachment":"scroll","background-type":"","background-media":"","overlay-type":"","overlay-color":"","overlay-opacity":"","overlay-gradient":""}},"ast-content-background-meta":{"desktop":{"background-color":"var(--ast-global-color-5)","background-image":"","background-repeat":"repeat","background-position":"center center","background-size":"auto","background-attachment":"scroll","background-type":"","background-media":"","overlay-type":"","overlay-color":"","overlay-opacity":"","overlay-gradient":""},"tablet":{"background-color":"var(--ast-global-color-5)","background-image":"","background-repeat":"repeat","background-position":"center center","background-size":"auto","background-attachment":"scroll","background-type":"","background-media":"","overlay-type":"","overlay-color":"","overlay-opacity":"","overlay-gradient":""},"mobile":{"background-color":"var(--ast-global-color-5)","background-image":"","background-repeat":"repeat","background-position":"center center","background-size":"auto","background-attachment":"scroll","background-type":"","background-media":"","overlay-type":"","overlay-color":"","overlay-opacity":"","overlay-gradient":""}}},"product_brand":[],"product_cat":[22,24],"product_tag":[],"class_list":{"0":"post-949","1":"product","2":"type-product","3":"status-publish","4":"has-post-thumbnail","6":"product_cat-free-chlorine-test-strips","7":"product_cat-neutral-labels","8":"desktop-align-left","9":"tablet-align-left","10":"mobile-align-left","12":"first","13":"instock","14":"shipping-taxable","15":"product-type-simple"},"acf":[],"yoast_head":"<!-- This site is optimized with the Yoast SEO plugin v26.2 - https:\/\/yoast.com\/wordpress\/plugins\/seo\/ -->\n<title>Free chlorine test strips green color 0-10ppm Range supplier &amp; manufacturer<\/title>\n<meta name=\"robots\" content=\"index, follow, max-snippet:-1, max-image-preview:large, max-video-preview:-1\" \/>\n<link rel=\"canonical\" href=\"https:\/\/www.ph-teststrips.com\/es\/producto\/free-chlorine-test-strips-green-color-0-10ppm-range\/\" \/>\n<meta property=\"og:locale\" content=\"es_ES\" \/>\n<meta property=\"og:type\" content=\"article\" \/>\n<meta property=\"og:title\" content=\"Free chlorine test strips green color 0-10ppm Range supplier &amp; manufacturer\" \/>\n<meta property=\"og:description\" content=\"Green color colorimetric plate for the test strip.  Free chlorine involves the amount of chlorine that&#039;s able to sanitize contaminants, if used properly, free chlorine can kill most germs within a few minutes. CDC recommends pH 7.2\u20137.8 and a free chlorine concentration of at least 1 ppm\u00a0in pools and at least 3 ppm in hot tubs\/spas.  &nbsp;\" \/>\n<meta property=\"og:url\" content=\"https:\/\/www.ph-teststrips.com\/es\/producto\/free-chlorine-test-strips-green-color-0-10ppm-range\/\" \/>\n<meta property=\"og:site_name\" content=\"PH test strips\" \/>\n<meta property=\"article:modified_time\" content=\"2023-09-11T08:39:17+00:00\" \/>\n<meta property=\"og:image\" content=\"https:\/\/www.ph-teststrips.com\/wp-content\/uploads\/2023\/09\/free-chlorine-test-strips-2.jpg\" \/>\n\t<meta property=\"og:image:width\" content=\"800\" \/>\n\t<meta property=\"og:image:height\" content=\"800\" \/>\n\t<meta property=\"og:image:type\" content=\"image\/jpeg\" \/>\n<meta name=\"twitter:card\" content=\"summary_large_image\" \/>\n<script type=\"application\/ld+json\" class=\"yoast-schema-graph\">{\"@context\":\"https:\/\/schema.org\",\"@graph\":[{\"@type\":\"WebPage\",\"@id\":\"https:\/\/www.ph-teststrips.com\/product\/free-chlorine-test-strips-green-color-0-10ppm-range\/\",\"url\":\"https:\/\/www.ph-teststrips.com\/product\/free-chlorine-test-strips-green-color-0-10ppm-range\/\",\"name\":\"Free chlorine test strips green color 0-10ppm Range supplier & manufacturer\",\"isPartOf\":{\"@id\":\"https:\/\/www.ph-teststrips.com\/#website\"},\"primaryImageOfPage\":{\"@id\":\"https:\/\/www.ph-teststrips.com\/product\/free-chlorine-test-strips-green-color-0-10ppm-range\/#primaryimage\"},\"image\":{\"@id\":\"https:\/\/www.ph-teststrips.com\/product\/free-chlorine-test-strips-green-color-0-10ppm-range\/#primaryimage\"},\"thumbnailUrl\":\"https:\/\/www.ph-teststrips.com\/wp-content\/uploads\/2023\/09\/free-chlorine-test-strips-2.jpg\",\"datePublished\":\"2023-09-11T08:03:57+00:00\",\"dateModified\":\"2023-09-11T08:39:17+00:00\",\"breadcrumb\":{\"@id\":\"https:\/\/www.ph-teststrips.com\/product\/free-chlorine-test-strips-green-color-0-10ppm-range\/#breadcrumb\"},\"inLanguage\":\"es\",\"potentialAction\":[{\"@type\":\"ReadAction\",\"target\":[\"https:\/\/www.ph-teststrips.com\/product\/free-chlorine-test-strips-green-color-0-10ppm-range\/\"]}]},{\"@type\":\"ImageObject\",\"inLanguage\":\"es\",\"@id\":\"https:\/\/www.ph-teststrips.com\/product\/free-chlorine-test-strips-green-color-0-10ppm-range\/#primaryimage\",\"url\":\"https:\/\/www.ph-teststrips.com\/wp-content\/uploads\/2023\/09\/free-chlorine-test-strips-2.jpg\",\"contentUrl\":\"https:\/\/www.ph-teststrips.com\/wp-content\/uploads\/2023\/09\/free-chlorine-test-strips-2.jpg\",\"width\":800,\"height\":800,\"caption\":\"free chlorine test strips\"},{\"@type\":\"BreadcrumbList\",\"@id\":\"https:\/\/www.ph-teststrips.com\/product\/free-chlorine-test-strips-green-color-0-10ppm-range\/#breadcrumb\",\"itemListElement\":[{\"@type\":\"ListItem\",\"position\":1,\"name\":\"Home\",\"item\":\"https:\/\/www.ph-teststrips.com\/\"},{\"@type\":\"ListItem\",\"position\":2,\"name\":\"Shop\",\"item\":\"https:\/\/www.ph-teststrips.com\/shop\/\"},{\"@type\":\"ListItem\",\"position\":3,\"name\":\"Free chlorine test strips green color 0-10ppm Range\"}]},{\"@type\":\"WebSite\",\"@id\":\"https:\/\/www.ph-teststrips.com\/#website\",\"url\":\"https:\/\/www.ph-teststrips.com\/\",\"name\":\"PH test strips\",\"description\":\"\",\"publisher\":{\"@id\":\"https:\/\/www.ph-teststrips.com\/#organization\"},\"potentialAction\":[{\"@type\":\"SearchAction\",\"target\":{\"@type\":\"EntryPoint\",\"urlTemplate\":\"https:\/\/www.ph-teststrips.com\/?s={search_term_string}\"},\"query-input\":{\"@type\":\"PropertyValueSpecification\",\"valueRequired\":true,\"valueName\":\"search_term_string\"}}],\"inLanguage\":\"es\"},{\"@type\":\"Organization\",\"@id\":\"https:\/\/www.ph-teststrips.com\/#organization\",\"name\":\"PH test strips\",\"url\":\"https:\/\/www.ph-teststrips.com\/\",\"logo\":{\"@type\":\"ImageObject\",\"inLanguage\":\"es\",\"@id\":\"https:\/\/www.ph-teststrips.com\/#\/schema\/logo\/image\/\",\"url\":\"https:\/\/www.ph-teststrips.com\/wp-content\/uploads\/2023\/05\/cropped-swm-logo.png\",\"contentUrl\":\"https:\/\/www.ph-teststrips.com\/wp-content\/uploads\/2023\/05\/cropped-swm-logo.png\",\"width\":840,\"height\":404,\"caption\":\"PH test strips\"},\"image\":{\"@id\":\"https:\/\/www.ph-teststrips.com\/#\/schema\/logo\/image\/\"}}]}<\/script>\n<!-- \/ Yoast SEO plugin. -->","yoast_head_json":{"title":"Tiras reactivas de cloro libre, color verde, rango 0-10 ppm. Proveedor y fabricante.","robots":{"index":"index","follow":"follow","max-snippet":"max-snippet:-1","max-image-preview":"max-image-preview:large","max-video-preview":"max-video-preview:-1"},"canonical":"https:\/\/www.ph-teststrips.com\/es\/producto\/free-chlorine-test-strips-green-color-0-10ppm-range\/","og_locale":"es_ES","og_type":"article","og_title":"Free chlorine test strips green color 0-10ppm Range supplier & manufacturer","og_description":"Green color colorimetric plate for the test strip.  Free chlorine involves the amount of chlorine that's able to sanitize contaminants, if used properly, free chlorine can kill most germs within a few minutes. CDC recommends pH 7.2\u20137.8 and a free chlorine concentration of at least 1 ppm\u00a0in pools and at least 3 ppm in hot tubs\/spas.  &nbsp;","og_url":"https:\/\/www.ph-teststrips.com\/es\/producto\/free-chlorine-test-strips-green-color-0-10ppm-range\/","og_site_name":"PH test strips","article_modified_time":"2023-09-11T08:39:17+00:00","og_image":[{"width":800,"height":800,"url":"https:\/\/www.ph-teststrips.com\/wp-content\/uploads\/2023\/09\/free-chlorine-test-strips-2.jpg","type":"image\/jpeg"}],"twitter_card":"summary_large_image","schema":{"@context":"https:\/\/schema.org","@graph":[{"@type":"WebPage","@id":"https:\/\/www.ph-teststrips.com\/product\/free-chlorine-test-strips-green-color-0-10ppm-range\/","url":"https:\/\/www.ph-teststrips.com\/product\/free-chlorine-test-strips-green-color-0-10ppm-range\/","name":"Tiras reactivas de cloro libre, color verde, rango 0-10 ppm. Proveedor y fabricante.","isPartOf":{"@id":"https:\/\/www.ph-teststrips.com\/#website"},"primaryImageOfPage":{"@id":"https:\/\/www.ph-teststrips.com\/product\/free-chlorine-test-strips-green-color-0-10ppm-range\/#primaryimage"},"image":{"@id":"https:\/\/www.ph-teststrips.com\/product\/free-chlorine-test-strips-green-color-0-10ppm-range\/#primaryimage"},"thumbnailUrl":"https:\/\/www.ph-teststrips.com\/wp-content\/uploads\/2023\/09\/free-chlorine-test-strips-2.jpg","datePublished":"2023-09-11T08:03:57+00:00","dateModified":"2023-09-11T08:39:17+00:00","breadcrumb":{"@id":"https:\/\/www.ph-teststrips.com\/product\/free-chlorine-test-strips-green-color-0-10ppm-range\/#breadcrumb"},"inLanguage":"es","potentialAction":[{"@type":"ReadAction","target":["https:\/\/www.ph-teststrips.com\/product\/free-chlorine-test-strips-green-color-0-10ppm-range\/"]}]},{"@type":"ImageObject","inLanguage":"es","@id":"https:\/\/www.ph-teststrips.com\/product\/free-chlorine-test-strips-green-color-0-10ppm-range\/#primaryimage","url":"https:\/\/www.ph-teststrips.com\/wp-content\/uploads\/2023\/09\/free-chlorine-test-strips-2.jpg","contentUrl":"https:\/\/www.ph-teststrips.com\/wp-content\/uploads\/2023\/09\/free-chlorine-test-strips-2.jpg","width":800,"height":800,"caption":"free chlorine test strips"},{"@type":"BreadcrumbList","@id":"https:\/\/www.ph-teststrips.com\/product\/free-chlorine-test-strips-green-color-0-10ppm-range\/#breadcrumb","itemListElement":[{"@type":"ListItem","position":1,"name":"Home","item":"https:\/\/www.ph-teststrips.com\/"},{"@type":"ListItem","position":2,"name":"Shop","item":"https:\/\/www.ph-teststrips.com\/shop\/"},{"@type":"ListItem","position":3,"name":"Free chlorine test strips green color 0-10ppm Range"}]},{"@type":"WebSite","@id":"https:\/\/www.ph-teststrips.com\/#website","url":"https:\/\/www.ph-teststrips.com\/","name":"Tiras reactivas de pH","description":"","publisher":{"@id":"https:\/\/www.ph-teststrips.com\/#organization"},"potentialAction":[{"@type":"SearchAction","target":{"@type":"EntryPoint","urlTemplate":"https:\/\/www.ph-teststrips.com\/?s={search_term_string}"},"query-input":{"@type":"PropertyValueSpecification","valueRequired":true,"valueName":"search_term_string"}}],"inLanguage":"es"},{"@type":"Organization","@id":"https:\/\/www.ph-teststrips.com\/#organization","name":"Tiras reactivas de pH","url":"https:\/\/www.ph-teststrips.com\/","logo":{"@type":"ImageObject","inLanguage":"es","@id":"https:\/\/www.ph-teststrips.com\/#\/schema\/logo\/image\/","url":"https:\/\/www.ph-teststrips.com\/wp-content\/uploads\/2023\/05\/cropped-swm-logo.png","contentUrl":"https:\/\/www.ph-teststrips.com\/wp-content\/uploads\/2023\/05\/cropped-swm-logo.png","width":840,"height":404,"caption":"PH test strips"},"image":{"@id":"https:\/\/www.ph-teststrips.com\/#\/schema\/logo\/image\/"}}]}},"_links":{"self":[{"href":"https:\/\/www.ph-teststrips.com\/es\/wp-json\/wp\/v2\/product\/949","targetHints":{"allow":["GET"]}}],"collection":[{"href":"https:\/\/www.ph-teststrips.com\/es\/wp-json\/wp\/v2\/product"}],"about":[{"href":"https:\/\/www.ph-teststrips.com\/es\/wp-json\/wp\/v2\/types\/product"}],"replies":[{"embeddable":true,"href":"https:\/\/www.ph-teststrips.com\/es\/wp-json\/wp\/v2\/comments?post=949"}],"wp:featuredmedia":[{"embeddable":true,"href":"https:\/\/www.ph-teststrips.com\/es\/wp-json\/wp\/v2\/media\/951"}],"wp:attachment":[{"href":"https:\/\/www.ph-teststrips.com\/es\/wp-json\/wp\/v2\/media?parent=949"}],"wp:term":[{"taxonomy":"product_brand","embeddable":true,"href":"https:\/\/www.ph-teststrips.com\/es\/wp-json\/wp\/v2\/product_brand?post=949"},{"taxonomy":"product_cat","embeddable":true,"href":"https:\/\/www.ph-teststrips.com\/es\/wp-json\/wp\/v2\/product_cat?post=949"},{"taxonomy":"product_tag","embeddable":true,"href":"https:\/\/www.ph-teststrips.com\/es\/wp-json\/wp\/v2\/product_tag?post=949"}],"curies":[{"name":"wp","href":"https:\/\/api.w.org\/{rel}","templated":true}]}}