{"id":692,"date":"2023-04-03T06:07:03","date_gmt":"2023-04-03T06:07:03","guid":{"rendered":"https:\/\/www.poolteststrip.com\/?post_type=product&#038;p=692"},"modified":"2023-11-28T03:23:12","modified_gmt":"2023-11-28T03:23:12","slug":"freshwater-mps-test-strips-what-is-mps-in-water-testing","status":"publish","type":"product","link":"https:\/\/www.ph-teststrips.com\/es\/producto\/freshwater-mps-test-strips-what-is-mps-in-water-testing\/","title":{"rendered":"Tiras reactivas para MPS en agua dulce: \u00bfqu\u00e9 es el MPS en el an\u00e1lisis de agua?"},"content":{"rendered":"<h4><strong>\u00bfQu\u00e9 es el MPS en las pruebas de agua?<\/strong><\/h4>\n<p>Las tiras reactivas para an\u00e1lisis de agua con monopersulfato de potasio (MPS) son herramientas dise\u00f1adas para medir la concentraci\u00f3n de monopersulfato de potasio en el agua. El MPS se usa com\u00fanmente como agente oxidante en el tratamiento del agua de piscinas y spas, y suele encontrarse en tratamientos de choque sin cloro. Analizar el nivel de MPS es fundamental para asegurar que se encuentre dentro del rango recomendado para un tratamiento de agua eficaz.<\/p>\n<h4>Caracter\u00edsticas principales de las tiras reactivas de monopersulfato de potasio para an\u00e1lisis de la calidad del agua:<\/h4>\n<p><strong>Pruebas r\u00e1pidas y sencillas:<\/strong><\/p>\n<p>Estas tiras reactivas ofrecen un m\u00e9todo r\u00e1pido y sencillo para determinar el nivel de monopersulfato de potasio en agua. Las almohadillas que cambian de color en las tiras reaccionan a la presencia de MPS, produciendo resultados visibles en cuesti\u00f3n de minutos.<\/p>\n<p><strong>Indicador de degradado de color:<\/strong><\/p>\n<p>Las tiras reactivas suelen incluir una tabla de colores que permite a los usuarios comparar los cambios de color en la tira para determinar la concentraci\u00f3n de monopersulfato de potasio en el agua. Los diferentes colores representan diferentes concentraciones.<\/p>\n<p><strong>Medidas precisas:<\/strong><\/p>\n<p>Las tiras reactivas est\u00e1n dise\u00f1adas para ofrecer precisi\u00f3n, proporcionando una indicaci\u00f3n fiable del nivel de MPS. Esta precisi\u00f3n es esencial para garantizar la eficacia del tratamiento del agua y la seguridad de la piscina o el spa.<\/p>\n<p><a href=\"https:\/\/www.ph-teststrips.com\/es\/categoria-producto\/sanitizer-test-strips\/\" target=\"_blank\" rel=\"noopener\">tiras reactivas para desinfectante de amonio cuaternario<\/a>, <a href=\"https:\/\/www.ph-teststrips.com\/es\/categoria-producto\/water-hardness-test-strips\/\" target=\"_blank\" rel=\"noopener\">tira reactiva para prueba de dureza del agua<\/a>, <a href=\"https:\/\/www.plastic-crate.co.uk\/product\/plastic-trays-for-food-plastic-food-trays-dinner-trays\/\" target=\"_blank\" rel=\"noopener\">bandeja de pl\u00e1stico para servir<\/a><\/p>","protected":false},"excerpt":{"rendered":"<p>Las tiras reactivas Freshwater MPS le ayudar\u00e1n a mantener un agua de spa brillantemente clara y sin olor mediante la prueba de monopersulfato (MPS).<\/p>\n<p>\u00a1Tiras reactivas para microsulfonato de sodio (MPS) de agua dulce al por mayor directamente de f\u00e1brica china!<\/p>\n<h4><\/h4>","protected":false},"featured_media":1003,"comment_status":"open","ping_status":"closed","template":"","meta":{"_acf_changed":false,"site-sidebar-layout":"default","site-content-layout":"default","ast-site-content-layout":"","site-content-style":"default","site-sidebar-style":"default","ast-global-header-display":"","ast-banner-title-visibility":"","ast-main-header-display":"","ast-hfb-above-header-display":"","ast-hfb-below-header-display":"","ast-hfb-mobile-header-display":"","site-post-title":"","ast-breadcrumbs-content":"","ast-featured-img":"","footer-sml-layout":"","theme-transparent-header-meta":"default","adv-header-id-meta":"","stick-header-meta":"","header-above-stick-meta":"","header-main-stick-meta":"","header-below-stick-meta":"","astra-migrate-meta-layouts":"default","ast-page-background-enabled":"default","ast-page-background-meta":{"desktop":{"background-color":"","background-image":"","background-repeat":"repeat","background-position":"center center","background-size":"auto","background-attachment":"scroll","background-type":"","background-media":"","overlay-type":"","overlay-color":"","overlay-opacity":"","overlay-gradient":""},"tablet":{"background-color":"","background-image":"","background-repeat":"repeat","background-position":"center center","background-size":"auto","background-attachment":"scroll","background-type":"","background-media":"","overlay-type":"","overlay-color":"","overlay-opacity":"","overlay-gradient":""},"mobile":{"background-color":"","background-image":"","background-repeat":"repeat","background-position":"center center","background-size":"auto","background-attachment":"scroll","background-type":"","background-media":"","overlay-type":"","overlay-color":"","overlay-opacity":"","overlay-gradient":""}},"ast-content-background-meta":{"desktop":{"background-color":"var(--ast-global-color-5)","background-image":"","background-repeat":"repeat","background-position":"center center","background-size":"auto","background-attachment":"scroll","background-type":"","background-media":"","overlay-type":"","overlay-color":"","overlay-opacity":"","overlay-gradient":""},"tablet":{"background-color":"var(--ast-global-color-5)","background-image":"","background-repeat":"repeat","background-position":"center center","background-size":"auto","background-attachment":"scroll","background-type":"","background-media":"","overlay-type":"","overlay-color":"","overlay-opacity":"","overlay-gradient":""},"mobile":{"background-color":"var(--ast-global-color-5)","background-image":"","background-repeat":"repeat","background-position":"center center","background-size":"auto","background-attachment":"scroll","background-type":"","background-media":"","overlay-type":"","overlay-color":"","overlay-opacity":"","overlay-gradient":""}}},"product_brand":[],"product_cat":[24],"product_tag":[],"class_list":{"0":"post-692","1":"product","2":"type-product","3":"status-publish","4":"has-post-thumbnail","6":"product_cat-neutral-labels","7":"desktop-align-left","8":"tablet-align-left","9":"mobile-align-left","11":"first","12":"instock","13":"sale","14":"shipping-taxable","15":"purchasable","16":"product-type-simple"},"acf":[],"yoast_head":"<!-- This site is optimized with the Yoast SEO plugin v26.2 - https:\/\/yoast.com\/wordpress\/plugins\/seo\/ -->\n<title>Freshwater mps test strips, what is mps in water testing<\/title>\n<meta name=\"description\" content=\"Freshwater mps test strips, Potassium monopersulfate (MPS) water quality test strips are tools designed to measure the concentration of potassium monopersulfate in water.\" \/>\n<meta name=\"robots\" content=\"index, follow, max-snippet:-1, max-image-preview:large, max-video-preview:-1\" \/>\n<link rel=\"canonical\" href=\"https:\/\/www.ph-teststrips.com\/es\/producto\/freshwater-mps-test-strips-what-is-mps-in-water-testing\/\" \/>\n<meta property=\"og:locale\" content=\"es_ES\" \/>\n<meta property=\"og:type\" content=\"article\" \/>\n<meta property=\"og:title\" content=\"Freshwater mps test strips, what is mps in water testing\" \/>\n<meta property=\"og:description\" content=\"Freshwater mps test strips, Potassium monopersulfate (MPS) water quality test strips are tools designed to measure the concentration of potassium monopersulfate in water.\" \/>\n<meta property=\"og:url\" content=\"https:\/\/www.ph-teststrips.com\/es\/producto\/freshwater-mps-test-strips-what-is-mps-in-water-testing\/\" \/>\n<meta property=\"og:site_name\" content=\"PH test strips\" \/>\n<meta property=\"article:modified_time\" content=\"2023-11-28T03:23:12+00:00\" \/>\n<meta property=\"og:image\" content=\"https:\/\/www.ph-teststrips.com\/wp-content\/uploads\/2023\/04\/freshwater-mps-test-strips-2.jpg\" \/>\n\t<meta property=\"og:image:width\" content=\"800\" \/>\n\t<meta property=\"og:image:height\" content=\"800\" \/>\n\t<meta property=\"og:image:type\" content=\"image\/jpeg\" \/>\n<meta name=\"twitter:card\" content=\"summary_large_image\" \/>\n<meta name=\"twitter:label1\" content=\"Tiempo de lectura\" \/>\n\t<meta name=\"twitter:data1\" content=\"1 minuto\" \/>\n<script type=\"application\/ld+json\" class=\"yoast-schema-graph\">{\"@context\":\"https:\/\/schema.org\",\"@graph\":[{\"@type\":\"WebPage\",\"@id\":\"https:\/\/www.ph-teststrips.com\/product\/freshwater-mps-test-strips-what-is-mps-in-water-testing\/\",\"url\":\"https:\/\/www.ph-teststrips.com\/product\/freshwater-mps-test-strips-what-is-mps-in-water-testing\/\",\"name\":\"Freshwater mps test strips, what is mps in water testing\",\"isPartOf\":{\"@id\":\"https:\/\/www.ph-teststrips.com\/#website\"},\"primaryImageOfPage\":{\"@id\":\"https:\/\/www.ph-teststrips.com\/product\/freshwater-mps-test-strips-what-is-mps-in-water-testing\/#primaryimage\"},\"image\":{\"@id\":\"https:\/\/www.ph-teststrips.com\/product\/freshwater-mps-test-strips-what-is-mps-in-water-testing\/#primaryimage\"},\"thumbnailUrl\":\"https:\/\/www.ph-teststrips.com\/wp-content\/uploads\/2023\/04\/freshwater-mps-test-strips-2.jpg\",\"datePublished\":\"2023-04-03T06:07:03+00:00\",\"dateModified\":\"2023-11-28T03:23:12+00:00\",\"description\":\"Freshwater mps test strips, Potassium monopersulfate (MPS) water quality test strips are tools designed to measure the concentration of potassium monopersulfate in water.\",\"breadcrumb\":{\"@id\":\"https:\/\/www.ph-teststrips.com\/product\/freshwater-mps-test-strips-what-is-mps-in-water-testing\/#breadcrumb\"},\"inLanguage\":\"es\",\"potentialAction\":[{\"@type\":\"ReadAction\",\"target\":[\"https:\/\/www.ph-teststrips.com\/product\/freshwater-mps-test-strips-what-is-mps-in-water-testing\/\"]}]},{\"@type\":\"ImageObject\",\"inLanguage\":\"es\",\"@id\":\"https:\/\/www.ph-teststrips.com\/product\/freshwater-mps-test-strips-what-is-mps-in-water-testing\/#primaryimage\",\"url\":\"https:\/\/www.ph-teststrips.com\/wp-content\/uploads\/2023\/04\/freshwater-mps-test-strips-2.jpg\",\"contentUrl\":\"https:\/\/www.ph-teststrips.com\/wp-content\/uploads\/2023\/04\/freshwater-mps-test-strips-2.jpg\",\"width\":800,\"height\":800,\"caption\":\"freshwater mps test strips\"},{\"@type\":\"BreadcrumbList\",\"@id\":\"https:\/\/www.ph-teststrips.com\/product\/freshwater-mps-test-strips-what-is-mps-in-water-testing\/#breadcrumb\",\"itemListElement\":[{\"@type\":\"ListItem\",\"position\":1,\"name\":\"Home\",\"item\":\"https:\/\/www.ph-teststrips.com\/\"},{\"@type\":\"ListItem\",\"position\":2,\"name\":\"Shop\",\"item\":\"https:\/\/www.ph-teststrips.com\/shop\/\"},{\"@type\":\"ListItem\",\"position\":3,\"name\":\"Freshwater mps test strips, what is mps in water testing\"}]},{\"@type\":\"WebSite\",\"@id\":\"https:\/\/www.ph-teststrips.com\/#website\",\"url\":\"https:\/\/www.ph-teststrips.com\/\",\"name\":\"PH test strips\",\"description\":\"\",\"publisher\":{\"@id\":\"https:\/\/www.ph-teststrips.com\/#organization\"},\"potentialAction\":[{\"@type\":\"SearchAction\",\"target\":{\"@type\":\"EntryPoint\",\"urlTemplate\":\"https:\/\/www.ph-teststrips.com\/?s={search_term_string}\"},\"query-input\":{\"@type\":\"PropertyValueSpecification\",\"valueRequired\":true,\"valueName\":\"search_term_string\"}}],\"inLanguage\":\"es\"},{\"@type\":\"Organization\",\"@id\":\"https:\/\/www.ph-teststrips.com\/#organization\",\"name\":\"PH test strips\",\"url\":\"https:\/\/www.ph-teststrips.com\/\",\"logo\":{\"@type\":\"ImageObject\",\"inLanguage\":\"es\",\"@id\":\"https:\/\/www.ph-teststrips.com\/#\/schema\/logo\/image\/\",\"url\":\"https:\/\/www.ph-teststrips.com\/wp-content\/uploads\/2023\/05\/cropped-swm-logo.png\",\"contentUrl\":\"https:\/\/www.ph-teststrips.com\/wp-content\/uploads\/2023\/05\/cropped-swm-logo.png\",\"width\":840,\"height\":404,\"caption\":\"PH test strips\"},\"image\":{\"@id\":\"https:\/\/www.ph-teststrips.com\/#\/schema\/logo\/image\/\"}}]}<\/script>\n<!-- \/ Yoast SEO plugin. -->","yoast_head_json":{"title":"Tiras reactivas para MPS en agua dulce: \u00bfqu\u00e9 es el MPS en el an\u00e1lisis de agua?","description":"Las tiras reactivas para agua dulce MPS, tambi\u00e9n conocidas como tiras reactivas para la prueba de calidad del agua con monopersulfato de potasio (MPS), son herramientas dise\u00f1adas para medir la concentraci\u00f3n de monopersulfato de potasio en el agua.","robots":{"index":"index","follow":"follow","max-snippet":"max-snippet:-1","max-image-preview":"max-image-preview:large","max-video-preview":"max-video-preview:-1"},"canonical":"https:\/\/www.ph-teststrips.com\/es\/producto\/freshwater-mps-test-strips-what-is-mps-in-water-testing\/","og_locale":"es_ES","og_type":"article","og_title":"Freshwater mps test strips, what is mps in water testing","og_description":"Freshwater mps test strips, Potassium monopersulfate (MPS) water quality test strips are tools designed to measure the concentration of potassium monopersulfate in water.","og_url":"https:\/\/www.ph-teststrips.com\/es\/producto\/freshwater-mps-test-strips-what-is-mps-in-water-testing\/","og_site_name":"PH test strips","article_modified_time":"2023-11-28T03:23:12+00:00","og_image":[{"width":800,"height":800,"url":"https:\/\/www.ph-teststrips.com\/wp-content\/uploads\/2023\/04\/freshwater-mps-test-strips-2.jpg","type":"image\/jpeg"}],"twitter_card":"summary_large_image","twitter_misc":{"Tiempo de lectura":"1 minuto"},"schema":{"@context":"https:\/\/schema.org","@graph":[{"@type":"WebPage","@id":"https:\/\/www.ph-teststrips.com\/product\/freshwater-mps-test-strips-what-is-mps-in-water-testing\/","url":"https:\/\/www.ph-teststrips.com\/product\/freshwater-mps-test-strips-what-is-mps-in-water-testing\/","name":"Tiras reactivas para MPS en agua dulce: \u00bfqu\u00e9 es el MPS en el an\u00e1lisis de agua?","isPartOf":{"@id":"https:\/\/www.ph-teststrips.com\/#website"},"primaryImageOfPage":{"@id":"https:\/\/www.ph-teststrips.com\/product\/freshwater-mps-test-strips-what-is-mps-in-water-testing\/#primaryimage"},"image":{"@id":"https:\/\/www.ph-teststrips.com\/product\/freshwater-mps-test-strips-what-is-mps-in-water-testing\/#primaryimage"},"thumbnailUrl":"https:\/\/www.ph-teststrips.com\/wp-content\/uploads\/2023\/04\/freshwater-mps-test-strips-2.jpg","datePublished":"2023-04-03T06:07:03+00:00","dateModified":"2023-11-28T03:23:12+00:00","description":"Las tiras reactivas para agua dulce MPS, tambi\u00e9n conocidas como tiras reactivas para la prueba de calidad del agua con monopersulfato de potasio (MPS), son herramientas dise\u00f1adas para medir la concentraci\u00f3n de monopersulfato de potasio en el agua.","breadcrumb":{"@id":"https:\/\/www.ph-teststrips.com\/product\/freshwater-mps-test-strips-what-is-mps-in-water-testing\/#breadcrumb"},"inLanguage":"es","potentialAction":[{"@type":"ReadAction","target":["https:\/\/www.ph-teststrips.com\/product\/freshwater-mps-test-strips-what-is-mps-in-water-testing\/"]}]},{"@type":"ImageObject","inLanguage":"es","@id":"https:\/\/www.ph-teststrips.com\/product\/freshwater-mps-test-strips-what-is-mps-in-water-testing\/#primaryimage","url":"https:\/\/www.ph-teststrips.com\/wp-content\/uploads\/2023\/04\/freshwater-mps-test-strips-2.jpg","contentUrl":"https:\/\/www.ph-teststrips.com\/wp-content\/uploads\/2023\/04\/freshwater-mps-test-strips-2.jpg","width":800,"height":800,"caption":"freshwater mps test strips"},{"@type":"BreadcrumbList","@id":"https:\/\/www.ph-teststrips.com\/product\/freshwater-mps-test-strips-what-is-mps-in-water-testing\/#breadcrumb","itemListElement":[{"@type":"ListItem","position":1,"name":"Home","item":"https:\/\/www.ph-teststrips.com\/"},{"@type":"ListItem","position":2,"name":"Shop","item":"https:\/\/www.ph-teststrips.com\/shop\/"},{"@type":"ListItem","position":3,"name":"Freshwater mps test strips, what is mps in water testing"}]},{"@type":"WebSite","@id":"https:\/\/www.ph-teststrips.com\/#website","url":"https:\/\/www.ph-teststrips.com\/","name":"Tiras reactivas de pH","description":"","publisher":{"@id":"https:\/\/www.ph-teststrips.com\/#organization"},"potentialAction":[{"@type":"SearchAction","target":{"@type":"EntryPoint","urlTemplate":"https:\/\/www.ph-teststrips.com\/?s={search_term_string}"},"query-input":{"@type":"PropertyValueSpecification","valueRequired":true,"valueName":"search_term_string"}}],"inLanguage":"es"},{"@type":"Organization","@id":"https:\/\/www.ph-teststrips.com\/#organization","name":"Tiras reactivas de pH","url":"https:\/\/www.ph-teststrips.com\/","logo":{"@type":"ImageObject","inLanguage":"es","@id":"https:\/\/www.ph-teststrips.com\/#\/schema\/logo\/image\/","url":"https:\/\/www.ph-teststrips.com\/wp-content\/uploads\/2023\/05\/cropped-swm-logo.png","contentUrl":"https:\/\/www.ph-teststrips.com\/wp-content\/uploads\/2023\/05\/cropped-swm-logo.png","width":840,"height":404,"caption":"PH test strips"},"image":{"@id":"https:\/\/www.ph-teststrips.com\/#\/schema\/logo\/image\/"}}]}},"_links":{"self":[{"href":"https:\/\/www.ph-teststrips.com\/es\/wp-json\/wp\/v2\/product\/692","targetHints":{"allow":["GET"]}}],"collection":[{"href":"https:\/\/www.ph-teststrips.com\/es\/wp-json\/wp\/v2\/product"}],"about":[{"href":"https:\/\/www.ph-teststrips.com\/es\/wp-json\/wp\/v2\/types\/product"}],"replies":[{"embeddable":true,"href":"https:\/\/www.ph-teststrips.com\/es\/wp-json\/wp\/v2\/comments?post=692"}],"wp:featuredmedia":[{"embeddable":true,"href":"https:\/\/www.ph-teststrips.com\/es\/wp-json\/wp\/v2\/media\/1003"}],"wp:attachment":[{"href":"https:\/\/www.ph-teststrips.com\/es\/wp-json\/wp\/v2\/media?parent=692"}],"wp:term":[{"taxonomy":"product_brand","embeddable":true,"href":"https:\/\/www.ph-teststrips.com\/es\/wp-json\/wp\/v2\/product_brand?post=692"},{"taxonomy":"product_cat","embeddable":true,"href":"https:\/\/www.ph-teststrips.com\/es\/wp-json\/wp\/v2\/product_cat?post=692"},{"taxonomy":"product_tag","embeddable":true,"href":"https:\/\/www.ph-teststrips.com\/es\/wp-json\/wp\/v2\/product_tag?post=692"}],"curies":[{"name":"wp","href":"https:\/\/api.w.org\/{rel}","templated":true}]}}