{"id":644,"date":"2023-03-27T05:47:40","date_gmt":"2023-03-27T05:47:40","guid":{"rendered":"https:\/\/www.poolteststrip.com\/?post_type=product&#038;p=644"},"modified":"2023-12-15T01:14:16","modified_gmt":"2023-12-15T01:14:16","slug":"best-swimming-pool-test-strips-4-in-1","status":"publish","type":"product","link":"https:\/\/www.ph-teststrips.com\/es\/producto\/best-swimming-pool-test-strips-4-in-1\/","title":{"rendered":"Las mejores tiras reactivas para piscinas 4 en 1, tiras de prueba de nivel de pH"},"content":{"rendered":"<p><img fetchpriority=\"high\" decoding=\"async\" class=\"alignnone size-full wp-image-656\" src=\"https:\/\/www.ph-teststrips.com\/wp-content\/uploads\/2023\/03\/best-swimming-pool-test-strips-detail-05.jpg\" alt=\"Detalles de las mejores tiras reactivas para piscinas\" width=\"970\" height=\"600\" srcset=\"https:\/\/www.ph-teststrips.com\/wp-content\/uploads\/2023\/03\/best-swimming-pool-test-strips-detail-05.jpg 970w, https:\/\/www.ph-teststrips.com\/wp-content\/uploads\/2023\/03\/best-swimming-pool-test-strips-detail-05-600x371.jpg 600w, https:\/\/www.ph-teststrips.com\/wp-content\/uploads\/2023\/03\/best-swimming-pool-test-strips-detail-05-300x186.jpg 300w, https:\/\/www.ph-teststrips.com\/wp-content\/uploads\/2023\/03\/best-swimming-pool-test-strips-detail-05-768x475.jpg 768w\" sizes=\"(max-width: 970px) 100vw, 970px\" \/> \u00a0<img decoding=\"async\" class=\"alignnone size-full wp-image-654\" src=\"https:\/\/www.ph-teststrips.com\/wp-content\/uploads\/2023\/03\/best-swimming-pool-test-strips-detail-03.jpg\" alt=\"Detalles de las mejores tiras reactivas para piscinas\" width=\"970\" height=\"600\" srcset=\"https:\/\/www.ph-teststrips.com\/wp-content\/uploads\/2023\/03\/best-swimming-pool-test-strips-detail-03.jpg 970w, https:\/\/www.ph-teststrips.com\/wp-content\/uploads\/2023\/03\/best-swimming-pool-test-strips-detail-03-600x371.jpg 600w, https:\/\/www.ph-teststrips.com\/wp-content\/uploads\/2023\/03\/best-swimming-pool-test-strips-detail-03-300x186.jpg 300w, https:\/\/www.ph-teststrips.com\/wp-content\/uploads\/2023\/03\/best-swimming-pool-test-strips-detail-03-768x475.jpg 768w\" sizes=\"(max-width: 970px) 100vw, 970px\" \/> <img decoding=\"async\" class=\"alignnone size-full wp-image-653\" src=\"https:\/\/www.ph-teststrips.com\/wp-content\/uploads\/2023\/03\/best-swimming-pool-test-strips-detail-02.jpg\" alt=\"Detalles de las mejores tiras reactivas para piscinas\" width=\"970\" height=\"600\" srcset=\"https:\/\/www.ph-teststrips.com\/wp-content\/uploads\/2023\/03\/best-swimming-pool-test-strips-detail-02.jpg 970w, https:\/\/www.ph-teststrips.com\/wp-content\/uploads\/2023\/03\/best-swimming-pool-test-strips-detail-02-600x371.jpg 600w, https:\/\/www.ph-teststrips.com\/wp-content\/uploads\/2023\/03\/best-swimming-pool-test-strips-detail-02-300x186.jpg 300w, https:\/\/www.ph-teststrips.com\/wp-content\/uploads\/2023\/03\/best-swimming-pool-test-strips-detail-02-768x475.jpg 768w\" sizes=\"(max-width: 970px) 100vw, 970px\" \/> <img loading=\"lazy\" decoding=\"async\" class=\"alignnone size-full wp-image-652\" src=\"https:\/\/www.ph-teststrips.com\/wp-content\/uploads\/2023\/03\/best-swimming-pool-test-strips-detail-01.jpg\" alt=\"Detalles de las mejores tiras reactivas para piscinas\" width=\"970\" height=\"600\" srcset=\"https:\/\/www.ph-teststrips.com\/wp-content\/uploads\/2023\/03\/best-swimming-pool-test-strips-detail-01.jpg 970w, https:\/\/www.ph-teststrips.com\/wp-content\/uploads\/2023\/03\/best-swimming-pool-test-strips-detail-01-600x371.jpg 600w, https:\/\/www.ph-teststrips.com\/wp-content\/uploads\/2023\/03\/best-swimming-pool-test-strips-detail-01-300x186.jpg 300w, https:\/\/www.ph-teststrips.com\/wp-content\/uploads\/2023\/03\/best-swimming-pool-test-strips-detail-01-768x475.jpg 768w\" sizes=\"(max-width: 970px) 100vw, 970px\" \/><\/p>\n<p>Para usar las tiras reactivas de pH, se sumerge una peque\u00f1a porci\u00f3n de la tira en la soluci\u00f3n que se va a analizar. Se observa el cambio de color en la tira y se compara con la tabla de colores inmediatamente o dentro de un plazo de tiempo determinado.<\/p>\n<p>&nbsp;<\/p>\n<p><a href=\"https:\/\/www.ph-teststrips.com\/es\/categoria-producto\/test-strips-for-water-hardness\/\" target=\"_blank\" rel=\"noopener\">tiras de prueba de agua dura<\/a>, <a href=\"https:\/\/www.ahotech.com\/custom-battery-packs\/\" target=\"_blank\" rel=\"noopener\">paquetes de bater\u00edas de iones de litio<\/a><\/p>","protected":false},"excerpt":{"rendered":"<p id=\"title\"><span id=\"productTitle\">Las mejores tiras reactivas para piscinas son ideales para piscinas, spas, jacuzzis y ba\u00f1eras de hidromasaje: prueba f\u00e1cil y precisa de cloro libre, bromo, alcalinidad total y pH.<\/span><\/p>\n<p>Las tiras reactivas de pH, tambi\u00e9n conocidas como tiras de prueba de pH o tiras indicadoras de pH, son herramientas sencillas y pr\u00e1cticas que se utilizan para medir la acidez o alcalinidad de una soluci\u00f3n. Estas tiras se emplean ampliamente en diversos campos, como la qu\u00edmica, la biolog\u00eda, la agricultura y las ciencias ambientales.<\/p>\n<p>Nuestro <span id=\"productTitle\">tiras reactivas para piscinas <\/span>El 4 en 1 est\u00e1 dise\u00f1ado para clientes que usan cloro en su piscina o spa: el producto ideal para analizar los par\u00e1metros m\u00e1s importantes de su piscina.<\/p>\n<p>El cloro 4 en 1 es una excelente opci\u00f3n para quienes se inician en las pruebas de piscinas.<\/p>","protected":false},"featured_media":648,"comment_status":"open","ping_status":"closed","template":"","meta":{"_acf_changed":false,"site-sidebar-layout":"default","site-content-layout":"default","ast-site-content-layout":"default","site-content-style":"default","site-sidebar-style":"default","ast-global-header-display":"","ast-banner-title-visibility":"","ast-main-header-display":"","ast-hfb-above-header-display":"","ast-hfb-below-header-display":"","ast-hfb-mobile-header-display":"","site-post-title":"","ast-breadcrumbs-content":"","ast-featured-img":"","footer-sml-layout":"","theme-transparent-header-meta":"default","adv-header-id-meta":"","stick-header-meta":"","header-above-stick-meta":"","header-main-stick-meta":"","header-below-stick-meta":"","astra-migrate-meta-layouts":"set","ast-page-background-enabled":"default","ast-page-background-meta":{"desktop":{"background-color":"","background-image":"","background-repeat":"repeat","background-position":"center center","background-size":"auto","background-attachment":"scroll","background-type":"","background-media":"","overlay-type":"","overlay-color":"","overlay-opacity":"","overlay-gradient":""},"tablet":{"background-color":"","background-image":"","background-repeat":"repeat","background-position":"center center","background-size":"auto","background-attachment":"scroll","background-type":"","background-media":"","overlay-type":"","overlay-color":"","overlay-opacity":"","overlay-gradient":""},"mobile":{"background-color":"","background-image":"","background-repeat":"repeat","background-position":"center center","background-size":"auto","background-attachment":"scroll","background-type":"","background-media":"","overlay-type":"","overlay-color":"","overlay-opacity":"","overlay-gradient":""}},"ast-content-background-meta":{"desktop":{"background-color":"var(--ast-global-color-5)","background-image":"","background-repeat":"repeat","background-position":"center center","background-size":"auto","background-attachment":"scroll","background-type":"","background-media":"","overlay-type":"","overlay-color":"","overlay-opacity":"","overlay-gradient":""},"tablet":{"background-color":"var(--ast-global-color-5)","background-image":"","background-repeat":"repeat","background-position":"center center","background-size":"auto","background-attachment":"scroll","background-type":"","background-media":"","overlay-type":"","overlay-color":"","overlay-opacity":"","overlay-gradient":""},"mobile":{"background-color":"var(--ast-global-color-5)","background-image":"","background-repeat":"repeat","background-position":"center center","background-size":"auto","background-attachment":"scroll","background-type":"","background-media":"","overlay-type":"","overlay-color":"","overlay-opacity":"","overlay-gradient":""}}},"product_brand":[],"product_cat":[25,23],"product_tag":[30],"class_list":{"0":"post-644","1":"product","2":"type-product","3":"status-publish","4":"has-post-thumbnail","6":"product_cat-ph-strip-tester","7":"product_cat-salt-water-test-strips","8":"product_tag-chlorine-test-strips","9":"desktop-align-left","10":"tablet-align-left","11":"mobile-align-left","13":"first","14":"instock","15":"shipping-taxable","16":"product-type-simple"},"acf":[],"yoast_head":"<!-- This site is optimized with the Yoast SEO plugin v26.2 - https:\/\/yoast.com\/wordpress\/plugins\/seo\/ -->\n<title>Best swimming pool test strips 4 in 1, ph level strips test<\/title>\n<meta name=\"robots\" content=\"index, follow, max-snippet:-1, max-image-preview:large, max-video-preview:-1\" \/>\n<link rel=\"canonical\" href=\"https:\/\/www.ph-teststrips.com\/es\/producto\/best-swimming-pool-test-strips-4-in-1\/\" \/>\n<meta property=\"og:locale\" content=\"es_ES\" \/>\n<meta property=\"og:type\" content=\"article\" \/>\n<meta property=\"og:title\" content=\"Best swimming pool test strips 4 in 1, ph level strips test\" \/>\n<meta property=\"og:description\" content=\"Best swimming pool test strips are deal for Swimming Pools, Spa, Hot Tub, Jacuzzi \u2013 Easy and Accurate Test for Free Chlorine, Bromine, Total Alkalinity and pH. pH level strips, also known as pH test strips or pH indicator strips, are simple and convenient tools used to measure the acidity or alkalinity of a solution. These strips are widely employed in various fields, including chemistry, biology, agriculture, and environmental science.  Our pool test strips 4-in-1 is designed for customers who use chlorine in their pool or spa: the go-to product for testing the most critical parameters in your pool.  Chlorine 4-in-1 is a great choice when getting started with pool testing\" \/>\n<meta property=\"og:url\" content=\"https:\/\/www.ph-teststrips.com\/es\/producto\/best-swimming-pool-test-strips-4-in-1\/\" \/>\n<meta property=\"og:site_name\" content=\"PH test strips\" \/>\n<meta property=\"article:modified_time\" content=\"2023-12-15T01:14:16+00:00\" \/>\n<meta property=\"og:image\" content=\"https:\/\/www.ph-teststrips.com\/wp-content\/uploads\/2023\/03\/best-swimming-pool-test-strips-4.jpg\" \/>\n\t<meta property=\"og:image:width\" content=\"800\" \/>\n\t<meta property=\"og:image:height\" content=\"800\" \/>\n\t<meta property=\"og:image:type\" content=\"image\/jpeg\" \/>\n<meta name=\"twitter:card\" content=\"summary_large_image\" \/>\n<meta name=\"twitter:label1\" content=\"Tiempo de lectura\" \/>\n\t<meta name=\"twitter:data1\" content=\"2 minutos\" \/>\n<script type=\"application\/ld+json\" class=\"yoast-schema-graph\">{\"@context\":\"https:\/\/schema.org\",\"@graph\":[{\"@type\":\"WebPage\",\"@id\":\"https:\/\/www.ph-teststrips.com\/product\/best-swimming-pool-test-strips-4-in-1\/\",\"url\":\"https:\/\/www.ph-teststrips.com\/product\/best-swimming-pool-test-strips-4-in-1\/\",\"name\":\"Best swimming pool test strips 4 in 1, ph level strips test\",\"isPartOf\":{\"@id\":\"https:\/\/www.ph-teststrips.com\/#website\"},\"primaryImageOfPage\":{\"@id\":\"https:\/\/www.ph-teststrips.com\/product\/best-swimming-pool-test-strips-4-in-1\/#primaryimage\"},\"image\":{\"@id\":\"https:\/\/www.ph-teststrips.com\/product\/best-swimming-pool-test-strips-4-in-1\/#primaryimage\"},\"thumbnailUrl\":\"https:\/\/www.ph-teststrips.com\/wp-content\/uploads\/2023\/03\/best-swimming-pool-test-strips-4.jpg\",\"datePublished\":\"2023-03-27T05:47:40+00:00\",\"dateModified\":\"2023-12-15T01:14:16+00:00\",\"breadcrumb\":{\"@id\":\"https:\/\/www.ph-teststrips.com\/product\/best-swimming-pool-test-strips-4-in-1\/#breadcrumb\"},\"inLanguage\":\"es\",\"potentialAction\":[{\"@type\":\"ReadAction\",\"target\":[\"https:\/\/www.ph-teststrips.com\/product\/best-swimming-pool-test-strips-4-in-1\/\"]}]},{\"@type\":\"ImageObject\",\"inLanguage\":\"es\",\"@id\":\"https:\/\/www.ph-teststrips.com\/product\/best-swimming-pool-test-strips-4-in-1\/#primaryimage\",\"url\":\"https:\/\/www.ph-teststrips.com\/wp-content\/uploads\/2023\/03\/best-swimming-pool-test-strips-4.jpg\",\"contentUrl\":\"https:\/\/www.ph-teststrips.com\/wp-content\/uploads\/2023\/03\/best-swimming-pool-test-strips-4.jpg\",\"width\":800,\"height\":800,\"caption\":\"best swimming pool test strips\"},{\"@type\":\"BreadcrumbList\",\"@id\":\"https:\/\/www.ph-teststrips.com\/product\/best-swimming-pool-test-strips-4-in-1\/#breadcrumb\",\"itemListElement\":[{\"@type\":\"ListItem\",\"position\":1,\"name\":\"Home\",\"item\":\"https:\/\/www.ph-teststrips.com\/\"},{\"@type\":\"ListItem\",\"position\":2,\"name\":\"Shop\",\"item\":\"https:\/\/www.ph-teststrips.com\/shop\/\"},{\"@type\":\"ListItem\",\"position\":3,\"name\":\"Best swimming pool test strips 4 in 1, ph level strips test\"}]},{\"@type\":\"WebSite\",\"@id\":\"https:\/\/www.ph-teststrips.com\/#website\",\"url\":\"https:\/\/www.ph-teststrips.com\/\",\"name\":\"PH test strips\",\"description\":\"\",\"publisher\":{\"@id\":\"https:\/\/www.ph-teststrips.com\/#organization\"},\"potentialAction\":[{\"@type\":\"SearchAction\",\"target\":{\"@type\":\"EntryPoint\",\"urlTemplate\":\"https:\/\/www.ph-teststrips.com\/?s={search_term_string}\"},\"query-input\":{\"@type\":\"PropertyValueSpecification\",\"valueRequired\":true,\"valueName\":\"search_term_string\"}}],\"inLanguage\":\"es\"},{\"@type\":\"Organization\",\"@id\":\"https:\/\/www.ph-teststrips.com\/#organization\",\"name\":\"PH test strips\",\"url\":\"https:\/\/www.ph-teststrips.com\/\",\"logo\":{\"@type\":\"ImageObject\",\"inLanguage\":\"es\",\"@id\":\"https:\/\/www.ph-teststrips.com\/#\/schema\/logo\/image\/\",\"url\":\"https:\/\/www.ph-teststrips.com\/wp-content\/uploads\/2023\/05\/cropped-swm-logo.png\",\"contentUrl\":\"https:\/\/www.ph-teststrips.com\/wp-content\/uploads\/2023\/05\/cropped-swm-logo.png\",\"width\":840,\"height\":404,\"caption\":\"PH test strips\"},\"image\":{\"@id\":\"https:\/\/www.ph-teststrips.com\/#\/schema\/logo\/image\/\"}}]}<\/script>\n<!-- \/ Yoast SEO plugin. -->","yoast_head_json":{"title":"Las mejores tiras reactivas para piscinas 4 en 1, tiras de prueba de nivel de pH","robots":{"index":"index","follow":"follow","max-snippet":"max-snippet:-1","max-image-preview":"max-image-preview:large","max-video-preview":"max-video-preview:-1"},"canonical":"https:\/\/www.ph-teststrips.com\/es\/producto\/best-swimming-pool-test-strips-4-in-1\/","og_locale":"es_ES","og_type":"article","og_title":"Best swimming pool test strips 4 in 1, ph level strips test","og_description":"Best swimming pool test strips are deal for Swimming Pools, Spa, Hot Tub, Jacuzzi \u2013 Easy and Accurate Test for Free Chlorine, Bromine, Total Alkalinity and pH. pH level strips, also known as pH test strips or pH indicator strips, are simple and convenient tools used to measure the acidity or alkalinity of a solution. These strips are widely employed in various fields, including chemistry, biology, agriculture, and environmental science.  Our pool test strips 4-in-1 is designed for customers who use chlorine in their pool or spa: the go-to product for testing the most critical parameters in your pool.  Chlorine 4-in-1 is a great choice when getting started with pool testing","og_url":"https:\/\/www.ph-teststrips.com\/es\/producto\/best-swimming-pool-test-strips-4-in-1\/","og_site_name":"PH test strips","article_modified_time":"2023-12-15T01:14:16+00:00","og_image":[{"width":800,"height":800,"url":"https:\/\/www.ph-teststrips.com\/wp-content\/uploads\/2023\/03\/best-swimming-pool-test-strips-4.jpg","type":"image\/jpeg"}],"twitter_card":"summary_large_image","twitter_misc":{"Tiempo de lectura":"2 minutos"},"schema":{"@context":"https:\/\/schema.org","@graph":[{"@type":"WebPage","@id":"https:\/\/www.ph-teststrips.com\/product\/best-swimming-pool-test-strips-4-in-1\/","url":"https:\/\/www.ph-teststrips.com\/product\/best-swimming-pool-test-strips-4-in-1\/","name":"Las mejores tiras reactivas para piscinas 4 en 1, tiras de prueba de nivel de pH","isPartOf":{"@id":"https:\/\/www.ph-teststrips.com\/#website"},"primaryImageOfPage":{"@id":"https:\/\/www.ph-teststrips.com\/product\/best-swimming-pool-test-strips-4-in-1\/#primaryimage"},"image":{"@id":"https:\/\/www.ph-teststrips.com\/product\/best-swimming-pool-test-strips-4-in-1\/#primaryimage"},"thumbnailUrl":"https:\/\/www.ph-teststrips.com\/wp-content\/uploads\/2023\/03\/best-swimming-pool-test-strips-4.jpg","datePublished":"2023-03-27T05:47:40+00:00","dateModified":"2023-12-15T01:14:16+00:00","breadcrumb":{"@id":"https:\/\/www.ph-teststrips.com\/product\/best-swimming-pool-test-strips-4-in-1\/#breadcrumb"},"inLanguage":"es","potentialAction":[{"@type":"ReadAction","target":["https:\/\/www.ph-teststrips.com\/product\/best-swimming-pool-test-strips-4-in-1\/"]}]},{"@type":"ImageObject","inLanguage":"es","@id":"https:\/\/www.ph-teststrips.com\/product\/best-swimming-pool-test-strips-4-in-1\/#primaryimage","url":"https:\/\/www.ph-teststrips.com\/wp-content\/uploads\/2023\/03\/best-swimming-pool-test-strips-4.jpg","contentUrl":"https:\/\/www.ph-teststrips.com\/wp-content\/uploads\/2023\/03\/best-swimming-pool-test-strips-4.jpg","width":800,"height":800,"caption":"best swimming pool test strips"},{"@type":"BreadcrumbList","@id":"https:\/\/www.ph-teststrips.com\/product\/best-swimming-pool-test-strips-4-in-1\/#breadcrumb","itemListElement":[{"@type":"ListItem","position":1,"name":"Home","item":"https:\/\/www.ph-teststrips.com\/"},{"@type":"ListItem","position":2,"name":"Shop","item":"https:\/\/www.ph-teststrips.com\/shop\/"},{"@type":"ListItem","position":3,"name":"Best swimming pool test strips 4 in 1, ph level strips test"}]},{"@type":"WebSite","@id":"https:\/\/www.ph-teststrips.com\/#website","url":"https:\/\/www.ph-teststrips.com\/","name":"Tiras reactivas de pH","description":"","publisher":{"@id":"https:\/\/www.ph-teststrips.com\/#organization"},"potentialAction":[{"@type":"SearchAction","target":{"@type":"EntryPoint","urlTemplate":"https:\/\/www.ph-teststrips.com\/?s={search_term_string}"},"query-input":{"@type":"PropertyValueSpecification","valueRequired":true,"valueName":"search_term_string"}}],"inLanguage":"es"},{"@type":"Organization","@id":"https:\/\/www.ph-teststrips.com\/#organization","name":"Tiras reactivas de pH","url":"https:\/\/www.ph-teststrips.com\/","logo":{"@type":"ImageObject","inLanguage":"es","@id":"https:\/\/www.ph-teststrips.com\/#\/schema\/logo\/image\/","url":"https:\/\/www.ph-teststrips.com\/wp-content\/uploads\/2023\/05\/cropped-swm-logo.png","contentUrl":"https:\/\/www.ph-teststrips.com\/wp-content\/uploads\/2023\/05\/cropped-swm-logo.png","width":840,"height":404,"caption":"PH test strips"},"image":{"@id":"https:\/\/www.ph-teststrips.com\/#\/schema\/logo\/image\/"}}]}},"_links":{"self":[{"href":"https:\/\/www.ph-teststrips.com\/es\/wp-json\/wp\/v2\/product\/644","targetHints":{"allow":["GET"]}}],"collection":[{"href":"https:\/\/www.ph-teststrips.com\/es\/wp-json\/wp\/v2\/product"}],"about":[{"href":"https:\/\/www.ph-teststrips.com\/es\/wp-json\/wp\/v2\/types\/product"}],"replies":[{"embeddable":true,"href":"https:\/\/www.ph-teststrips.com\/es\/wp-json\/wp\/v2\/comments?post=644"}],"wp:featuredmedia":[{"embeddable":true,"href":"https:\/\/www.ph-teststrips.com\/es\/wp-json\/wp\/v2\/media\/648"}],"wp:attachment":[{"href":"https:\/\/www.ph-teststrips.com\/es\/wp-json\/wp\/v2\/media?parent=644"}],"wp:term":[{"taxonomy":"product_brand","embeddable":true,"href":"https:\/\/www.ph-teststrips.com\/es\/wp-json\/wp\/v2\/product_brand?post=644"},{"taxonomy":"product_cat","embeddable":true,"href":"https:\/\/www.ph-teststrips.com\/es\/wp-json\/wp\/v2\/product_cat?post=644"},{"taxonomy":"product_tag","embeddable":true,"href":"https:\/\/www.ph-teststrips.com\/es\/wp-json\/wp\/v2\/product_tag?post=644"}],"curies":[{"name":"wp","href":"https:\/\/api.w.org\/{rel}","templated":true}]}}