{"id":1022,"date":"2023-11-28T04:27:27","date_gmt":"2023-11-28T04:27:27","guid":{"rendered":"https:\/\/www.poolteststrip.com\/?post_type=product&#038;p=1022"},"modified":"2023-11-28T04:42:56","modified_gmt":"2023-11-28T04:42:56","slug":"salt-water-pool-test-kit-pool-test-kit-for-saltwater-pool","status":"publish","type":"product","link":"https:\/\/www.ph-teststrips.com\/es\/producto\/salt-water-pool-test-kit-pool-test-kit-for-saltwater-pool\/","title":{"rendered":"Kit de an\u00e1lisis de agua salada para piscinas, kit de an\u00e1lisis para piscinas de agua salada"},"content":{"rendered":"<p>Las pruebas peri\u00f3dicas y el mantenimiento adecuado del agua son esenciales para disfrutar de una experiencia de nataci\u00f3n segura y placentera. Nuestro kit de an\u00e1lisis de agua para piscinas de agua salada 2 en 1 analiza el cloro libre, el bromo y el pH. \u00a1Kits de an\u00e1lisis de agua para piscinas de agua salada al por mayor!<\/p>\n<p><img fetchpriority=\"high\" decoding=\"async\" class=\"alignnone size-full wp-image-1029\" src=\"https:\/\/www.ph-teststrips.com\/wp-content\/uploads\/2023\/11\/pool-test-kit-for-saltwater-pool-detail-01.jpg\" alt=\"Kit de an\u00e1lisis de piscinas para piscinas de agua salada, tabletas 2 en 1\" width=\"750\" height=\"1148\" srcset=\"https:\/\/www.ph-teststrips.com\/wp-content\/uploads\/2023\/11\/pool-test-kit-for-saltwater-pool-detail-01.jpg 750w, https:\/\/www.ph-teststrips.com\/wp-content\/uploads\/2023\/11\/pool-test-kit-for-saltwater-pool-detail-01-196x300.jpg 196w, https:\/\/www.ph-teststrips.com\/wp-content\/uploads\/2023\/11\/pool-test-kit-for-saltwater-pool-detail-01-669x1024.jpg 669w, https:\/\/www.ph-teststrips.com\/wp-content\/uploads\/2023\/11\/pool-test-kit-for-saltwater-pool-detail-01-600x918.jpg 600w\" sizes=\"(max-width: 750px) 100vw, 750px\" \/><\/p>\n<h4>Este kit de an\u00e1lisis de piscinas es adecuado para numerosas aplicaciones:<\/h4>\n<p>prueba de agua del grifo<\/p>\n<p>prueba de agua potable<\/p>\n<p>prueba de agua del acuario<\/p>\n<p>prueba de agua del estanque<\/p>\n<p><img decoding=\"async\" class=\"alignnone size-full wp-image-1021\" src=\"https:\/\/www.ph-teststrips.com\/wp-content\/uploads\/2023\/11\/pool-water-test-kit-application.png\" alt=\"Aplicaci\u00f3n del kit de an\u00e1lisis de agua de piscina\" width=\"750\" height=\"834\" srcset=\"https:\/\/www.ph-teststrips.com\/wp-content\/uploads\/2023\/11\/pool-water-test-kit-application.png 750w, https:\/\/www.ph-teststrips.com\/wp-content\/uploads\/2023\/11\/pool-water-test-kit-application-270x300.png 270w, https:\/\/www.ph-teststrips.com\/wp-content\/uploads\/2023\/11\/pool-water-test-kit-application-600x667.png 600w\" sizes=\"(max-width: 750px) 100vw, 750px\" \/><\/p>\n<p><a href=\"https:\/\/www.ph-teststrips.com\/es\/categoria-producto\/sanitizer-test-strips\/\" target=\"_blank\" rel=\"noopener\">tiras desinfectantes<\/a>, <a href=\"https:\/\/www.ph-teststrips.com\/es\/categoria-producto\/ph-test-strips\/\" target=\"_blank\" rel=\"noopener\">tiras reactivas para medir el nivel de pH<\/a>, <a href=\"https:\/\/www.plastic-crate.co.uk\/product\/plastic-trays-for-food-plastic-food-trays-dinner-trays\/\" target=\"_blank\" rel=\"noopener\">bandejas de pl\u00e1stico para alimentos<\/a><\/p>","protected":false},"excerpt":{"rendered":"<p>Kit de an\u00e1lisis de agua salada para piscinas 2 en 1 <strong>cloro\/bromo libre<\/strong> y <strong>PH<\/strong><\/p>\n<h4><\/h4>","protected":false},"featured_media":1026,"comment_status":"open","ping_status":"closed","template":"","meta":{"_acf_changed":false,"site-sidebar-layout":"default","site-content-layout":"default","ast-site-content-layout":"","site-content-style":"default","site-sidebar-style":"default","ast-global-header-display":"","ast-banner-title-visibility":"","ast-main-header-display":"","ast-hfb-above-header-display":"","ast-hfb-below-header-display":"","ast-hfb-mobile-header-display":"","site-post-title":"","ast-breadcrumbs-content":"","ast-featured-img":"","footer-sml-layout":"","theme-transparent-header-meta":"default","adv-header-id-meta":"","stick-header-meta":"","header-above-stick-meta":"","header-main-stick-meta":"","header-below-stick-meta":"","astra-migrate-meta-layouts":"default","ast-page-background-enabled":"default","ast-page-background-meta":{"desktop":{"background-color":"","background-image":"","background-repeat":"repeat","background-position":"center center","background-size":"auto","background-attachment":"scroll","background-type":"","background-media":"","overlay-type":"","overlay-color":"","overlay-opacity":"","overlay-gradient":""},"tablet":{"background-color":"","background-image":"","background-repeat":"repeat","background-position":"center center","background-size":"auto","background-attachment":"scroll","background-type":"","background-media":"","overlay-type":"","overlay-color":"","overlay-opacity":"","overlay-gradient":""},"mobile":{"background-color":"","background-image":"","background-repeat":"repeat","background-position":"center center","background-size":"auto","background-attachment":"scroll","background-type":"","background-media":"","overlay-type":"","overlay-color":"","overlay-opacity":"","overlay-gradient":""}},"ast-content-background-meta":{"desktop":{"background-color":"var(--ast-global-color-5)","background-image":"","background-repeat":"repeat","background-position":"center center","background-size":"auto","background-attachment":"scroll","background-type":"","background-media":"","overlay-type":"","overlay-color":"","overlay-opacity":"","overlay-gradient":""},"tablet":{"background-color":"var(--ast-global-color-5)","background-image":"","background-repeat":"repeat","background-position":"center center","background-size":"auto","background-attachment":"scroll","background-type":"","background-media":"","overlay-type":"","overlay-color":"","overlay-opacity":"","overlay-gradient":""},"mobile":{"background-color":"var(--ast-global-color-5)","background-image":"","background-repeat":"repeat","background-position":"center center","background-size":"auto","background-attachment":"scroll","background-type":"","background-media":"","overlay-type":"","overlay-color":"","overlay-opacity":"","overlay-gradient":""}}},"product_brand":[],"product_cat":[24,28],"product_tag":[],"class_list":{"0":"post-1022","1":"product","2":"type-product","3":"status-publish","4":"has-post-thumbnail","6":"product_cat-neutral-labels","7":"product_cat-pool-testing-kit","8":"desktop-align-left","9":"tablet-align-left","10":"mobile-align-left","12":"first","13":"instock","14":"sale","15":"shipping-taxable","16":"purchasable","17":"product-type-simple"},"acf":[],"yoast_head":"<!-- This site is optimized with the Yoast SEO plugin v26.2 - https:\/\/yoast.com\/wordpress\/plugins\/seo\/ -->\n<title>Salt water pool test kit, pool test kit for saltwater pool<\/title>\n<meta name=\"description\" content=\"Salt water pool test kit, pool test kit for saltwater pool, test kit for saltwater pool 2 in 1 test for free chlorine\/bromine and PH, wholesale price!\" \/>\n<meta name=\"robots\" content=\"index, follow, max-snippet:-1, max-image-preview:large, max-video-preview:-1\" \/>\n<link rel=\"canonical\" href=\"https:\/\/www.ph-teststrips.com\/es\/producto\/salt-water-pool-test-kit-pool-test-kit-for-saltwater-pool\/\" \/>\n<meta property=\"og:locale\" content=\"es_ES\" \/>\n<meta property=\"og:type\" content=\"article\" \/>\n<meta property=\"og:title\" content=\"Salt water pool test kit, pool test kit for saltwater pool\" \/>\n<meta property=\"og:description\" content=\"Salt water pool test kit, pool test kit for saltwater pool, test kit for saltwater pool 2 in 1 test for free chlorine\/bromine and PH, wholesale price!\" \/>\n<meta property=\"og:url\" content=\"https:\/\/www.ph-teststrips.com\/es\/producto\/salt-water-pool-test-kit-pool-test-kit-for-saltwater-pool\/\" \/>\n<meta property=\"og:site_name\" content=\"PH test strips\" \/>\n<meta property=\"article:modified_time\" content=\"2023-11-28T04:42:56+00:00\" \/>\n<meta property=\"og:image\" content=\"https:\/\/www.ph-teststrips.com\/wp-content\/uploads\/2023\/11\/pool-test-kit-for-saltwater-pool-4.jpg\" \/>\n\t<meta property=\"og:image:width\" content=\"800\" \/>\n\t<meta property=\"og:image:height\" content=\"800\" \/>\n\t<meta property=\"og:image:type\" content=\"image\/jpeg\" \/>\n<meta name=\"twitter:card\" content=\"summary_large_image\" \/>\n<meta name=\"twitter:label1\" content=\"Tiempo de lectura\" \/>\n\t<meta name=\"twitter:data1\" content=\"1 minuto\" \/>\n<script type=\"application\/ld+json\" class=\"yoast-schema-graph\">{\"@context\":\"https:\/\/schema.org\",\"@graph\":[{\"@type\":\"WebPage\",\"@id\":\"https:\/\/www.ph-teststrips.com\/product\/salt-water-pool-test-kit-pool-test-kit-for-saltwater-pool\/\",\"url\":\"https:\/\/www.ph-teststrips.com\/product\/salt-water-pool-test-kit-pool-test-kit-for-saltwater-pool\/\",\"name\":\"Salt water pool test kit, pool test kit for saltwater pool\",\"isPartOf\":{\"@id\":\"https:\/\/www.ph-teststrips.com\/#website\"},\"primaryImageOfPage\":{\"@id\":\"https:\/\/www.ph-teststrips.com\/product\/salt-water-pool-test-kit-pool-test-kit-for-saltwater-pool\/#primaryimage\"},\"image\":{\"@id\":\"https:\/\/www.ph-teststrips.com\/product\/salt-water-pool-test-kit-pool-test-kit-for-saltwater-pool\/#primaryimage\"},\"thumbnailUrl\":\"https:\/\/www.ph-teststrips.com\/wp-content\/uploads\/2023\/11\/pool-test-kit-for-saltwater-pool-4.jpg\",\"datePublished\":\"2023-11-28T04:27:27+00:00\",\"dateModified\":\"2023-11-28T04:42:56+00:00\",\"description\":\"Salt water pool test kit, pool test kit for saltwater pool, test kit for saltwater pool 2 in 1 test for free chlorine\/bromine and PH, wholesale price!\",\"breadcrumb\":{\"@id\":\"https:\/\/www.ph-teststrips.com\/product\/salt-water-pool-test-kit-pool-test-kit-for-saltwater-pool\/#breadcrumb\"},\"inLanguage\":\"es\",\"potentialAction\":[{\"@type\":\"ReadAction\",\"target\":[\"https:\/\/www.ph-teststrips.com\/product\/salt-water-pool-test-kit-pool-test-kit-for-saltwater-pool\/\"]}]},{\"@type\":\"ImageObject\",\"inLanguage\":\"es\",\"@id\":\"https:\/\/www.ph-teststrips.com\/product\/salt-water-pool-test-kit-pool-test-kit-for-saltwater-pool\/#primaryimage\",\"url\":\"https:\/\/www.ph-teststrips.com\/wp-content\/uploads\/2023\/11\/pool-test-kit-for-saltwater-pool-4.jpg\",\"contentUrl\":\"https:\/\/www.ph-teststrips.com\/wp-content\/uploads\/2023\/11\/pool-test-kit-for-saltwater-pool-4.jpg\",\"width\":800,\"height\":800,\"caption\":\"pool test kit for saltwater pool\"},{\"@type\":\"BreadcrumbList\",\"@id\":\"https:\/\/www.ph-teststrips.com\/product\/salt-water-pool-test-kit-pool-test-kit-for-saltwater-pool\/#breadcrumb\",\"itemListElement\":[{\"@type\":\"ListItem\",\"position\":1,\"name\":\"Home\",\"item\":\"https:\/\/www.ph-teststrips.com\/\"},{\"@type\":\"ListItem\",\"position\":2,\"name\":\"Shop\",\"item\":\"https:\/\/www.ph-teststrips.com\/shop\/\"},{\"@type\":\"ListItem\",\"position\":3,\"name\":\"Salt water pool test kit, pool test kit for saltwater pool\"}]},{\"@type\":\"WebSite\",\"@id\":\"https:\/\/www.ph-teststrips.com\/#website\",\"url\":\"https:\/\/www.ph-teststrips.com\/\",\"name\":\"PH test strips\",\"description\":\"\",\"publisher\":{\"@id\":\"https:\/\/www.ph-teststrips.com\/#organization\"},\"potentialAction\":[{\"@type\":\"SearchAction\",\"target\":{\"@type\":\"EntryPoint\",\"urlTemplate\":\"https:\/\/www.ph-teststrips.com\/?s={search_term_string}\"},\"query-input\":{\"@type\":\"PropertyValueSpecification\",\"valueRequired\":true,\"valueName\":\"search_term_string\"}}],\"inLanguage\":\"es\"},{\"@type\":\"Organization\",\"@id\":\"https:\/\/www.ph-teststrips.com\/#organization\",\"name\":\"PH test strips\",\"url\":\"https:\/\/www.ph-teststrips.com\/\",\"logo\":{\"@type\":\"ImageObject\",\"inLanguage\":\"es\",\"@id\":\"https:\/\/www.ph-teststrips.com\/#\/schema\/logo\/image\/\",\"url\":\"https:\/\/www.ph-teststrips.com\/wp-content\/uploads\/2023\/05\/cropped-swm-logo.png\",\"contentUrl\":\"https:\/\/www.ph-teststrips.com\/wp-content\/uploads\/2023\/05\/cropped-swm-logo.png\",\"width\":840,\"height\":404,\"caption\":\"PH test strips\"},\"image\":{\"@id\":\"https:\/\/www.ph-teststrips.com\/#\/schema\/logo\/image\/\"}}]}<\/script>\n<!-- \/ Yoast SEO plugin. -->","yoast_head_json":{"title":"Kit de an\u00e1lisis de agua salada para piscinas, kit de an\u00e1lisis para piscinas de agua salada","description":"Kit de an\u00e1lisis para piscinas de agua salada, kit de an\u00e1lisis para piscinas de agua salada, kit de an\u00e1lisis 2 en 1 para cloro\/bromo libre y pH para piscinas de agua salada, \u00a1precio al por mayor!","robots":{"index":"index","follow":"follow","max-snippet":"max-snippet:-1","max-image-preview":"max-image-preview:large","max-video-preview":"max-video-preview:-1"},"canonical":"https:\/\/www.ph-teststrips.com\/es\/producto\/salt-water-pool-test-kit-pool-test-kit-for-saltwater-pool\/","og_locale":"es_ES","og_type":"article","og_title":"Salt water pool test kit, pool test kit for saltwater pool","og_description":"Salt water pool test kit, pool test kit for saltwater pool, test kit for saltwater pool 2 in 1 test for free chlorine\/bromine and PH, wholesale price!","og_url":"https:\/\/www.ph-teststrips.com\/es\/producto\/salt-water-pool-test-kit-pool-test-kit-for-saltwater-pool\/","og_site_name":"PH test strips","article_modified_time":"2023-11-28T04:42:56+00:00","og_image":[{"width":800,"height":800,"url":"https:\/\/www.ph-teststrips.com\/wp-content\/uploads\/2023\/11\/pool-test-kit-for-saltwater-pool-4.jpg","type":"image\/jpeg"}],"twitter_card":"summary_large_image","twitter_misc":{"Tiempo de lectura":"1 minuto"},"schema":{"@context":"https:\/\/schema.org","@graph":[{"@type":"WebPage","@id":"https:\/\/www.ph-teststrips.com\/product\/salt-water-pool-test-kit-pool-test-kit-for-saltwater-pool\/","url":"https:\/\/www.ph-teststrips.com\/product\/salt-water-pool-test-kit-pool-test-kit-for-saltwater-pool\/","name":"Kit de an\u00e1lisis de agua salada para piscinas, kit de an\u00e1lisis para piscinas de agua salada","isPartOf":{"@id":"https:\/\/www.ph-teststrips.com\/#website"},"primaryImageOfPage":{"@id":"https:\/\/www.ph-teststrips.com\/product\/salt-water-pool-test-kit-pool-test-kit-for-saltwater-pool\/#primaryimage"},"image":{"@id":"https:\/\/www.ph-teststrips.com\/product\/salt-water-pool-test-kit-pool-test-kit-for-saltwater-pool\/#primaryimage"},"thumbnailUrl":"https:\/\/www.ph-teststrips.com\/wp-content\/uploads\/2023\/11\/pool-test-kit-for-saltwater-pool-4.jpg","datePublished":"2023-11-28T04:27:27+00:00","dateModified":"2023-11-28T04:42:56+00:00","description":"Kit de an\u00e1lisis para piscinas de agua salada, kit de an\u00e1lisis para piscinas de agua salada, kit de an\u00e1lisis 2 en 1 para cloro\/bromo libre y pH para piscinas de agua salada, \u00a1precio al por mayor!","breadcrumb":{"@id":"https:\/\/www.ph-teststrips.com\/product\/salt-water-pool-test-kit-pool-test-kit-for-saltwater-pool\/#breadcrumb"},"inLanguage":"es","potentialAction":[{"@type":"ReadAction","target":["https:\/\/www.ph-teststrips.com\/product\/salt-water-pool-test-kit-pool-test-kit-for-saltwater-pool\/"]}]},{"@type":"ImageObject","inLanguage":"es","@id":"https:\/\/www.ph-teststrips.com\/product\/salt-water-pool-test-kit-pool-test-kit-for-saltwater-pool\/#primaryimage","url":"https:\/\/www.ph-teststrips.com\/wp-content\/uploads\/2023\/11\/pool-test-kit-for-saltwater-pool-4.jpg","contentUrl":"https:\/\/www.ph-teststrips.com\/wp-content\/uploads\/2023\/11\/pool-test-kit-for-saltwater-pool-4.jpg","width":800,"height":800,"caption":"pool test kit for saltwater pool"},{"@type":"BreadcrumbList","@id":"https:\/\/www.ph-teststrips.com\/product\/salt-water-pool-test-kit-pool-test-kit-for-saltwater-pool\/#breadcrumb","itemListElement":[{"@type":"ListItem","position":1,"name":"Home","item":"https:\/\/www.ph-teststrips.com\/"},{"@type":"ListItem","position":2,"name":"Shop","item":"https:\/\/www.ph-teststrips.com\/shop\/"},{"@type":"ListItem","position":3,"name":"Salt water pool test kit, pool test kit for saltwater pool"}]},{"@type":"WebSite","@id":"https:\/\/www.ph-teststrips.com\/#website","url":"https:\/\/www.ph-teststrips.com\/","name":"Tiras reactivas de pH","description":"","publisher":{"@id":"https:\/\/www.ph-teststrips.com\/#organization"},"potentialAction":[{"@type":"SearchAction","target":{"@type":"EntryPoint","urlTemplate":"https:\/\/www.ph-teststrips.com\/?s={search_term_string}"},"query-input":{"@type":"PropertyValueSpecification","valueRequired":true,"valueName":"search_term_string"}}],"inLanguage":"es"},{"@type":"Organization","@id":"https:\/\/www.ph-teststrips.com\/#organization","name":"Tiras reactivas de pH","url":"https:\/\/www.ph-teststrips.com\/","logo":{"@type":"ImageObject","inLanguage":"es","@id":"https:\/\/www.ph-teststrips.com\/#\/schema\/logo\/image\/","url":"https:\/\/www.ph-teststrips.com\/wp-content\/uploads\/2023\/05\/cropped-swm-logo.png","contentUrl":"https:\/\/www.ph-teststrips.com\/wp-content\/uploads\/2023\/05\/cropped-swm-logo.png","width":840,"height":404,"caption":"PH test strips"},"image":{"@id":"https:\/\/www.ph-teststrips.com\/#\/schema\/logo\/image\/"}}]}},"_links":{"self":[{"href":"https:\/\/www.ph-teststrips.com\/es\/wp-json\/wp\/v2\/product\/1022","targetHints":{"allow":["GET"]}}],"collection":[{"href":"https:\/\/www.ph-teststrips.com\/es\/wp-json\/wp\/v2\/product"}],"about":[{"href":"https:\/\/www.ph-teststrips.com\/es\/wp-json\/wp\/v2\/types\/product"}],"replies":[{"embeddable":true,"href":"https:\/\/www.ph-teststrips.com\/es\/wp-json\/wp\/v2\/comments?post=1022"}],"wp:featuredmedia":[{"embeddable":true,"href":"https:\/\/www.ph-teststrips.com\/es\/wp-json\/wp\/v2\/media\/1026"}],"wp:attachment":[{"href":"https:\/\/www.ph-teststrips.com\/es\/wp-json\/wp\/v2\/media?parent=1022"}],"wp:term":[{"taxonomy":"product_brand","embeddable":true,"href":"https:\/\/www.ph-teststrips.com\/es\/wp-json\/wp\/v2\/product_brand?post=1022"},{"taxonomy":"product_cat","embeddable":true,"href":"https:\/\/www.ph-teststrips.com\/es\/wp-json\/wp\/v2\/product_cat?post=1022"},{"taxonomy":"product_tag","embeddable":true,"href":"https:\/\/www.ph-teststrips.com\/es\/wp-json\/wp\/v2\/product_tag?post=1022"}],"curies":[{"name":"wp","href":"https:\/\/api.w.org\/{rel}","templated":true}]}}