{"id":943,"date":"2023-09-11T07:50:38","date_gmt":"2023-09-11T07:50:38","guid":{"rendered":"https:\/\/www.poolteststrip.com\/?post_type=product&#038;p=943"},"modified":"2023-09-11T08:39:24","modified_gmt":"2023-09-11T08:39:24","slug":"free-chlorine-test-strips-for-pool-and-spa-0-10ppm-range","status":"publish","type":"product","link":"https:\/\/www.ph-teststrips.com\/de\/produkt\/free-chlorine-test-strips-for-pool-and-spa-0-10ppm-range\/","title":{"rendered":"Teststreifen f\u00fcr freies Chlor in Pools und Whirlpools (0-10 ppm Messbereich)"},"content":{"rendered":"","protected":false},"excerpt":{"rendered":"<p>Farbmessplatte in Rosa f\u00fcr den Teststreifen.<\/p>\n<p>Freies Chlor bezeichnet die Menge an Chlor, die zur Desinfektion von Verunreinigungen geeignet ist. Bei sachgem\u00e4\u00dfer Anwendung kann freies Chlor die meisten Keime innerhalb weniger Minuten abt\u00f6ten. Die CDC empfiehlt einen pH-Wert von 7,2\u20137,8 und eine Konzentration an freiem Chlor von \u2026 <b>mindestens 1 ppm<\/b>\u00a0in Schwimmb\u00e4dern und mindestens 3 ppm in Whirlpools\/Spas.<\/p>\n<p>&nbsp;<\/p>","protected":false},"featured_media":945,"comment_status":"open","ping_status":"closed","template":"","meta":{"_acf_changed":false,"site-sidebar-layout":"default","site-content-layout":"default","ast-site-content-layout":"","site-content-style":"default","site-sidebar-style":"default","ast-global-header-display":"","ast-banner-title-visibility":"","ast-main-header-display":"","ast-hfb-above-header-display":"","ast-hfb-below-header-display":"","ast-hfb-mobile-header-display":"","site-post-title":"","ast-breadcrumbs-content":"","ast-featured-img":"","footer-sml-layout":"","theme-transparent-header-meta":"default","adv-header-id-meta":"","stick-header-meta":"","header-above-stick-meta":"","header-main-stick-meta":"","header-below-stick-meta":"","astra-migrate-meta-layouts":"default","ast-page-background-enabled":"default","ast-page-background-meta":{"desktop":{"background-color":"","background-image":"","background-repeat":"repeat","background-position":"center center","background-size":"auto","background-attachment":"scroll","background-type":"","background-media":"","overlay-type":"","overlay-color":"","overlay-opacity":"","overlay-gradient":""},"tablet":{"background-color":"","background-image":"","background-repeat":"repeat","background-position":"center center","background-size":"auto","background-attachment":"scroll","background-type":"","background-media":"","overlay-type":"","overlay-color":"","overlay-opacity":"","overlay-gradient":""},"mobile":{"background-color":"","background-image":"","background-repeat":"repeat","background-position":"center center","background-size":"auto","background-attachment":"scroll","background-type":"","background-media":"","overlay-type":"","overlay-color":"","overlay-opacity":"","overlay-gradient":""}},"ast-content-background-meta":{"desktop":{"background-color":"var(--ast-global-color-5)","background-image":"","background-repeat":"repeat","background-position":"center center","background-size":"auto","background-attachment":"scroll","background-type":"","background-media":"","overlay-type":"","overlay-color":"","overlay-opacity":"","overlay-gradient":""},"tablet":{"background-color":"var(--ast-global-color-5)","background-image":"","background-repeat":"repeat","background-position":"center center","background-size":"auto","background-attachment":"scroll","background-type":"","background-media":"","overlay-type":"","overlay-color":"","overlay-opacity":"","overlay-gradient":""},"mobile":{"background-color":"var(--ast-global-color-5)","background-image":"","background-repeat":"repeat","background-position":"center center","background-size":"auto","background-attachment":"scroll","background-type":"","background-media":"","overlay-type":"","overlay-color":"","overlay-opacity":"","overlay-gradient":""}}},"product_brand":[],"product_cat":[22,24],"product_tag":[],"class_list":{"0":"post-943","1":"product","2":"type-product","3":"status-publish","4":"has-post-thumbnail","6":"product_cat-free-chlorine-test-strips","7":"product_cat-neutral-labels","8":"desktop-align-left","9":"tablet-align-left","10":"mobile-align-left","12":"first","13":"instock","14":"shipping-taxable","15":"product-type-simple"},"acf":[],"yoast_head":"<!-- This site is optimized with the Yoast SEO plugin v26.2 - https:\/\/yoast.com\/wordpress\/plugins\/seo\/ -->\n<title>Free chlorine test strips for pool and spa 0-10ppm Range supplier &amp; manufacturer<\/title>\n<meta name=\"robots\" content=\"index, follow, max-snippet:-1, max-image-preview:large, max-video-preview:-1\" \/>\n<link rel=\"canonical\" href=\"https:\/\/www.ph-teststrips.com\/de\/produkt\/free-chlorine-test-strips-for-pool-and-spa-0-10ppm-range\/\" \/>\n<meta property=\"og:locale\" content=\"de_DE\" \/>\n<meta property=\"og:type\" content=\"article\" \/>\n<meta property=\"og:title\" content=\"Free chlorine test strips for pool and spa 0-10ppm Range supplier &amp; manufacturer\" \/>\n<meta property=\"og:description\" content=\"Pink color colorimetric plate for the test strip.  Free chlorine involves the amount of chlorine that&#039;s able to sanitize contaminants, if used properly, free chlorine can kill most germs within a few minutes. CDC recommends pH 7.2\u20137.8 and a free chlorine concentration of at least 1 ppm\u00a0in pools and at least 3 ppm in hot tubs\/spas.  &nbsp;\" \/>\n<meta property=\"og:url\" content=\"https:\/\/www.ph-teststrips.com\/de\/produkt\/free-chlorine-test-strips-for-pool-and-spa-0-10ppm-range\/\" \/>\n<meta property=\"og:site_name\" content=\"PH test strips\" \/>\n<meta property=\"article:modified_time\" content=\"2023-09-11T08:39:24+00:00\" \/>\n<meta property=\"og:image\" content=\"https:\/\/www.ph-teststrips.com\/wp-content\/uploads\/2023\/09\/free-chlorine-test-strips-for-pool-and-spa-2.jpg\" \/>\n\t<meta property=\"og:image:width\" content=\"800\" \/>\n\t<meta property=\"og:image:height\" content=\"800\" \/>\n\t<meta property=\"og:image:type\" content=\"image\/jpeg\" \/>\n<meta name=\"twitter:card\" content=\"summary_large_image\" \/>\n<script type=\"application\/ld+json\" class=\"yoast-schema-graph\">{\"@context\":\"https:\/\/schema.org\",\"@graph\":[{\"@type\":\"WebPage\",\"@id\":\"https:\/\/www.ph-teststrips.com\/product\/free-chlorine-test-strips-for-pool-and-spa-0-10ppm-range\/\",\"url\":\"https:\/\/www.ph-teststrips.com\/product\/free-chlorine-test-strips-for-pool-and-spa-0-10ppm-range\/\",\"name\":\"Free chlorine test strips for pool and spa 0-10ppm Range supplier & manufacturer\",\"isPartOf\":{\"@id\":\"https:\/\/www.ph-teststrips.com\/#website\"},\"primaryImageOfPage\":{\"@id\":\"https:\/\/www.ph-teststrips.com\/product\/free-chlorine-test-strips-for-pool-and-spa-0-10ppm-range\/#primaryimage\"},\"image\":{\"@id\":\"https:\/\/www.ph-teststrips.com\/product\/free-chlorine-test-strips-for-pool-and-spa-0-10ppm-range\/#primaryimage\"},\"thumbnailUrl\":\"https:\/\/www.ph-teststrips.com\/wp-content\/uploads\/2023\/09\/free-chlorine-test-strips-for-pool-and-spa-2.jpg\",\"datePublished\":\"2023-09-11T07:50:38+00:00\",\"dateModified\":\"2023-09-11T08:39:24+00:00\",\"breadcrumb\":{\"@id\":\"https:\/\/www.ph-teststrips.com\/product\/free-chlorine-test-strips-for-pool-and-spa-0-10ppm-range\/#breadcrumb\"},\"inLanguage\":\"de\",\"potentialAction\":[{\"@type\":\"ReadAction\",\"target\":[\"https:\/\/www.ph-teststrips.com\/product\/free-chlorine-test-strips-for-pool-and-spa-0-10ppm-range\/\"]}]},{\"@type\":\"ImageObject\",\"inLanguage\":\"de\",\"@id\":\"https:\/\/www.ph-teststrips.com\/product\/free-chlorine-test-strips-for-pool-and-spa-0-10ppm-range\/#primaryimage\",\"url\":\"https:\/\/www.ph-teststrips.com\/wp-content\/uploads\/2023\/09\/free-chlorine-test-strips-for-pool-and-spa-2.jpg\",\"contentUrl\":\"https:\/\/www.ph-teststrips.com\/wp-content\/uploads\/2023\/09\/free-chlorine-test-strips-for-pool-and-spa-2.jpg\",\"width\":800,\"height\":800,\"caption\":\"Free chlorine test strips for pool and spa\"},{\"@type\":\"BreadcrumbList\",\"@id\":\"https:\/\/www.ph-teststrips.com\/product\/free-chlorine-test-strips-for-pool-and-spa-0-10ppm-range\/#breadcrumb\",\"itemListElement\":[{\"@type\":\"ListItem\",\"position\":1,\"name\":\"Home\",\"item\":\"https:\/\/www.ph-teststrips.com\/\"},{\"@type\":\"ListItem\",\"position\":2,\"name\":\"Shop\",\"item\":\"https:\/\/www.ph-teststrips.com\/shop\/\"},{\"@type\":\"ListItem\",\"position\":3,\"name\":\"Free chlorine test strips for pool and spa 0-10ppm Range\"}]},{\"@type\":\"WebSite\",\"@id\":\"https:\/\/www.ph-teststrips.com\/#website\",\"url\":\"https:\/\/www.ph-teststrips.com\/\",\"name\":\"PH test strips\",\"description\":\"\",\"publisher\":{\"@id\":\"https:\/\/www.ph-teststrips.com\/#organization\"},\"potentialAction\":[{\"@type\":\"SearchAction\",\"target\":{\"@type\":\"EntryPoint\",\"urlTemplate\":\"https:\/\/www.ph-teststrips.com\/?s={search_term_string}\"},\"query-input\":{\"@type\":\"PropertyValueSpecification\",\"valueRequired\":true,\"valueName\":\"search_term_string\"}}],\"inLanguage\":\"de\"},{\"@type\":\"Organization\",\"@id\":\"https:\/\/www.ph-teststrips.com\/#organization\",\"name\":\"PH test strips\",\"url\":\"https:\/\/www.ph-teststrips.com\/\",\"logo\":{\"@type\":\"ImageObject\",\"inLanguage\":\"de\",\"@id\":\"https:\/\/www.ph-teststrips.com\/#\/schema\/logo\/image\/\",\"url\":\"https:\/\/www.ph-teststrips.com\/wp-content\/uploads\/2023\/05\/cropped-swm-logo.png\",\"contentUrl\":\"https:\/\/www.ph-teststrips.com\/wp-content\/uploads\/2023\/05\/cropped-swm-logo.png\",\"width\":840,\"height\":404,\"caption\":\"PH test strips\"},\"image\":{\"@id\":\"https:\/\/www.ph-teststrips.com\/#\/schema\/logo\/image\/\"}}]}<\/script>\n<!-- \/ Yoast SEO plugin. -->","yoast_head_json":{"title":"Teststreifen f\u00fcr freies Chlor in Pools und Whirlpools (0-10 ppm) \u2013 Lieferant und Hersteller","robots":{"index":"index","follow":"follow","max-snippet":"max-snippet:-1","max-image-preview":"max-image-preview:large","max-video-preview":"max-video-preview:-1"},"canonical":"https:\/\/www.ph-teststrips.com\/de\/produkt\/free-chlorine-test-strips-for-pool-and-spa-0-10ppm-range\/","og_locale":"de_DE","og_type":"article","og_title":"Free chlorine test strips for pool and spa 0-10ppm Range supplier & manufacturer","og_description":"Pink color colorimetric plate for the test strip.  Free chlorine involves the amount of chlorine that's able to sanitize contaminants, if used properly, free chlorine can kill most germs within a few minutes. CDC recommends pH 7.2\u20137.8 and a free chlorine concentration of at least 1 ppm\u00a0in pools and at least 3 ppm in hot tubs\/spas.  &nbsp;","og_url":"https:\/\/www.ph-teststrips.com\/de\/produkt\/free-chlorine-test-strips-for-pool-and-spa-0-10ppm-range\/","og_site_name":"PH test strips","article_modified_time":"2023-09-11T08:39:24+00:00","og_image":[{"width":800,"height":800,"url":"https:\/\/www.ph-teststrips.com\/wp-content\/uploads\/2023\/09\/free-chlorine-test-strips-for-pool-and-spa-2.jpg","type":"image\/jpeg"}],"twitter_card":"summary_large_image","schema":{"@context":"https:\/\/schema.org","@graph":[{"@type":"WebPage","@id":"https:\/\/www.ph-teststrips.com\/product\/free-chlorine-test-strips-for-pool-and-spa-0-10ppm-range\/","url":"https:\/\/www.ph-teststrips.com\/product\/free-chlorine-test-strips-for-pool-and-spa-0-10ppm-range\/","name":"Teststreifen f\u00fcr freies Chlor in Pools und Whirlpools (0-10 ppm) \u2013 Lieferant und Hersteller","isPartOf":{"@id":"https:\/\/www.ph-teststrips.com\/#website"},"primaryImageOfPage":{"@id":"https:\/\/www.ph-teststrips.com\/product\/free-chlorine-test-strips-for-pool-and-spa-0-10ppm-range\/#primaryimage"},"image":{"@id":"https:\/\/www.ph-teststrips.com\/product\/free-chlorine-test-strips-for-pool-and-spa-0-10ppm-range\/#primaryimage"},"thumbnailUrl":"https:\/\/www.ph-teststrips.com\/wp-content\/uploads\/2023\/09\/free-chlorine-test-strips-for-pool-and-spa-2.jpg","datePublished":"2023-09-11T07:50:38+00:00","dateModified":"2023-09-11T08:39:24+00:00","breadcrumb":{"@id":"https:\/\/www.ph-teststrips.com\/product\/free-chlorine-test-strips-for-pool-and-spa-0-10ppm-range\/#breadcrumb"},"inLanguage":"de","potentialAction":[{"@type":"ReadAction","target":["https:\/\/www.ph-teststrips.com\/product\/free-chlorine-test-strips-for-pool-and-spa-0-10ppm-range\/"]}]},{"@type":"ImageObject","inLanguage":"de","@id":"https:\/\/www.ph-teststrips.com\/product\/free-chlorine-test-strips-for-pool-and-spa-0-10ppm-range\/#primaryimage","url":"https:\/\/www.ph-teststrips.com\/wp-content\/uploads\/2023\/09\/free-chlorine-test-strips-for-pool-and-spa-2.jpg","contentUrl":"https:\/\/www.ph-teststrips.com\/wp-content\/uploads\/2023\/09\/free-chlorine-test-strips-for-pool-and-spa-2.jpg","width":800,"height":800,"caption":"Free chlorine test strips for pool and spa"},{"@type":"BreadcrumbList","@id":"https:\/\/www.ph-teststrips.com\/product\/free-chlorine-test-strips-for-pool-and-spa-0-10ppm-range\/#breadcrumb","itemListElement":[{"@type":"ListItem","position":1,"name":"Home","item":"https:\/\/www.ph-teststrips.com\/"},{"@type":"ListItem","position":2,"name":"Shop","item":"https:\/\/www.ph-teststrips.com\/shop\/"},{"@type":"ListItem","position":3,"name":"Free chlorine test strips for pool and spa 0-10ppm Range"}]},{"@type":"WebSite","@id":"https:\/\/www.ph-teststrips.com\/#website","url":"https:\/\/www.ph-teststrips.com\/","name":"PH-Teststreifen","description":"","publisher":{"@id":"https:\/\/www.ph-teststrips.com\/#organization"},"potentialAction":[{"@type":"SearchAction","target":{"@type":"EntryPoint","urlTemplate":"https:\/\/www.ph-teststrips.com\/?s={search_term_string}"},"query-input":{"@type":"PropertyValueSpecification","valueRequired":true,"valueName":"search_term_string"}}],"inLanguage":"de"},{"@type":"Organization","@id":"https:\/\/www.ph-teststrips.com\/#organization","name":"PH-Teststreifen","url":"https:\/\/www.ph-teststrips.com\/","logo":{"@type":"ImageObject","inLanguage":"de","@id":"https:\/\/www.ph-teststrips.com\/#\/schema\/logo\/image\/","url":"https:\/\/www.ph-teststrips.com\/wp-content\/uploads\/2023\/05\/cropped-swm-logo.png","contentUrl":"https:\/\/www.ph-teststrips.com\/wp-content\/uploads\/2023\/05\/cropped-swm-logo.png","width":840,"height":404,"caption":"PH test strips"},"image":{"@id":"https:\/\/www.ph-teststrips.com\/#\/schema\/logo\/image\/"}}]}},"_links":{"self":[{"href":"https:\/\/www.ph-teststrips.com\/de\/wp-json\/wp\/v2\/product\/943","targetHints":{"allow":["GET"]}}],"collection":[{"href":"https:\/\/www.ph-teststrips.com\/de\/wp-json\/wp\/v2\/product"}],"about":[{"href":"https:\/\/www.ph-teststrips.com\/de\/wp-json\/wp\/v2\/types\/product"}],"replies":[{"embeddable":true,"href":"https:\/\/www.ph-teststrips.com\/de\/wp-json\/wp\/v2\/comments?post=943"}],"wp:featuredmedia":[{"embeddable":true,"href":"https:\/\/www.ph-teststrips.com\/de\/wp-json\/wp\/v2\/media\/945"}],"wp:attachment":[{"href":"https:\/\/www.ph-teststrips.com\/de\/wp-json\/wp\/v2\/media?parent=943"}],"wp:term":[{"taxonomy":"product_brand","embeddable":true,"href":"https:\/\/www.ph-teststrips.com\/de\/wp-json\/wp\/v2\/product_brand?post=943"},{"taxonomy":"product_cat","embeddable":true,"href":"https:\/\/www.ph-teststrips.com\/de\/wp-json\/wp\/v2\/product_cat?post=943"},{"taxonomy":"product_tag","embeddable":true,"href":"https:\/\/www.ph-teststrips.com\/de\/wp-json\/wp\/v2\/product_tag?post=943"}],"curies":[{"name":"wp","href":"https:\/\/api.w.org\/{rel}","templated":true}]}}