{"id":657,"date":"2023-03-28T03:34:46","date_gmt":"2023-03-28T03:34:46","guid":{"rendered":"https:\/\/www.poolteststrip.com\/?post_type=product&#038;p=657"},"modified":"2023-11-25T02:08:40","modified_gmt":"2023-11-25T02:08:40","slug":"pool-ph-strips-test-strips-for-pool-5-in-1","status":"publish","type":"product","link":"https:\/\/www.ph-teststrips.com\/de\/produkt\/pool-ph-strips-test-strips-for-pool-5-in-1\/","title":{"rendered":"Pool-pH-Streifen, Teststreifen f\u00fcr Pool 5 in 1"},"content":{"rendered":"<p><img fetchpriority=\"high\" decoding=\"async\" class=\"alignnone size-full wp-image-664\" src=\"https:\/\/www.ph-teststrips.com\/wp-content\/uploads\/2023\/03\/test-strips-for-pool-detail-01.jpg\" alt=\"Teststreifen f\u00fcr Pooldetails \" width=\"970\" height=\"600\" srcset=\"https:\/\/www.ph-teststrips.com\/wp-content\/uploads\/2023\/03\/test-strips-for-pool-detail-01.jpg 970w, https:\/\/www.ph-teststrips.com\/wp-content\/uploads\/2023\/03\/test-strips-for-pool-detail-01-600x371.jpg 600w, https:\/\/www.ph-teststrips.com\/wp-content\/uploads\/2023\/03\/test-strips-for-pool-detail-01-300x186.jpg 300w, https:\/\/www.ph-teststrips.com\/wp-content\/uploads\/2023\/03\/test-strips-for-pool-detail-01-768x475.jpg 768w\" sizes=\"(max-width: 970px) 100vw, 970px\" \/> <img decoding=\"async\" class=\"alignnone size-full wp-image-668\" src=\"https:\/\/www.ph-teststrips.com\/wp-content\/uploads\/2023\/03\/test-strips-for-pool-detail-05.jpg\" alt=\"Teststreifen f\u00fcr Pooldetails \" width=\"970\" height=\"600\" srcset=\"https:\/\/www.ph-teststrips.com\/wp-content\/uploads\/2023\/03\/test-strips-for-pool-detail-05.jpg 970w, https:\/\/www.ph-teststrips.com\/wp-content\/uploads\/2023\/03\/test-strips-for-pool-detail-05-600x371.jpg 600w, https:\/\/www.ph-teststrips.com\/wp-content\/uploads\/2023\/03\/test-strips-for-pool-detail-05-300x186.jpg 300w, https:\/\/www.ph-teststrips.com\/wp-content\/uploads\/2023\/03\/test-strips-for-pool-detail-05-768x475.jpg 768w\" sizes=\"(max-width: 970px) 100vw, 970px\" \/> <img decoding=\"async\" class=\"alignnone size-full wp-image-667\" src=\"https:\/\/www.ph-teststrips.com\/wp-content\/uploads\/2023\/03\/test-strips-for-pool-detail-04.jpg\" alt=\"Teststreifen f\u00fcr Pooldetails \" width=\"970\" height=\"600\" srcset=\"https:\/\/www.ph-teststrips.com\/wp-content\/uploads\/2023\/03\/test-strips-for-pool-detail-04.jpg 970w, https:\/\/www.ph-teststrips.com\/wp-content\/uploads\/2023\/03\/test-strips-for-pool-detail-04-600x371.jpg 600w, https:\/\/www.ph-teststrips.com\/wp-content\/uploads\/2023\/03\/test-strips-for-pool-detail-04-300x186.jpg 300w, https:\/\/www.ph-teststrips.com\/wp-content\/uploads\/2023\/03\/test-strips-for-pool-detail-04-768x475.jpg 768w\" sizes=\"(max-width: 970px) 100vw, 970px\" \/> <img loading=\"lazy\" decoding=\"async\" class=\"alignnone size-full wp-image-666\" src=\"https:\/\/www.ph-teststrips.com\/wp-content\/uploads\/2023\/03\/test-strips-for-pool-detail-03.jpg\" alt=\"Teststreifen f\u00fcr Pooldetails \" width=\"970\" height=\"600\" srcset=\"https:\/\/www.ph-teststrips.com\/wp-content\/uploads\/2023\/03\/test-strips-for-pool-detail-03.jpg 970w, https:\/\/www.ph-teststrips.com\/wp-content\/uploads\/2023\/03\/test-strips-for-pool-detail-03-600x371.jpg 600w, https:\/\/www.ph-teststrips.com\/wp-content\/uploads\/2023\/03\/test-strips-for-pool-detail-03-300x186.jpg 300w, https:\/\/www.ph-teststrips.com\/wp-content\/uploads\/2023\/03\/test-strips-for-pool-detail-03-768x475.jpg 768w\" sizes=\"(max-width: 970px) 100vw, 970px\" \/> <img loading=\"lazy\" decoding=\"async\" class=\"alignnone size-full wp-image-665\" src=\"https:\/\/www.ph-teststrips.com\/wp-content\/uploads\/2023\/03\/test-strips-for-pool-detail-02.jpg\" alt=\"Teststreifen f\u00fcr Pooldetails \" width=\"970\" height=\"600\" srcset=\"https:\/\/www.ph-teststrips.com\/wp-content\/uploads\/2023\/03\/test-strips-for-pool-detail-02.jpg 970w, https:\/\/www.ph-teststrips.com\/wp-content\/uploads\/2023\/03\/test-strips-for-pool-detail-02-600x371.jpg 600w, https:\/\/www.ph-teststrips.com\/wp-content\/uploads\/2023\/03\/test-strips-for-pool-detail-02-300x186.jpg 300w, https:\/\/www.ph-teststrips.com\/wp-content\/uploads\/2023\/03\/test-strips-for-pool-detail-02-768x475.jpg 768w\" sizes=\"(max-width: 970px) 100vw, 970px\" \/><\/p>","protected":false},"excerpt":{"rendered":"<p id=\"title\"><span id=\"productTitle\">Die besten pH-Teststreifen f\u00fcr Pools eignen sich ideal f\u00fcr Schwimmb\u00e4der, Spas, Whirlpools und Jacuzzis \u2013 einfacher und genauer Test auf freies Chlor, Brom, Gesamtalkalit\u00e4t und pH-Wert., <strong>Teststreifen zur Bestimmung der Wasserh\u00e4rte<\/strong><\/span><\/p>\n<p>Unsere Teststreifen f\u00fcr Pools<span id=\"productTitle\">\u00a05<\/span>-in-1 wurde f\u00fcr Kunden entwickelt, die Chlor in ihrem Pool oder Spa verwenden: das ideale Produkt zum Testen der wichtigsten Parameter in Ihrem Pool.<\/p>\n<p>Chlor 5-in-1 ist eine hervorragende Wahl f\u00fcr den Einstieg in die Pooltestung.<\/p>\n<p><a href=\"https:\/\/www.ph-teststrips.com\/de\/produktkategorie\/pool-salt-test-strips\/\">Salzwasser-Teststreifen<\/a>,<\/p>\n<p><a href=\"https:\/\/www.ahotech.com\/product-category\/hybrid-pulse-capacitor\/\" target=\"_blank\" rel=\"noopener\">Kombination aus Batterie und Kondensator<\/a><\/p>","protected":false},"featured_media":663,"comment_status":"open","ping_status":"closed","template":"","meta":{"_acf_changed":false,"site-sidebar-layout":"default","site-content-layout":"default","ast-site-content-layout":"","site-content-style":"default","site-sidebar-style":"default","ast-global-header-display":"","ast-banner-title-visibility":"","ast-main-header-display":"","ast-hfb-above-header-display":"","ast-hfb-below-header-display":"","ast-hfb-mobile-header-display":"","site-post-title":"","ast-breadcrumbs-content":"","ast-featured-img":"","footer-sml-layout":"","theme-transparent-header-meta":"default","adv-header-id-meta":"","stick-header-meta":"","header-above-stick-meta":"","header-main-stick-meta":"","header-below-stick-meta":"","astra-migrate-meta-layouts":"default","ast-page-background-enabled":"default","ast-page-background-meta":{"desktop":{"background-color":"","background-image":"","background-repeat":"repeat","background-position":"center center","background-size":"auto","background-attachment":"scroll","background-type":"","background-media":"","overlay-type":"","overlay-color":"","overlay-opacity":"","overlay-gradient":""},"tablet":{"background-color":"","background-image":"","background-repeat":"repeat","background-position":"center center","background-size":"auto","background-attachment":"scroll","background-type":"","background-media":"","overlay-type":"","overlay-color":"","overlay-opacity":"","overlay-gradient":""},"mobile":{"background-color":"","background-image":"","background-repeat":"repeat","background-position":"center center","background-size":"auto","background-attachment":"scroll","background-type":"","background-media":"","overlay-type":"","overlay-color":"","overlay-opacity":"","overlay-gradient":""}},"ast-content-background-meta":{"desktop":{"background-color":"var(--ast-global-color-5)","background-image":"","background-repeat":"repeat","background-position":"center center","background-size":"auto","background-attachment":"scroll","background-type":"","background-media":"","overlay-type":"","overlay-color":"","overlay-opacity":"","overlay-gradient":""},"tablet":{"background-color":"var(--ast-global-color-5)","background-image":"","background-repeat":"repeat","background-position":"center center","background-size":"auto","background-attachment":"scroll","background-type":"","background-media":"","overlay-type":"","overlay-color":"","overlay-opacity":"","overlay-gradient":""},"mobile":{"background-color":"var(--ast-global-color-5)","background-image":"","background-repeat":"repeat","background-position":"center center","background-size":"auto","background-attachment":"scroll","background-type":"","background-media":"","overlay-type":"","overlay-color":"","overlay-opacity":"","overlay-gradient":""}}},"product_brand":[],"product_cat":[25,23,26],"product_tag":[],"class_list":{"0":"post-657","1":"product","2":"type-product","3":"status-publish","4":"has-post-thumbnail","6":"product_cat-ph-strip-tester","7":"product_cat-salt-water-test-strips","8":"product_cat-test-strips-for-water-hardness","9":"desktop-align-left","10":"tablet-align-left","11":"mobile-align-left","13":"first","14":"instock","15":"shipping-taxable","16":"product-type-simple"},"acf":[],"yoast_head":"<!-- This site is optimized with the Yoast SEO plugin v26.2 - https:\/\/yoast.com\/wordpress\/plugins\/seo\/ -->\n<title>Pool ph strips, test strips for pool 5 in 1 , hard water test strips<\/title>\n<meta name=\"robots\" content=\"index, follow, max-snippet:-1, max-image-preview:large, max-video-preview:-1\" \/>\n<link rel=\"canonical\" href=\"https:\/\/www.ph-teststrips.com\/de\/produkt\/pool-ph-strips-test-strips-for-pool-5-in-1\/\" \/>\n<meta property=\"og:locale\" content=\"de_DE\" \/>\n<meta property=\"og:type\" content=\"article\" \/>\n<meta property=\"og:title\" content=\"Pool ph strips, test strips for pool 5 in 1 , hard water test strips\" \/>\n<meta property=\"og:description\" content=\"Best Pool ph strips are deal for Swimming Pools, Spa, Hot Tub, Jacuzzi \u2013 Easy and Accurate Test for Free Chlorine, Bromine, Total Alkalinity and pH, test strips for water hardness Our test strips for pool\u00a05-in-1 is designed for customers who use chlorine in their pool or spa: the go-to product for testing the most critical parameters in your pool.  Chlorine 5-in-1 is a great choice when getting started with pool testing  salt water test strips,  battery and capacitor combination\" \/>\n<meta property=\"og:url\" content=\"https:\/\/www.ph-teststrips.com\/de\/produkt\/pool-ph-strips-test-strips-for-pool-5-in-1\/\" \/>\n<meta property=\"og:site_name\" content=\"PH test strips\" \/>\n<meta property=\"article:modified_time\" content=\"2023-11-25T02:08:40+00:00\" \/>\n<meta property=\"og:image\" content=\"https:\/\/www.ph-teststrips.com\/wp-content\/uploads\/2023\/03\/test-strips-for-pool-6.jpg\" \/>\n\t<meta property=\"og:image:width\" content=\"800\" \/>\n\t<meta property=\"og:image:height\" content=\"800\" \/>\n\t<meta property=\"og:image:type\" content=\"image\/jpeg\" \/>\n<meta name=\"twitter:card\" content=\"summary_large_image\" \/>\n<meta name=\"twitter:label1\" content=\"Gesch\u00e4tzte Lesezeit\" \/>\n\t<meta name=\"twitter:data1\" content=\"1\u00a0Minute\" \/>\n<script type=\"application\/ld+json\" class=\"yoast-schema-graph\">{\"@context\":\"https:\/\/schema.org\",\"@graph\":[{\"@type\":\"WebPage\",\"@id\":\"https:\/\/www.ph-teststrips.com\/product\/pool-ph-strips-test-strips-for-pool-5-in-1\/\",\"url\":\"https:\/\/www.ph-teststrips.com\/product\/pool-ph-strips-test-strips-for-pool-5-in-1\/\",\"name\":\"Pool ph strips, test strips for pool 5 in 1 , hard water test strips\",\"isPartOf\":{\"@id\":\"https:\/\/www.ph-teststrips.com\/#website\"},\"primaryImageOfPage\":{\"@id\":\"https:\/\/www.ph-teststrips.com\/product\/pool-ph-strips-test-strips-for-pool-5-in-1\/#primaryimage\"},\"image\":{\"@id\":\"https:\/\/www.ph-teststrips.com\/product\/pool-ph-strips-test-strips-for-pool-5-in-1\/#primaryimage\"},\"thumbnailUrl\":\"https:\/\/www.ph-teststrips.com\/wp-content\/uploads\/2023\/03\/test-strips-for-pool-6.jpg\",\"datePublished\":\"2023-03-28T03:34:46+00:00\",\"dateModified\":\"2023-11-25T02:08:40+00:00\",\"breadcrumb\":{\"@id\":\"https:\/\/www.ph-teststrips.com\/product\/pool-ph-strips-test-strips-for-pool-5-in-1\/#breadcrumb\"},\"inLanguage\":\"de\",\"potentialAction\":[{\"@type\":\"ReadAction\",\"target\":[\"https:\/\/www.ph-teststrips.com\/product\/pool-ph-strips-test-strips-for-pool-5-in-1\/\"]}]},{\"@type\":\"ImageObject\",\"inLanguage\":\"de\",\"@id\":\"https:\/\/www.ph-teststrips.com\/product\/pool-ph-strips-test-strips-for-pool-5-in-1\/#primaryimage\",\"url\":\"https:\/\/www.ph-teststrips.com\/wp-content\/uploads\/2023\/03\/test-strips-for-pool-6.jpg\",\"contentUrl\":\"https:\/\/www.ph-teststrips.com\/wp-content\/uploads\/2023\/03\/test-strips-for-pool-6.jpg\",\"width\":800,\"height\":800,\"caption\":\"test strips for pool\"},{\"@type\":\"BreadcrumbList\",\"@id\":\"https:\/\/www.ph-teststrips.com\/product\/pool-ph-strips-test-strips-for-pool-5-in-1\/#breadcrumb\",\"itemListElement\":[{\"@type\":\"ListItem\",\"position\":1,\"name\":\"Home\",\"item\":\"https:\/\/www.ph-teststrips.com\/\"},{\"@type\":\"ListItem\",\"position\":2,\"name\":\"Shop\",\"item\":\"https:\/\/www.ph-teststrips.com\/shop\/\"},{\"@type\":\"ListItem\",\"position\":3,\"name\":\"Pool ph strips, test strips for pool 5 in 1\"}]},{\"@type\":\"WebSite\",\"@id\":\"https:\/\/www.ph-teststrips.com\/#website\",\"url\":\"https:\/\/www.ph-teststrips.com\/\",\"name\":\"PH test strips\",\"description\":\"\",\"publisher\":{\"@id\":\"https:\/\/www.ph-teststrips.com\/#organization\"},\"potentialAction\":[{\"@type\":\"SearchAction\",\"target\":{\"@type\":\"EntryPoint\",\"urlTemplate\":\"https:\/\/www.ph-teststrips.com\/?s={search_term_string}\"},\"query-input\":{\"@type\":\"PropertyValueSpecification\",\"valueRequired\":true,\"valueName\":\"search_term_string\"}}],\"inLanguage\":\"de\"},{\"@type\":\"Organization\",\"@id\":\"https:\/\/www.ph-teststrips.com\/#organization\",\"name\":\"PH test strips\",\"url\":\"https:\/\/www.ph-teststrips.com\/\",\"logo\":{\"@type\":\"ImageObject\",\"inLanguage\":\"de\",\"@id\":\"https:\/\/www.ph-teststrips.com\/#\/schema\/logo\/image\/\",\"url\":\"https:\/\/www.ph-teststrips.com\/wp-content\/uploads\/2023\/05\/cropped-swm-logo.png\",\"contentUrl\":\"https:\/\/www.ph-teststrips.com\/wp-content\/uploads\/2023\/05\/cropped-swm-logo.png\",\"width\":840,\"height\":404,\"caption\":\"PH test strips\"},\"image\":{\"@id\":\"https:\/\/www.ph-teststrips.com\/#\/schema\/logo\/image\/\"}}]}<\/script>\n<!-- \/ Yoast SEO plugin. -->","yoast_head_json":{"title":"pH-Teststreifen f\u00fcr Pools, 5-in-1-Teststreifen f\u00fcr Pools, Teststreifen f\u00fcr hartes Wasser","robots":{"index":"index","follow":"follow","max-snippet":"max-snippet:-1","max-image-preview":"max-image-preview:large","max-video-preview":"max-video-preview:-1"},"canonical":"https:\/\/www.ph-teststrips.com\/de\/produkt\/pool-ph-strips-test-strips-for-pool-5-in-1\/","og_locale":"de_DE","og_type":"article","og_title":"Pool ph strips, test strips for pool 5 in 1 , hard water test strips","og_description":"Best Pool ph strips are deal for Swimming Pools, Spa, Hot Tub, Jacuzzi \u2013 Easy and Accurate Test for Free Chlorine, Bromine, Total Alkalinity and pH, test strips for water hardness Our test strips for pool\u00a05-in-1 is designed for customers who use chlorine in their pool or spa: the go-to product for testing the most critical parameters in your pool.  Chlorine 5-in-1 is a great choice when getting started with pool testing  salt water test strips,  battery and capacitor combination","og_url":"https:\/\/www.ph-teststrips.com\/de\/produkt\/pool-ph-strips-test-strips-for-pool-5-in-1\/","og_site_name":"PH test strips","article_modified_time":"2023-11-25T02:08:40+00:00","og_image":[{"width":800,"height":800,"url":"https:\/\/www.ph-teststrips.com\/wp-content\/uploads\/2023\/03\/test-strips-for-pool-6.jpg","type":"image\/jpeg"}],"twitter_card":"summary_large_image","twitter_misc":{"Gesch\u00e4tzte Lesezeit":"1\u00a0Minute"},"schema":{"@context":"https:\/\/schema.org","@graph":[{"@type":"WebPage","@id":"https:\/\/www.ph-teststrips.com\/product\/pool-ph-strips-test-strips-for-pool-5-in-1\/","url":"https:\/\/www.ph-teststrips.com\/product\/pool-ph-strips-test-strips-for-pool-5-in-1\/","name":"pH-Teststreifen f\u00fcr Pools, 5-in-1-Teststreifen f\u00fcr Pools, Teststreifen f\u00fcr hartes Wasser","isPartOf":{"@id":"https:\/\/www.ph-teststrips.com\/#website"},"primaryImageOfPage":{"@id":"https:\/\/www.ph-teststrips.com\/product\/pool-ph-strips-test-strips-for-pool-5-in-1\/#primaryimage"},"image":{"@id":"https:\/\/www.ph-teststrips.com\/product\/pool-ph-strips-test-strips-for-pool-5-in-1\/#primaryimage"},"thumbnailUrl":"https:\/\/www.ph-teststrips.com\/wp-content\/uploads\/2023\/03\/test-strips-for-pool-6.jpg","datePublished":"2023-03-28T03:34:46+00:00","dateModified":"2023-11-25T02:08:40+00:00","breadcrumb":{"@id":"https:\/\/www.ph-teststrips.com\/product\/pool-ph-strips-test-strips-for-pool-5-in-1\/#breadcrumb"},"inLanguage":"de","potentialAction":[{"@type":"ReadAction","target":["https:\/\/www.ph-teststrips.com\/product\/pool-ph-strips-test-strips-for-pool-5-in-1\/"]}]},{"@type":"ImageObject","inLanguage":"de","@id":"https:\/\/www.ph-teststrips.com\/product\/pool-ph-strips-test-strips-for-pool-5-in-1\/#primaryimage","url":"https:\/\/www.ph-teststrips.com\/wp-content\/uploads\/2023\/03\/test-strips-for-pool-6.jpg","contentUrl":"https:\/\/www.ph-teststrips.com\/wp-content\/uploads\/2023\/03\/test-strips-for-pool-6.jpg","width":800,"height":800,"caption":"test strips for pool"},{"@type":"BreadcrumbList","@id":"https:\/\/www.ph-teststrips.com\/product\/pool-ph-strips-test-strips-for-pool-5-in-1\/#breadcrumb","itemListElement":[{"@type":"ListItem","position":1,"name":"Home","item":"https:\/\/www.ph-teststrips.com\/"},{"@type":"ListItem","position":2,"name":"Shop","item":"https:\/\/www.ph-teststrips.com\/shop\/"},{"@type":"ListItem","position":3,"name":"Pool ph strips, test strips for pool 5 in 1"}]},{"@type":"WebSite","@id":"https:\/\/www.ph-teststrips.com\/#website","url":"https:\/\/www.ph-teststrips.com\/","name":"PH-Teststreifen","description":"","publisher":{"@id":"https:\/\/www.ph-teststrips.com\/#organization"},"potentialAction":[{"@type":"SearchAction","target":{"@type":"EntryPoint","urlTemplate":"https:\/\/www.ph-teststrips.com\/?s={search_term_string}"},"query-input":{"@type":"PropertyValueSpecification","valueRequired":true,"valueName":"search_term_string"}}],"inLanguage":"de"},{"@type":"Organization","@id":"https:\/\/www.ph-teststrips.com\/#organization","name":"PH-Teststreifen","url":"https:\/\/www.ph-teststrips.com\/","logo":{"@type":"ImageObject","inLanguage":"de","@id":"https:\/\/www.ph-teststrips.com\/#\/schema\/logo\/image\/","url":"https:\/\/www.ph-teststrips.com\/wp-content\/uploads\/2023\/05\/cropped-swm-logo.png","contentUrl":"https:\/\/www.ph-teststrips.com\/wp-content\/uploads\/2023\/05\/cropped-swm-logo.png","width":840,"height":404,"caption":"PH test strips"},"image":{"@id":"https:\/\/www.ph-teststrips.com\/#\/schema\/logo\/image\/"}}]}},"_links":{"self":[{"href":"https:\/\/www.ph-teststrips.com\/de\/wp-json\/wp\/v2\/product\/657","targetHints":{"allow":["GET"]}}],"collection":[{"href":"https:\/\/www.ph-teststrips.com\/de\/wp-json\/wp\/v2\/product"}],"about":[{"href":"https:\/\/www.ph-teststrips.com\/de\/wp-json\/wp\/v2\/types\/product"}],"replies":[{"embeddable":true,"href":"https:\/\/www.ph-teststrips.com\/de\/wp-json\/wp\/v2\/comments?post=657"}],"wp:featuredmedia":[{"embeddable":true,"href":"https:\/\/www.ph-teststrips.com\/de\/wp-json\/wp\/v2\/media\/663"}],"wp:attachment":[{"href":"https:\/\/www.ph-teststrips.com\/de\/wp-json\/wp\/v2\/media?parent=657"}],"wp:term":[{"taxonomy":"product_brand","embeddable":true,"href":"https:\/\/www.ph-teststrips.com\/de\/wp-json\/wp\/v2\/product_brand?post=657"},{"taxonomy":"product_cat","embeddable":true,"href":"https:\/\/www.ph-teststrips.com\/de\/wp-json\/wp\/v2\/product_cat?post=657"},{"taxonomy":"product_tag","embeddable":true,"href":"https:\/\/www.ph-teststrips.com\/de\/wp-json\/wp\/v2\/product_tag?post=657"}],"curies":[{"name":"wp","href":"https:\/\/api.w.org\/{rel}","templated":true}]}}