{"id":728,"date":"2023-04-04T03:12:52","date_gmt":"2023-04-04T03:12:52","guid":{"rendered":"https:\/\/www.poolteststrip.com\/?post_type=product&#038;p=728"},"modified":"2023-12-15T01:41:06","modified_gmt":"2023-12-15T01:41:06","slug":"saltwater-pool-test-strips-6-in-1-100pcs-in-sealed-10-packages","status":"publish","type":"product","link":"https:\/\/www.ph-teststrips.com\/da\/produkt\/saltwater-pool-test-strips-6-in-1-100pcs-in-sealed-10-packages\/","title":{"rendered":"Teststrimler til saltvandspools 6 i 1, 100 stk. i 10 forseglede pakker"},"content":{"rendered":"<p>Teststrimler til saltvandspools, test for frit klor, frit brom, pH, cyanursyre, total brom, total alkalinitet og total h\u00e5rdhed.<\/p>\n<p>Udover vores OEM\/ODM-tjenester tilbyder vi ogs\u00e5 en r\u00e6kke forskellige flaskemuligheder. Uanset om du foretr\u00e6kker en standardflaske med en twist-off-h\u00e6tte eller en mere premium-variant med en flip-off-h\u00e6tte og t\u00f8rremiddelpakke (aluminiumsfolie eller milj\u00f8venlig) for at holde strimlerne friske, har vi det, du leder efter. Vores m\u00e5l er at give dig et produkt, der ikke kun fungerer effektivt, men ogs\u00e5 opfylder dine behov for emballage og pr\u00e6sentation.<\/p>\n<p><img fetchpriority=\"high\" decoding=\"async\" class=\"alignnone size-full wp-image-735\" src=\"https:\/\/www.ph-teststrips.com\/wp-content\/uploads\/2023\/04\/saltwater-pool-test-strips-detail-1.jpg\" alt=\"detaljer om teststrimler til saltvandspool\" width=\"970\" height=\"600\" srcset=\"https:\/\/www.ph-teststrips.com\/wp-content\/uploads\/2023\/04\/saltwater-pool-test-strips-detail-1.jpg 970w, https:\/\/www.ph-teststrips.com\/wp-content\/uploads\/2023\/04\/saltwater-pool-test-strips-detail-1-600x371.jpg 600w, https:\/\/www.ph-teststrips.com\/wp-content\/uploads\/2023\/04\/saltwater-pool-test-strips-detail-1-300x186.jpg 300w, https:\/\/www.ph-teststrips.com\/wp-content\/uploads\/2023\/04\/saltwater-pool-test-strips-detail-1-768x475.jpg 768w\" sizes=\"(max-width: 970px) 100vw, 970px\" \/> <img decoding=\"async\" class=\"alignnone size-full wp-image-736\" src=\"https:\/\/www.ph-teststrips.com\/wp-content\/uploads\/2023\/04\/saltwater-pool-test-strips-detail-2.jpg\" alt=\"detaljer om teststrimler til saltvandspool\" width=\"970\" height=\"600\" srcset=\"https:\/\/www.ph-teststrips.com\/wp-content\/uploads\/2023\/04\/saltwater-pool-test-strips-detail-2.jpg 970w, https:\/\/www.ph-teststrips.com\/wp-content\/uploads\/2023\/04\/saltwater-pool-test-strips-detail-2-600x371.jpg 600w, https:\/\/www.ph-teststrips.com\/wp-content\/uploads\/2023\/04\/saltwater-pool-test-strips-detail-2-300x186.jpg 300w, https:\/\/www.ph-teststrips.com\/wp-content\/uploads\/2023\/04\/saltwater-pool-test-strips-detail-2-768x475.jpg 768w\" sizes=\"(max-width: 970px) 100vw, 970px\" \/> \u00a0<img decoding=\"async\" class=\"alignnone size-full wp-image-738\" src=\"https:\/\/www.ph-teststrips.com\/wp-content\/uploads\/2023\/04\/saltwater-pool-test-strips-detail-9.jpg\" alt=\"detaljer om teststrimler til saltvandspool\" width=\"970\" height=\"600\" srcset=\"https:\/\/www.ph-teststrips.com\/wp-content\/uploads\/2023\/04\/saltwater-pool-test-strips-detail-9.jpg 970w, https:\/\/www.ph-teststrips.com\/wp-content\/uploads\/2023\/04\/saltwater-pool-test-strips-detail-9-600x371.jpg 600w, https:\/\/www.ph-teststrips.com\/wp-content\/uploads\/2023\/04\/saltwater-pool-test-strips-detail-9-300x186.jpg 300w, https:\/\/www.ph-teststrips.com\/wp-content\/uploads\/2023\/04\/saltwater-pool-test-strips-detail-9-768x475.jpg 768w\" sizes=\"(max-width: 970px) 100vw, 970px\" \/> <img loading=\"lazy\" decoding=\"async\" class=\"alignnone size-full wp-image-739\" src=\"https:\/\/www.ph-teststrips.com\/wp-content\/uploads\/2023\/04\/saltwater-pool-test-strips-detail-10.jpg\" alt=\"detaljer om teststrimler til saltvandspool\" width=\"970\" height=\"600\" srcset=\"https:\/\/www.ph-teststrips.com\/wp-content\/uploads\/2023\/04\/saltwater-pool-test-strips-detail-10.jpg 970w, https:\/\/www.ph-teststrips.com\/wp-content\/uploads\/2023\/04\/saltwater-pool-test-strips-detail-10-600x371.jpg 600w, https:\/\/www.ph-teststrips.com\/wp-content\/uploads\/2023\/04\/saltwater-pool-test-strips-detail-10-300x186.jpg 300w, https:\/\/www.ph-teststrips.com\/wp-content\/uploads\/2023\/04\/saltwater-pool-test-strips-detail-10-768x475.jpg 768w\" sizes=\"(max-width: 970px) 100vw, 970px\" \/><\/p>\n<p><a href=\"https:\/\/www.ph-teststrips.com\/da\/produktkategori\/salt-water-test-strips\/\" target=\"_blank\" rel=\"noopener\">saltvandsteststrimler<\/a>,<a href=\"https:\/\/www.ph-teststrips.com\/da\/produktkategori\/test-strips-for-water-hardness\/\" target=\"_blank\" rel=\"noopener\">strimler til test af vandh\u00e5rdhed<\/a><\/p>","protected":false},"excerpt":{"rendered":"<ul>\n<li>Hurtig og pr\u00e6cis: Vores teststrimler er meget f\u00f8lsomme og leverer pr\u00e6cise resultater p\u00e5 f\u00e5 sekunder, s\u00e5 du hurtigt kan reagere for at afbalancere din pools kemi.<\/li>\n<li>Omfattende test: Vores 6-i-1 poolteststrimler giver omfattende test af syv vigtige parametre, herunder frit klor, frit brom, pH, cyanursyre, total brom, total alkalinitet og total h\u00e5rdhed. Med blot \u00e9t dyp kan du f\u00e5 et komplet billede af din pools kemi.<\/li>\n<li>Nem at bruge: Dyp blot strimlen i dit poolvand, fjern den efter et par sekunder, og sammenlign farvekortet p\u00e5 flasken for at f\u00e5 \u00f8jeblikkelige resultater. Intet kompliceret udstyr eller processer kr\u00e6ves!<\/li>\n<li>P\u00e5lidelig kvalitet: Vores teststrimler er lavet af materialer af h\u00f8j kvalitet og testes grundigt for n\u00f8jagtighed og ensartethed, s\u00e5 du kan stole p\u00e5 resultaterne hver gang.<\/li>\n<li>Spar penge: Med vores 6-i-1 poolteststrimler kan du undg\u00e5 dyre ture til poolbutikken og trygt vedligeholde din pools kemi fra dit eget hjem.<\/li>\n<li>Ideel til pools og spaer: Vores teststrimler er perfekte til test af b\u00e5de pools og spaer, hvilket g\u00f8r dem til et alsidigt v\u00e6rkt\u00f8j til alle dine vandvedligeholdelsesbehov.<\/li>\n<\/ul>\n<p>&nbsp;<\/p>","protected":false},"featured_media":729,"comment_status":"open","ping_status":"closed","template":"","meta":{"_acf_changed":false,"site-sidebar-layout":"default","site-content-layout":"default","ast-site-content-layout":"default","site-content-style":"default","site-sidebar-style":"default","ast-global-header-display":"","ast-banner-title-visibility":"","ast-main-header-display":"","ast-hfb-above-header-display":"","ast-hfb-below-header-display":"","ast-hfb-mobile-header-display":"","site-post-title":"","ast-breadcrumbs-content":"","ast-featured-img":"","footer-sml-layout":"","theme-transparent-header-meta":"default","adv-header-id-meta":"","stick-header-meta":"","header-above-stick-meta":"","header-main-stick-meta":"","header-below-stick-meta":"","astra-migrate-meta-layouts":"set","ast-page-background-enabled":"default","ast-page-background-meta":{"desktop":{"background-color":"","background-image":"","background-repeat":"repeat","background-position":"center center","background-size":"auto","background-attachment":"scroll","background-type":"","background-media":"","overlay-type":"","overlay-color":"","overlay-opacity":"","overlay-gradient":""},"tablet":{"background-color":"","background-image":"","background-repeat":"repeat","background-position":"center center","background-size":"auto","background-attachment":"scroll","background-type":"","background-media":"","overlay-type":"","overlay-color":"","overlay-opacity":"","overlay-gradient":""},"mobile":{"background-color":"","background-image":"","background-repeat":"repeat","background-position":"center center","background-size":"auto","background-attachment":"scroll","background-type":"","background-media":"","overlay-type":"","overlay-color":"","overlay-opacity":"","overlay-gradient":""}},"ast-content-background-meta":{"desktop":{"background-color":"var(--ast-global-color-5)","background-image":"","background-repeat":"repeat","background-position":"center center","background-size":"auto","background-attachment":"scroll","background-type":"","background-media":"","overlay-type":"","overlay-color":"","overlay-opacity":"","overlay-gradient":""},"tablet":{"background-color":"var(--ast-global-color-5)","background-image":"","background-repeat":"repeat","background-position":"center center","background-size":"auto","background-attachment":"scroll","background-type":"","background-media":"","overlay-type":"","overlay-color":"","overlay-opacity":"","overlay-gradient":""},"mobile":{"background-color":"var(--ast-global-color-5)","background-image":"","background-repeat":"repeat","background-position":"center center","background-size":"auto","background-attachment":"scroll","background-type":"","background-media":"","overlay-type":"","overlay-color":"","overlay-opacity":"","overlay-gradient":""}}},"product_brand":[],"product_cat":[25,23],"product_tag":[30],"class_list":{"0":"post-728","1":"product","2":"type-product","3":"status-publish","4":"has-post-thumbnail","6":"product_cat-ph-strip-tester","7":"product_cat-salt-water-test-strips","8":"product_tag-chlorine-test-strips","9":"desktop-align-left","10":"tablet-align-left","11":"mobile-align-left","13":"first","14":"instock","15":"shipping-taxable","16":"product-type-simple"},"acf":[],"yoast_head":"<!-- This site is optimized with the Yoast SEO plugin v26.2 - https:\/\/yoast.com\/wordpress\/plugins\/seo\/ -->\n<title>Saltwater pool test strips 6 in 1, 100pcs in 10 sealed packages<\/title>\n<meta name=\"robots\" content=\"index, follow, max-snippet:-1, max-image-preview:large, max-video-preview:-1\" \/>\n<link rel=\"canonical\" href=\"https:\/\/www.ph-teststrips.com\/da\/produkt\/saltwater-pool-test-strips-6-in-1-100pcs-in-sealed-10-packages\/\" \/>\n<meta property=\"og:locale\" content=\"da_DK\" \/>\n<meta property=\"og:type\" content=\"article\" \/>\n<meta property=\"og:title\" content=\"Saltwater pool test strips 6 in 1, 100pcs in 10 sealed packages\" \/>\n<meta property=\"og:description\" content=\"Fast and Accurate: Our test strips are highly sensitive and deliver accurate results in just seconds,allowing you to take swift action to balance your pool&#039;s chemistry.  Comprehensive Testing: Our 6 in 1 pool test strips provide comprehensive testing for seven important parameters, including free chlorine, free bromine, pH, cyanuric acid, total bromine,total alkalinity, and total hardness. With just one dip, you can get a complete picture of yourpool&#039;s chemistry.  Easy to Use: Simply dip the strip into your pool water, remove it after a few seconds, and compare the color chart on the bottle to get instant results. No complicated equipment or processes required!  Reliable Quality: Our test strips are made with high-quality materials and are rigorously tested for accuracy and consistency, so you can trust the results every time.  Save Money: With our 6 in 1 pool test strips, you can avoid costly trips to the pool store and confidently maintain your pool&#039;s chemistry from the comfort of your own home.  Ideal for Pools and Spas: Our test strips are perfect for testing both pools and spas, making them aversatile tool for all your water maintenance needs.  &nbsp;\" \/>\n<meta property=\"og:url\" content=\"https:\/\/www.ph-teststrips.com\/da\/produkt\/saltwater-pool-test-strips-6-in-1-100pcs-in-sealed-10-packages\/\" \/>\n<meta property=\"og:site_name\" content=\"PH test strips\" \/>\n<meta property=\"article:modified_time\" content=\"2023-12-15T01:41:06+00:00\" \/>\n<meta property=\"og:image\" content=\"https:\/\/www.ph-teststrips.com\/wp-content\/uploads\/2023\/04\/saltwater-pool-test-strips-1.jpg\" \/>\n\t<meta property=\"og:image:width\" content=\"800\" \/>\n\t<meta property=\"og:image:height\" content=\"800\" \/>\n\t<meta property=\"og:image:type\" content=\"image\/jpeg\" \/>\n<meta name=\"twitter:card\" content=\"summary_large_image\" \/>\n<meta name=\"twitter:label1\" content=\"Estimeret l\u00e6setid\" \/>\n\t<meta name=\"twitter:data1\" content=\"2 minutter\" \/>\n<script type=\"application\/ld+json\" class=\"yoast-schema-graph\">{\"@context\":\"https:\/\/schema.org\",\"@graph\":[{\"@type\":\"WebPage\",\"@id\":\"https:\/\/www.ph-teststrips.com\/product\/saltwater-pool-test-strips-6-in-1-100pcs-in-sealed-10-packages\/\",\"url\":\"https:\/\/www.ph-teststrips.com\/product\/saltwater-pool-test-strips-6-in-1-100pcs-in-sealed-10-packages\/\",\"name\":\"Saltwater pool test strips 6 in 1, 100pcs in 10 sealed packages\",\"isPartOf\":{\"@id\":\"https:\/\/www.ph-teststrips.com\/#website\"},\"primaryImageOfPage\":{\"@id\":\"https:\/\/www.ph-teststrips.com\/product\/saltwater-pool-test-strips-6-in-1-100pcs-in-sealed-10-packages\/#primaryimage\"},\"image\":{\"@id\":\"https:\/\/www.ph-teststrips.com\/product\/saltwater-pool-test-strips-6-in-1-100pcs-in-sealed-10-packages\/#primaryimage\"},\"thumbnailUrl\":\"https:\/\/www.ph-teststrips.com\/wp-content\/uploads\/2023\/04\/saltwater-pool-test-strips-1.jpg\",\"datePublished\":\"2023-04-04T03:12:52+00:00\",\"dateModified\":\"2023-12-15T01:41:06+00:00\",\"breadcrumb\":{\"@id\":\"https:\/\/www.ph-teststrips.com\/product\/saltwater-pool-test-strips-6-in-1-100pcs-in-sealed-10-packages\/#breadcrumb\"},\"inLanguage\":\"da-DK\",\"potentialAction\":[{\"@type\":\"ReadAction\",\"target\":[\"https:\/\/www.ph-teststrips.com\/product\/saltwater-pool-test-strips-6-in-1-100pcs-in-sealed-10-packages\/\"]}]},{\"@type\":\"ImageObject\",\"inLanguage\":\"da-DK\",\"@id\":\"https:\/\/www.ph-teststrips.com\/product\/saltwater-pool-test-strips-6-in-1-100pcs-in-sealed-10-packages\/#primaryimage\",\"url\":\"https:\/\/www.ph-teststrips.com\/wp-content\/uploads\/2023\/04\/saltwater-pool-test-strips-1.jpg\",\"contentUrl\":\"https:\/\/www.ph-teststrips.com\/wp-content\/uploads\/2023\/04\/saltwater-pool-test-strips-1.jpg\",\"width\":800,\"height\":800,\"caption\":\"saltwater pool test strips\"},{\"@type\":\"BreadcrumbList\",\"@id\":\"https:\/\/www.ph-teststrips.com\/product\/saltwater-pool-test-strips-6-in-1-100pcs-in-sealed-10-packages\/#breadcrumb\",\"itemListElement\":[{\"@type\":\"ListItem\",\"position\":1,\"name\":\"Home\",\"item\":\"https:\/\/www.ph-teststrips.com\/\"},{\"@type\":\"ListItem\",\"position\":2,\"name\":\"Shop\",\"item\":\"https:\/\/www.ph-teststrips.com\/shop\/\"},{\"@type\":\"ListItem\",\"position\":3,\"name\":\"Saltwater pool test strips 6 in 1, 100pcs in 10 sealed packages\"}]},{\"@type\":\"WebSite\",\"@id\":\"https:\/\/www.ph-teststrips.com\/#website\",\"url\":\"https:\/\/www.ph-teststrips.com\/\",\"name\":\"PH test strips\",\"description\":\"\",\"publisher\":{\"@id\":\"https:\/\/www.ph-teststrips.com\/#organization\"},\"potentialAction\":[{\"@type\":\"SearchAction\",\"target\":{\"@type\":\"EntryPoint\",\"urlTemplate\":\"https:\/\/www.ph-teststrips.com\/?s={search_term_string}\"},\"query-input\":{\"@type\":\"PropertyValueSpecification\",\"valueRequired\":true,\"valueName\":\"search_term_string\"}}],\"inLanguage\":\"da-DK\"},{\"@type\":\"Organization\",\"@id\":\"https:\/\/www.ph-teststrips.com\/#organization\",\"name\":\"PH test strips\",\"url\":\"https:\/\/www.ph-teststrips.com\/\",\"logo\":{\"@type\":\"ImageObject\",\"inLanguage\":\"da-DK\",\"@id\":\"https:\/\/www.ph-teststrips.com\/#\/schema\/logo\/image\/\",\"url\":\"https:\/\/www.ph-teststrips.com\/wp-content\/uploads\/2023\/05\/cropped-swm-logo.png\",\"contentUrl\":\"https:\/\/www.ph-teststrips.com\/wp-content\/uploads\/2023\/05\/cropped-swm-logo.png\",\"width\":840,\"height\":404,\"caption\":\"PH test strips\"},\"image\":{\"@id\":\"https:\/\/www.ph-teststrips.com\/#\/schema\/logo\/image\/\"}}]}<\/script>\n<!-- \/ Yoast SEO plugin. -->","yoast_head_json":{"title":"Teststrimler til saltvandspools 6 i 1, 100 stk. i 10 forseglede pakker","robots":{"index":"index","follow":"follow","max-snippet":"max-snippet:-1","max-image-preview":"max-image-preview:large","max-video-preview":"max-video-preview:-1"},"canonical":"https:\/\/www.ph-teststrips.com\/da\/produkt\/saltwater-pool-test-strips-6-in-1-100pcs-in-sealed-10-packages\/","og_locale":"da_DK","og_type":"article","og_title":"Saltwater pool test strips 6 in 1, 100pcs in 10 sealed packages","og_description":"Fast and Accurate: Our test strips are highly sensitive and deliver accurate results in just seconds,allowing you to take swift action to balance your pool's chemistry.  Comprehensive Testing: Our 6 in 1 pool test strips provide comprehensive testing for seven important parameters, including free chlorine, free bromine, pH, cyanuric acid, total bromine,total alkalinity, and total hardness. With just one dip, you can get a complete picture of yourpool's chemistry.  Easy to Use: Simply dip the strip into your pool water, remove it after a few seconds, and compare the color chart on the bottle to get instant results. No complicated equipment or processes required!  Reliable Quality: Our test strips are made with high-quality materials and are rigorously tested for accuracy and consistency, so you can trust the results every time.  Save Money: With our 6 in 1 pool test strips, you can avoid costly trips to the pool store and confidently maintain your pool's chemistry from the comfort of your own home.  Ideal for Pools and Spas: Our test strips are perfect for testing both pools and spas, making them aversatile tool for all your water maintenance needs.  &nbsp;","og_url":"https:\/\/www.ph-teststrips.com\/da\/produkt\/saltwater-pool-test-strips-6-in-1-100pcs-in-sealed-10-packages\/","og_site_name":"PH test strips","article_modified_time":"2023-12-15T01:41:06+00:00","og_image":[{"width":800,"height":800,"url":"https:\/\/www.ph-teststrips.com\/wp-content\/uploads\/2023\/04\/saltwater-pool-test-strips-1.jpg","type":"image\/jpeg"}],"twitter_card":"summary_large_image","twitter_misc":{"Estimeret l\u00e6setid":"2 minutter"},"schema":{"@context":"https:\/\/schema.org","@graph":[{"@type":"WebPage","@id":"https:\/\/www.ph-teststrips.com\/product\/saltwater-pool-test-strips-6-in-1-100pcs-in-sealed-10-packages\/","url":"https:\/\/www.ph-teststrips.com\/product\/saltwater-pool-test-strips-6-in-1-100pcs-in-sealed-10-packages\/","name":"Teststrimler til saltvandspools 6 i 1, 100 stk. i 10 forseglede pakker","isPartOf":{"@id":"https:\/\/www.ph-teststrips.com\/#website"},"primaryImageOfPage":{"@id":"https:\/\/www.ph-teststrips.com\/product\/saltwater-pool-test-strips-6-in-1-100pcs-in-sealed-10-packages\/#primaryimage"},"image":{"@id":"https:\/\/www.ph-teststrips.com\/product\/saltwater-pool-test-strips-6-in-1-100pcs-in-sealed-10-packages\/#primaryimage"},"thumbnailUrl":"https:\/\/www.ph-teststrips.com\/wp-content\/uploads\/2023\/04\/saltwater-pool-test-strips-1.jpg","datePublished":"2023-04-04T03:12:52+00:00","dateModified":"2023-12-15T01:41:06+00:00","breadcrumb":{"@id":"https:\/\/www.ph-teststrips.com\/product\/saltwater-pool-test-strips-6-in-1-100pcs-in-sealed-10-packages\/#breadcrumb"},"inLanguage":"da-DK","potentialAction":[{"@type":"ReadAction","target":["https:\/\/www.ph-teststrips.com\/product\/saltwater-pool-test-strips-6-in-1-100pcs-in-sealed-10-packages\/"]}]},{"@type":"ImageObject","inLanguage":"da-DK","@id":"https:\/\/www.ph-teststrips.com\/product\/saltwater-pool-test-strips-6-in-1-100pcs-in-sealed-10-packages\/#primaryimage","url":"https:\/\/www.ph-teststrips.com\/wp-content\/uploads\/2023\/04\/saltwater-pool-test-strips-1.jpg","contentUrl":"https:\/\/www.ph-teststrips.com\/wp-content\/uploads\/2023\/04\/saltwater-pool-test-strips-1.jpg","width":800,"height":800,"caption":"saltwater pool test strips"},{"@type":"BreadcrumbList","@id":"https:\/\/www.ph-teststrips.com\/product\/saltwater-pool-test-strips-6-in-1-100pcs-in-sealed-10-packages\/#breadcrumb","itemListElement":[{"@type":"ListItem","position":1,"name":"Home","item":"https:\/\/www.ph-teststrips.com\/"},{"@type":"ListItem","position":2,"name":"Shop","item":"https:\/\/www.ph-teststrips.com\/shop\/"},{"@type":"ListItem","position":3,"name":"Saltwater pool test strips 6 in 1, 100pcs in 10 sealed packages"}]},{"@type":"WebSite","@id":"https:\/\/www.ph-teststrips.com\/#website","url":"https:\/\/www.ph-teststrips.com\/","name":"pH-teststrimler","description":"","publisher":{"@id":"https:\/\/www.ph-teststrips.com\/#organization"},"potentialAction":[{"@type":"SearchAction","target":{"@type":"EntryPoint","urlTemplate":"https:\/\/www.ph-teststrips.com\/?s={search_term_string}"},"query-input":{"@type":"PropertyValueSpecification","valueRequired":true,"valueName":"search_term_string"}}],"inLanguage":"da-DK"},{"@type":"Organization","@id":"https:\/\/www.ph-teststrips.com\/#organization","name":"pH-teststrimler","url":"https:\/\/www.ph-teststrips.com\/","logo":{"@type":"ImageObject","inLanguage":"da-DK","@id":"https:\/\/www.ph-teststrips.com\/#\/schema\/logo\/image\/","url":"https:\/\/www.ph-teststrips.com\/wp-content\/uploads\/2023\/05\/cropped-swm-logo.png","contentUrl":"https:\/\/www.ph-teststrips.com\/wp-content\/uploads\/2023\/05\/cropped-swm-logo.png","width":840,"height":404,"caption":"PH test strips"},"image":{"@id":"https:\/\/www.ph-teststrips.com\/#\/schema\/logo\/image\/"}}]}},"_links":{"self":[{"href":"https:\/\/www.ph-teststrips.com\/da\/wp-json\/wp\/v2\/product\/728","targetHints":{"allow":["GET"]}}],"collection":[{"href":"https:\/\/www.ph-teststrips.com\/da\/wp-json\/wp\/v2\/product"}],"about":[{"href":"https:\/\/www.ph-teststrips.com\/da\/wp-json\/wp\/v2\/types\/product"}],"replies":[{"embeddable":true,"href":"https:\/\/www.ph-teststrips.com\/da\/wp-json\/wp\/v2\/comments?post=728"}],"wp:featuredmedia":[{"embeddable":true,"href":"https:\/\/www.ph-teststrips.com\/da\/wp-json\/wp\/v2\/media\/729"}],"wp:attachment":[{"href":"https:\/\/www.ph-teststrips.com\/da\/wp-json\/wp\/v2\/media?parent=728"}],"wp:term":[{"taxonomy":"product_brand","embeddable":true,"href":"https:\/\/www.ph-teststrips.com\/da\/wp-json\/wp\/v2\/product_brand?post=728"},{"taxonomy":"product_cat","embeddable":true,"href":"https:\/\/www.ph-teststrips.com\/da\/wp-json\/wp\/v2\/product_cat?post=728"},{"taxonomy":"product_tag","embeddable":true,"href":"https:\/\/www.ph-teststrips.com\/da\/wp-json\/wp\/v2\/product_tag?post=728"}],"curies":[{"name":"wp","href":"https:\/\/api.w.org\/{rel}","templated":true}]}}