{"id":701,"date":"2023-04-03T06:17:42","date_gmt":"2023-04-03T06:17:42","guid":{"rendered":"https:\/\/www.poolteststrip.com\/?post_type=product&#038;p=701"},"modified":"2023-11-25T02:28:09","modified_gmt":"2023-11-25T02:28:09","slug":"salt-water-pool-test-strips-4-in-1","status":"publish","type":"product","link":"https:\/\/www.ph-teststrips.com\/da\/produkt\/salt-water-pool-test-strips-4-in-1\/","title":{"rendered":"Teststrimler til saltvandspools 4 i 1"},"content":{"rendered":"<p>Teststrimler til saltvandspools, test for frit klor, brom, pH, total brom og total alkalinitet<\/p>\n<p>Udover vores OEM\/ODM-tjenester tilbyder vi ogs\u00e5 en r\u00e6kke forskellige flaskemuligheder. Uanset om du foretr\u00e6kker en standardflaske med en twist-off-h\u00e6tte eller en mere premium-variant med en flip-off-h\u00e6tte og t\u00f8rremiddelpakke (aluminiumsfolie eller milj\u00f8venlig) for at holde strimlerne friske, har vi det, du leder efter. Vores m\u00e5l er at give dig et produkt, der ikke kun fungerer effektivt, men ogs\u00e5 opfylder dine behov for emballage og pr\u00e6sentation.<\/p>","protected":false},"excerpt":{"rendered":"<ul>\n<li>Hurtig og pr\u00e6cis: Vores teststrimler er meget f\u00f8lsomme og leverer pr\u00e6cise resultater p\u00e5 f\u00e5 sekunder, s\u00e5 du hurtigt kan reagere for at afbalancere din pools kemi.<\/li>\n<li>5 parametre: Vores poolteststrimler tester for fire vigtige parametre: frit klor, brom, pH samt total alkalinitet og total brom. Frit klor og brom er afg\u00f8rende for at opretholde en ren og sikker pool, mens pH p\u00e5virker sv\u00f8mmerens komfort og ogs\u00e5 kan p\u00e5virke effektiviteten af andre kemikalier. Total alkalinitet er vigtig for at opretholde pH-stabilitet og hj\u00e6lper med at forhindre pH-udsving.<\/li>\n<li>Nem at bruge: Dyp blot strimlen i dit poolvand, fjern den efter et par sekunder, og sammenlign farvekortet p\u00e5 flasken for at f\u00e5 \u00f8jeblikkelige resultater. Intet kompliceret udstyr eller processer kr\u00e6ves!<\/li>\n<li>P\u00e5lidelig kvalitet: Vores teststrimler er lavet af materialer af h\u00f8j kvalitet og testes grundigt for n\u00f8jagtighed og ensartethed, s\u00e5 du kan stole p\u00e5 resultaterne hver gang.<\/li>\n<li>Spar penge: Med vores 4-i-1 poolteststrimler kan du undg\u00e5 dyre ture til poolbutikken og trygt vedligeholde din pools kemi fra dit eget hjem.<\/li>\n<\/ul>\n<p>&nbsp;<\/p>","protected":false},"featured_media":709,"comment_status":"open","ping_status":"closed","template":"","meta":{"_acf_changed":false,"site-sidebar-layout":"default","site-content-layout":"default","ast-site-content-layout":"","site-content-style":"default","site-sidebar-style":"default","ast-global-header-display":"","ast-banner-title-visibility":"","ast-main-header-display":"","ast-hfb-above-header-display":"","ast-hfb-below-header-display":"","ast-hfb-mobile-header-display":"","site-post-title":"","ast-breadcrumbs-content":"","ast-featured-img":"","footer-sml-layout":"","theme-transparent-header-meta":"default","adv-header-id-meta":"","stick-header-meta":"","header-above-stick-meta":"","header-main-stick-meta":"","header-below-stick-meta":"","astra-migrate-meta-layouts":"default","ast-page-background-enabled":"default","ast-page-background-meta":{"desktop":{"background-color":"","background-image":"","background-repeat":"repeat","background-position":"center center","background-size":"auto","background-attachment":"scroll","background-type":"","background-media":"","overlay-type":"","overlay-color":"","overlay-opacity":"","overlay-gradient":""},"tablet":{"background-color":"","background-image":"","background-repeat":"repeat","background-position":"center center","background-size":"auto","background-attachment":"scroll","background-type":"","background-media":"","overlay-type":"","overlay-color":"","overlay-opacity":"","overlay-gradient":""},"mobile":{"background-color":"","background-image":"","background-repeat":"repeat","background-position":"center center","background-size":"auto","background-attachment":"scroll","background-type":"","background-media":"","overlay-type":"","overlay-color":"","overlay-opacity":"","overlay-gradient":""}},"ast-content-background-meta":{"desktop":{"background-color":"var(--ast-global-color-5)","background-image":"","background-repeat":"repeat","background-position":"center center","background-size":"auto","background-attachment":"scroll","background-type":"","background-media":"","overlay-type":"","overlay-color":"","overlay-opacity":"","overlay-gradient":""},"tablet":{"background-color":"var(--ast-global-color-5)","background-image":"","background-repeat":"repeat","background-position":"center center","background-size":"auto","background-attachment":"scroll","background-type":"","background-media":"","overlay-type":"","overlay-color":"","overlay-opacity":"","overlay-gradient":""},"mobile":{"background-color":"var(--ast-global-color-5)","background-image":"","background-repeat":"repeat","background-position":"center center","background-size":"auto","background-attachment":"scroll","background-type":"","background-media":"","overlay-type":"","overlay-color":"","overlay-opacity":"","overlay-gradient":""}}},"product_brand":[],"product_cat":[25,23],"product_tag":[],"class_list":{"0":"post-701","1":"product","2":"type-product","3":"status-publish","4":"has-post-thumbnail","6":"product_cat-ph-strip-tester","7":"product_cat-salt-water-test-strips","8":"desktop-align-left","9":"tablet-align-left","10":"mobile-align-left","12":"first","13":"instock","14":"shipping-taxable","15":"product-type-simple"},"acf":[],"yoast_head":"<!-- This site is optimized with the Yoast SEO plugin v26.2 - https:\/\/yoast.com\/wordpress\/plugins\/seo\/ -->\n<title>Salt water pool test strips 4 in 1 , ph balance test strips<\/title>\n<meta name=\"robots\" content=\"index, follow, max-snippet:-1, max-image-preview:large, max-video-preview:-1\" \/>\n<link rel=\"canonical\" href=\"https:\/\/www.ph-teststrips.com\/da\/produkt\/salt-water-pool-test-strips-4-in-1\/\" \/>\n<meta property=\"og:locale\" content=\"da_DK\" \/>\n<meta property=\"og:type\" content=\"article\" \/>\n<meta property=\"og:title\" content=\"Salt water pool test strips 4 in 1 , ph balance test strips\" \/>\n<meta property=\"og:description\" content=\"Fast and Accurate: Our test strips are highly sensitive and deliver accurate results in just seconds,allowing you to take swift action to balance your pool&#039;s chemistry.  5 Parameters: Our pool test strips test for four important parameters: \u00a0free chlorine, bromine, pH,and total alkalinity and Total Bromine. Free chlorine and bromine are critical to maintaining a clean and safe pool,while PH affects swimmer comfort and can also impact the efficacy of other chemicals. Total alkalinity is important for maintaining PH stability and helps prevent pH fluctuations  Easy to Use: Simply dip the strip into your pool water, remove it after a few seconds, and compare the color chart on the bottle to get instant results. No complicated equipment or processes required!  Reliable Quality: Our test strips are made with high-quality materials and are rigorously tested for accuracy and consistency, so you can trust the results every time.  Save Money: With our 4 in 1 pool test strips, you can avoid costly trips to the pool store and confidently maintain your pool&#039;s chemistry from the comfort of your own home.  &nbsp;\" \/>\n<meta property=\"og:url\" content=\"https:\/\/www.ph-teststrips.com\/da\/produkt\/salt-water-pool-test-strips-4-in-1\/\" \/>\n<meta property=\"og:site_name\" content=\"PH test strips\" \/>\n<meta property=\"article:modified_time\" content=\"2023-11-25T02:28:09+00:00\" \/>\n<meta property=\"og:image\" content=\"https:\/\/www.ph-teststrips.com\/wp-content\/uploads\/2023\/04\/salt-water-pool-test-strips-08.jpg\" \/>\n\t<meta property=\"og:image:width\" content=\"800\" \/>\n\t<meta property=\"og:image:height\" content=\"800\" \/>\n\t<meta property=\"og:image:type\" content=\"image\/jpeg\" \/>\n<meta name=\"twitter:card\" content=\"summary_large_image\" \/>\n<meta name=\"twitter:label1\" content=\"Estimeret l\u00e6setid\" \/>\n\t<meta name=\"twitter:data1\" content=\"1 minut\" \/>\n<script type=\"application\/ld+json\" class=\"yoast-schema-graph\">{\"@context\":\"https:\/\/schema.org\",\"@graph\":[{\"@type\":\"WebPage\",\"@id\":\"https:\/\/www.ph-teststrips.com\/product\/salt-water-pool-test-strips-4-in-1\/\",\"url\":\"https:\/\/www.ph-teststrips.com\/product\/salt-water-pool-test-strips-4-in-1\/\",\"name\":\"Salt water pool test strips 4 in 1 , ph balance test strips\",\"isPartOf\":{\"@id\":\"https:\/\/www.ph-teststrips.com\/#website\"},\"primaryImageOfPage\":{\"@id\":\"https:\/\/www.ph-teststrips.com\/product\/salt-water-pool-test-strips-4-in-1\/#primaryimage\"},\"image\":{\"@id\":\"https:\/\/www.ph-teststrips.com\/product\/salt-water-pool-test-strips-4-in-1\/#primaryimage\"},\"thumbnailUrl\":\"https:\/\/www.ph-teststrips.com\/wp-content\/uploads\/2023\/04\/salt-water-pool-test-strips-08.jpg\",\"datePublished\":\"2023-04-03T06:17:42+00:00\",\"dateModified\":\"2023-11-25T02:28:09+00:00\",\"breadcrumb\":{\"@id\":\"https:\/\/www.ph-teststrips.com\/product\/salt-water-pool-test-strips-4-in-1\/#breadcrumb\"},\"inLanguage\":\"da-DK\",\"potentialAction\":[{\"@type\":\"ReadAction\",\"target\":[\"https:\/\/www.ph-teststrips.com\/product\/salt-water-pool-test-strips-4-in-1\/\"]}]},{\"@type\":\"ImageObject\",\"inLanguage\":\"da-DK\",\"@id\":\"https:\/\/www.ph-teststrips.com\/product\/salt-water-pool-test-strips-4-in-1\/#primaryimage\",\"url\":\"https:\/\/www.ph-teststrips.com\/wp-content\/uploads\/2023\/04\/salt-water-pool-test-strips-08.jpg\",\"contentUrl\":\"https:\/\/www.ph-teststrips.com\/wp-content\/uploads\/2023\/04\/salt-water-pool-test-strips-08.jpg\",\"width\":800,\"height\":800,\"caption\":\"salt water pool test strips\"},{\"@type\":\"BreadcrumbList\",\"@id\":\"https:\/\/www.ph-teststrips.com\/product\/salt-water-pool-test-strips-4-in-1\/#breadcrumb\",\"itemListElement\":[{\"@type\":\"ListItem\",\"position\":1,\"name\":\"Home\",\"item\":\"https:\/\/www.ph-teststrips.com\/\"},{\"@type\":\"ListItem\",\"position\":2,\"name\":\"Shop\",\"item\":\"https:\/\/www.ph-teststrips.com\/shop\/\"},{\"@type\":\"ListItem\",\"position\":3,\"name\":\"Salt water pool test strips 4 in 1\"}]},{\"@type\":\"WebSite\",\"@id\":\"https:\/\/www.ph-teststrips.com\/#website\",\"url\":\"https:\/\/www.ph-teststrips.com\/\",\"name\":\"PH test strips\",\"description\":\"\",\"publisher\":{\"@id\":\"https:\/\/www.ph-teststrips.com\/#organization\"},\"potentialAction\":[{\"@type\":\"SearchAction\",\"target\":{\"@type\":\"EntryPoint\",\"urlTemplate\":\"https:\/\/www.ph-teststrips.com\/?s={search_term_string}\"},\"query-input\":{\"@type\":\"PropertyValueSpecification\",\"valueRequired\":true,\"valueName\":\"search_term_string\"}}],\"inLanguage\":\"da-DK\"},{\"@type\":\"Organization\",\"@id\":\"https:\/\/www.ph-teststrips.com\/#organization\",\"name\":\"PH test strips\",\"url\":\"https:\/\/www.ph-teststrips.com\/\",\"logo\":{\"@type\":\"ImageObject\",\"inLanguage\":\"da-DK\",\"@id\":\"https:\/\/www.ph-teststrips.com\/#\/schema\/logo\/image\/\",\"url\":\"https:\/\/www.ph-teststrips.com\/wp-content\/uploads\/2023\/05\/cropped-swm-logo.png\",\"contentUrl\":\"https:\/\/www.ph-teststrips.com\/wp-content\/uploads\/2023\/05\/cropped-swm-logo.png\",\"width\":840,\"height\":404,\"caption\":\"PH test strips\"},\"image\":{\"@id\":\"https:\/\/www.ph-teststrips.com\/#\/schema\/logo\/image\/\"}}]}<\/script>\n<!-- \/ Yoast SEO plugin. -->","yoast_head_json":{"title":"Saltvandspool teststrimler 4 i 1, pH-balance teststrimler","robots":{"index":"index","follow":"follow","max-snippet":"max-snippet:-1","max-image-preview":"max-image-preview:large","max-video-preview":"max-video-preview:-1"},"canonical":"https:\/\/www.ph-teststrips.com\/da\/produkt\/salt-water-pool-test-strips-4-in-1\/","og_locale":"da_DK","og_type":"article","og_title":"Salt water pool test strips 4 in 1 , ph balance test strips","og_description":"Fast and Accurate: Our test strips are highly sensitive and deliver accurate results in just seconds,allowing you to take swift action to balance your pool's chemistry.  5 Parameters: Our pool test strips test for four important parameters: \u00a0free chlorine, bromine, pH,and total alkalinity and Total Bromine. Free chlorine and bromine are critical to maintaining a clean and safe pool,while PH affects swimmer comfort and can also impact the efficacy of other chemicals. Total alkalinity is important for maintaining PH stability and helps prevent pH fluctuations  Easy to Use: Simply dip the strip into your pool water, remove it after a few seconds, and compare the color chart on the bottle to get instant results. No complicated equipment or processes required!  Reliable Quality: Our test strips are made with high-quality materials and are rigorously tested for accuracy and consistency, so you can trust the results every time.  Save Money: With our 4 in 1 pool test strips, you can avoid costly trips to the pool store and confidently maintain your pool's chemistry from the comfort of your own home.  &nbsp;","og_url":"https:\/\/www.ph-teststrips.com\/da\/produkt\/salt-water-pool-test-strips-4-in-1\/","og_site_name":"PH test strips","article_modified_time":"2023-11-25T02:28:09+00:00","og_image":[{"width":800,"height":800,"url":"https:\/\/www.ph-teststrips.com\/wp-content\/uploads\/2023\/04\/salt-water-pool-test-strips-08.jpg","type":"image\/jpeg"}],"twitter_card":"summary_large_image","twitter_misc":{"Estimeret l\u00e6setid":"1 minut"},"schema":{"@context":"https:\/\/schema.org","@graph":[{"@type":"WebPage","@id":"https:\/\/www.ph-teststrips.com\/product\/salt-water-pool-test-strips-4-in-1\/","url":"https:\/\/www.ph-teststrips.com\/product\/salt-water-pool-test-strips-4-in-1\/","name":"Saltvandspool teststrimler 4 i 1, pH-balance teststrimler","isPartOf":{"@id":"https:\/\/www.ph-teststrips.com\/#website"},"primaryImageOfPage":{"@id":"https:\/\/www.ph-teststrips.com\/product\/salt-water-pool-test-strips-4-in-1\/#primaryimage"},"image":{"@id":"https:\/\/www.ph-teststrips.com\/product\/salt-water-pool-test-strips-4-in-1\/#primaryimage"},"thumbnailUrl":"https:\/\/www.ph-teststrips.com\/wp-content\/uploads\/2023\/04\/salt-water-pool-test-strips-08.jpg","datePublished":"2023-04-03T06:17:42+00:00","dateModified":"2023-11-25T02:28:09+00:00","breadcrumb":{"@id":"https:\/\/www.ph-teststrips.com\/product\/salt-water-pool-test-strips-4-in-1\/#breadcrumb"},"inLanguage":"da-DK","potentialAction":[{"@type":"ReadAction","target":["https:\/\/www.ph-teststrips.com\/product\/salt-water-pool-test-strips-4-in-1\/"]}]},{"@type":"ImageObject","inLanguage":"da-DK","@id":"https:\/\/www.ph-teststrips.com\/product\/salt-water-pool-test-strips-4-in-1\/#primaryimage","url":"https:\/\/www.ph-teststrips.com\/wp-content\/uploads\/2023\/04\/salt-water-pool-test-strips-08.jpg","contentUrl":"https:\/\/www.ph-teststrips.com\/wp-content\/uploads\/2023\/04\/salt-water-pool-test-strips-08.jpg","width":800,"height":800,"caption":"salt water pool test strips"},{"@type":"BreadcrumbList","@id":"https:\/\/www.ph-teststrips.com\/product\/salt-water-pool-test-strips-4-in-1\/#breadcrumb","itemListElement":[{"@type":"ListItem","position":1,"name":"Home","item":"https:\/\/www.ph-teststrips.com\/"},{"@type":"ListItem","position":2,"name":"Shop","item":"https:\/\/www.ph-teststrips.com\/shop\/"},{"@type":"ListItem","position":3,"name":"Salt water pool test strips 4 in 1"}]},{"@type":"WebSite","@id":"https:\/\/www.ph-teststrips.com\/#website","url":"https:\/\/www.ph-teststrips.com\/","name":"pH-teststrimler","description":"","publisher":{"@id":"https:\/\/www.ph-teststrips.com\/#organization"},"potentialAction":[{"@type":"SearchAction","target":{"@type":"EntryPoint","urlTemplate":"https:\/\/www.ph-teststrips.com\/?s={search_term_string}"},"query-input":{"@type":"PropertyValueSpecification","valueRequired":true,"valueName":"search_term_string"}}],"inLanguage":"da-DK"},{"@type":"Organization","@id":"https:\/\/www.ph-teststrips.com\/#organization","name":"pH-teststrimler","url":"https:\/\/www.ph-teststrips.com\/","logo":{"@type":"ImageObject","inLanguage":"da-DK","@id":"https:\/\/www.ph-teststrips.com\/#\/schema\/logo\/image\/","url":"https:\/\/www.ph-teststrips.com\/wp-content\/uploads\/2023\/05\/cropped-swm-logo.png","contentUrl":"https:\/\/www.ph-teststrips.com\/wp-content\/uploads\/2023\/05\/cropped-swm-logo.png","width":840,"height":404,"caption":"PH test strips"},"image":{"@id":"https:\/\/www.ph-teststrips.com\/#\/schema\/logo\/image\/"}}]}},"_links":{"self":[{"href":"https:\/\/www.ph-teststrips.com\/da\/wp-json\/wp\/v2\/product\/701","targetHints":{"allow":["GET"]}}],"collection":[{"href":"https:\/\/www.ph-teststrips.com\/da\/wp-json\/wp\/v2\/product"}],"about":[{"href":"https:\/\/www.ph-teststrips.com\/da\/wp-json\/wp\/v2\/types\/product"}],"replies":[{"embeddable":true,"href":"https:\/\/www.ph-teststrips.com\/da\/wp-json\/wp\/v2\/comments?post=701"}],"wp:featuredmedia":[{"embeddable":true,"href":"https:\/\/www.ph-teststrips.com\/da\/wp-json\/wp\/v2\/media\/709"}],"wp:attachment":[{"href":"https:\/\/www.ph-teststrips.com\/da\/wp-json\/wp\/v2\/media?parent=701"}],"wp:term":[{"taxonomy":"product_brand","embeddable":true,"href":"https:\/\/www.ph-teststrips.com\/da\/wp-json\/wp\/v2\/product_brand?post=701"},{"taxonomy":"product_cat","embeddable":true,"href":"https:\/\/www.ph-teststrips.com\/da\/wp-json\/wp\/v2\/product_cat?post=701"},{"taxonomy":"product_tag","embeddable":true,"href":"https:\/\/www.ph-teststrips.com\/da\/wp-json\/wp\/v2\/product_tag?post=701"}],"curies":[{"name":"wp","href":"https:\/\/api.w.org\/{rel}","templated":true}]}}