{"id":618,"date":"2023-03-25T08:11:29","date_gmt":"2023-03-25T08:11:29","guid":{"rendered":"https:\/\/www.poolteststrip.com\/?post_type=product&#038;p=618"},"modified":"2023-11-25T02:40:07","modified_gmt":"2023-11-25T02:40:07","slug":"sanitizer-test-kit-chlorine-sanitizer-test-strips-0-750-ppm","status":"publish","type":"product","link":"https:\/\/www.ph-teststrips.com\/da\/produkt\/sanitizer-test-kit-chlorine-sanitizer-test-strips-0-750-ppm\/","title":{"rendered":"Desinfektionsmiddel testkit, klor desinfektionsmiddel teststrimler 0-750 PPM"},"content":{"rendered":"<p><img fetchpriority=\"high\" decoding=\"async\" class=\"alignnone size-full wp-image-626\" src=\"https:\/\/www.ph-teststrips.com\/wp-content\/uploads\/2023\/03\/chlorine-sanitizer-test-strips-detail-a.jpg\" alt=\"Detaljer om teststrimler til klorrensningsmiddel\" width=\"970\" height=\"600\" srcset=\"https:\/\/www.ph-teststrips.com\/wp-content\/uploads\/2023\/03\/chlorine-sanitizer-test-strips-detail-a.jpg 970w, https:\/\/www.ph-teststrips.com\/wp-content\/uploads\/2023\/03\/chlorine-sanitizer-test-strips-detail-a-600x371.jpg 600w, https:\/\/www.ph-teststrips.com\/wp-content\/uploads\/2023\/03\/chlorine-sanitizer-test-strips-detail-a-300x186.jpg 300w, https:\/\/www.ph-teststrips.com\/wp-content\/uploads\/2023\/03\/chlorine-sanitizer-test-strips-detail-a-768x475.jpg 768w\" sizes=\"(max-width: 970px) 100vw, 970px\" \/> <img decoding=\"async\" class=\"alignnone wp-image-627 size-full\" src=\"https:\/\/www.ph-teststrips.com\/wp-content\/uploads\/2023\/03\/chlorine-sanitizer-test-strips-detail-b.jpg\" alt=\"Detaljer om teststrimler til klorrensningsmiddel\" width=\"970\" height=\"600\" srcset=\"https:\/\/www.ph-teststrips.com\/wp-content\/uploads\/2023\/03\/chlorine-sanitizer-test-strips-detail-b.jpg 970w, https:\/\/www.ph-teststrips.com\/wp-content\/uploads\/2023\/03\/chlorine-sanitizer-test-strips-detail-b-600x371.jpg 600w, https:\/\/www.ph-teststrips.com\/wp-content\/uploads\/2023\/03\/chlorine-sanitizer-test-strips-detail-b-300x186.jpg 300w, https:\/\/www.ph-teststrips.com\/wp-content\/uploads\/2023\/03\/chlorine-sanitizer-test-strips-detail-b-768x475.jpg 768w\" sizes=\"(max-width: 970px) 100vw, 970px\" \/> <img decoding=\"async\" class=\"alignnone wp-image-628 size-full\" src=\"https:\/\/www.ph-teststrips.com\/wp-content\/uploads\/2023\/03\/chlorine-sanitizer-test-strips-detail-c.jpg\" alt=\"Detaljer om teststrimler til klorrensningsmiddel\" width=\"970\" height=\"600\" srcset=\"https:\/\/www.ph-teststrips.com\/wp-content\/uploads\/2023\/03\/chlorine-sanitizer-test-strips-detail-c.jpg 970w, https:\/\/www.ph-teststrips.com\/wp-content\/uploads\/2023\/03\/chlorine-sanitizer-test-strips-detail-c-600x371.jpg 600w, https:\/\/www.ph-teststrips.com\/wp-content\/uploads\/2023\/03\/chlorine-sanitizer-test-strips-detail-c-300x186.jpg 300w, https:\/\/www.ph-teststrips.com\/wp-content\/uploads\/2023\/03\/chlorine-sanitizer-test-strips-detail-c-768x475.jpg 768w\" sizes=\"(max-width: 970px) 100vw, 970px\" \/> <img loading=\"lazy\" decoding=\"async\" class=\"alignnone wp-image-629 size-full\" src=\"https:\/\/www.ph-teststrips.com\/wp-content\/uploads\/2023\/03\/chlorine-sanitizer-test-strips-detail-d.jpg\" alt=\"Detaljer om teststrimler til klorrensningsmiddel\" width=\"970\" height=\"600\" srcset=\"https:\/\/www.ph-teststrips.com\/wp-content\/uploads\/2023\/03\/chlorine-sanitizer-test-strips-detail-d.jpg 970w, https:\/\/www.ph-teststrips.com\/wp-content\/uploads\/2023\/03\/chlorine-sanitizer-test-strips-detail-d-600x371.jpg 600w, https:\/\/www.ph-teststrips.com\/wp-content\/uploads\/2023\/03\/chlorine-sanitizer-test-strips-detail-d-300x186.jpg 300w, https:\/\/www.ph-teststrips.com\/wp-content\/uploads\/2023\/03\/chlorine-sanitizer-test-strips-detail-d-768x475.jpg 768w\" sizes=\"(max-width: 970px) 100vw, 970px\" \/> <img loading=\"lazy\" decoding=\"async\" class=\"alignnone wp-image-630 size-full\" src=\"https:\/\/www.ph-teststrips.com\/wp-content\/uploads\/2023\/03\/chlorine-sanitizer-test-strips-detail-e.jpg\" alt=\"Detaljer om teststrimler til klorrensningsmiddel\" width=\"970\" height=\"600\" srcset=\"https:\/\/www.ph-teststrips.com\/wp-content\/uploads\/2023\/03\/chlorine-sanitizer-test-strips-detail-e.jpg 970w, https:\/\/www.ph-teststrips.com\/wp-content\/uploads\/2023\/03\/chlorine-sanitizer-test-strips-detail-e-600x371.jpg 600w, https:\/\/www.ph-teststrips.com\/wp-content\/uploads\/2023\/03\/chlorine-sanitizer-test-strips-detail-e-300x186.jpg 300w, https:\/\/www.ph-teststrips.com\/wp-content\/uploads\/2023\/03\/chlorine-sanitizer-test-strips-detail-e-768x475.jpg 768w\" sizes=\"(max-width: 970px) 100vw, 970px\" \/><\/p>\n<p>&nbsp;<\/p>\n<p>Der findes desinfektionsstrimler til forskellige typer desinfektionsmidler, hvoraf nogle af de almindelige er:<\/p>\n<p><strong>Klorrensningsstrimler:<\/strong> Bruges til at m\u00e5le koncentrationen af klorbaserede desinfektionsmidler, s\u00e5som natriumhypochlorit.<\/p>\n<p><strong>Kvart\u00e6r ammonium (Quat) desinfektionsstrimler:<\/strong> Designet til vurdering af koncentrationen af kvatern\u00e6re ammoniumforbindelser, der almindeligvis anvendes som desinfektionsmidler.<\/p>\n<p><strong>Jod-desinfektionsstrimler:<\/strong> Specifikt til m\u00e5ling af koncentrationen af jodbaserede desinfektionsmidler.<\/p>\n<p>Desinfektionsstrimler er vigtige v\u00e6rkt\u00f8jer til kvalitetskontrol og hygiejnevedligeholdelse, der hj\u00e6lper industrier og institutioner med at opretholde hygiejnestandarder og sikre sikkerheden af deres processer og produkter.<\/p>\n<p>&nbsp;<\/p>\n<p><a href=\"https:\/\/www.ph-teststrips.com\/da\/produktkategori\/water-hardness-test-strips\/\" target=\"_blank\" rel=\"noopener\">teststrimler til m\u00e5ling af vandh\u00e5rdhed<\/a>, <a href=\"https:\/\/www.ph-teststrips.com\/da\/produktkategori\/ph-test-strips\/\" target=\"_blank\" rel=\"noopener\">pH-strimmeltest<\/a>, <a href=\"https:\/\/www.ahotech.com\/custom-battery-packs\/\" target=\"_blank\" rel=\"noopener\">brugerdefinerede lipo-batteripakker<\/a><\/p>","protected":false},"excerpt":{"rendered":"<p>Klorrensningsteststrimler \u2013 Hurtige og pr\u00e6cise resultater, professionelle <strong>testkit til desinfektionsmiddel<\/strong><\/p>\n<p>0-750 ppm<\/p>\n<p>80 teststrimler<\/p>","protected":false},"featured_media":622,"comment_status":"open","ping_status":"closed","template":"","meta":{"_acf_changed":false,"site-sidebar-layout":"default","site-content-layout":"default","ast-site-content-layout":"","site-content-style":"default","site-sidebar-style":"default","ast-global-header-display":"","ast-banner-title-visibility":"","ast-main-header-display":"","ast-hfb-above-header-display":"","ast-hfb-below-header-display":"","ast-hfb-mobile-header-display":"","site-post-title":"","ast-breadcrumbs-content":"","ast-featured-img":"","footer-sml-layout":"","theme-transparent-header-meta":"default","adv-header-id-meta":"","stick-header-meta":"","header-above-stick-meta":"","header-main-stick-meta":"","header-below-stick-meta":"","astra-migrate-meta-layouts":"default","ast-page-background-enabled":"default","ast-page-background-meta":{"desktop":{"background-color":"","background-image":"","background-repeat":"repeat","background-position":"center center","background-size":"auto","background-attachment":"scroll","background-type":"","background-media":"","overlay-type":"","overlay-color":"","overlay-opacity":"","overlay-gradient":""},"tablet":{"background-color":"","background-image":"","background-repeat":"repeat","background-position":"center center","background-size":"auto","background-attachment":"scroll","background-type":"","background-media":"","overlay-type":"","overlay-color":"","overlay-opacity":"","overlay-gradient":""},"mobile":{"background-color":"","background-image":"","background-repeat":"repeat","background-position":"center center","background-size":"auto","background-attachment":"scroll","background-type":"","background-media":"","overlay-type":"","overlay-color":"","overlay-opacity":"","overlay-gradient":""}},"ast-content-background-meta":{"desktop":{"background-color":"var(--ast-global-color-5)","background-image":"","background-repeat":"repeat","background-position":"center center","background-size":"auto","background-attachment":"scroll","background-type":"","background-media":"","overlay-type":"","overlay-color":"","overlay-opacity":"","overlay-gradient":""},"tablet":{"background-color":"var(--ast-global-color-5)","background-image":"","background-repeat":"repeat","background-position":"center center","background-size":"auto","background-attachment":"scroll","background-type":"","background-media":"","overlay-type":"","overlay-color":"","overlay-opacity":"","overlay-gradient":""},"mobile":{"background-color":"var(--ast-global-color-5)","background-image":"","background-repeat":"repeat","background-position":"center center","background-size":"auto","background-attachment":"scroll","background-type":"","background-media":"","overlay-type":"","overlay-color":"","overlay-opacity":"","overlay-gradient":""}}},"product_brand":[],"product_cat":[27],"product_tag":[],"class_list":{"0":"post-618","1":"product","2":"type-product","3":"status-publish","4":"has-post-thumbnail","6":"product_cat-sanitizer-test-strips","7":"desktop-align-left","8":"tablet-align-left","9":"mobile-align-left","11":"first","12":"instock","13":"shipping-taxable","14":"product-type-simple"},"acf":[],"yoast_head":"<!-- This site is optimized with the Yoast SEO plugin v26.2 - https:\/\/yoast.com\/wordpress\/plugins\/seo\/ -->\n<title>Sanitizer test kit, chlorine sanitizer test strips 0-750 PPM - Supplier<\/title>\n<meta name=\"robots\" content=\"index, follow, max-snippet:-1, max-image-preview:large, max-video-preview:-1\" \/>\n<link rel=\"canonical\" href=\"https:\/\/www.ph-teststrips.com\/da\/produkt\/sanitizer-test-kit-chlorine-sanitizer-test-strips-0-750-ppm\/\" \/>\n<meta property=\"og:locale\" content=\"da_DK\" \/>\n<meta property=\"og:type\" content=\"article\" \/>\n<meta property=\"og:title\" content=\"Sanitizer test kit, chlorine sanitizer test strips 0-750 PPM - Supplier\" \/>\n<meta property=\"og:description\" content=\"Chlorine sanitizer test strips - Quick and Accurate Results, Professional sanitizer test kit  0-750 PPM  80 test strips\" \/>\n<meta property=\"og:url\" content=\"https:\/\/www.ph-teststrips.com\/da\/produkt\/sanitizer-test-kit-chlorine-sanitizer-test-strips-0-750-ppm\/\" \/>\n<meta property=\"og:site_name\" content=\"PH test strips\" \/>\n<meta property=\"article:modified_time\" content=\"2023-11-25T02:40:07+00:00\" \/>\n<meta property=\"og:image\" content=\"https:\/\/www.ph-teststrips.com\/wp-content\/uploads\/2023\/03\/sanitizer-test-kit-a.jpg\" \/>\n\t<meta property=\"og:image:width\" content=\"800\" \/>\n\t<meta property=\"og:image:height\" content=\"800\" \/>\n\t<meta property=\"og:image:type\" content=\"image\/jpeg\" \/>\n<meta name=\"twitter:card\" content=\"summary_large_image\" \/>\n<meta name=\"twitter:label1\" content=\"Estimeret l\u00e6setid\" \/>\n\t<meta name=\"twitter:data1\" content=\"2 minutter\" \/>\n<script type=\"application\/ld+json\" class=\"yoast-schema-graph\">{\"@context\":\"https:\/\/schema.org\",\"@graph\":[{\"@type\":\"WebPage\",\"@id\":\"https:\/\/www.ph-teststrips.com\/product\/sanitizer-test-kit-chlorine-sanitizer-test-strips-0-750-ppm\/\",\"url\":\"https:\/\/www.ph-teststrips.com\/product\/sanitizer-test-kit-chlorine-sanitizer-test-strips-0-750-ppm\/\",\"name\":\"Sanitizer test kit, chlorine sanitizer test strips 0-750 PPM - Supplier\",\"isPartOf\":{\"@id\":\"https:\/\/www.ph-teststrips.com\/#website\"},\"primaryImageOfPage\":{\"@id\":\"https:\/\/www.ph-teststrips.com\/product\/sanitizer-test-kit-chlorine-sanitizer-test-strips-0-750-ppm\/#primaryimage\"},\"image\":{\"@id\":\"https:\/\/www.ph-teststrips.com\/product\/sanitizer-test-kit-chlorine-sanitizer-test-strips-0-750-ppm\/#primaryimage\"},\"thumbnailUrl\":\"https:\/\/www.ph-teststrips.com\/wp-content\/uploads\/2023\/03\/sanitizer-test-kit-a.jpg\",\"datePublished\":\"2023-03-25T08:11:29+00:00\",\"dateModified\":\"2023-11-25T02:40:07+00:00\",\"breadcrumb\":{\"@id\":\"https:\/\/www.ph-teststrips.com\/product\/sanitizer-test-kit-chlorine-sanitizer-test-strips-0-750-ppm\/#breadcrumb\"},\"inLanguage\":\"da-DK\",\"potentialAction\":[{\"@type\":\"ReadAction\",\"target\":[\"https:\/\/www.ph-teststrips.com\/product\/sanitizer-test-kit-chlorine-sanitizer-test-strips-0-750-ppm\/\"]}]},{\"@type\":\"ImageObject\",\"inLanguage\":\"da-DK\",\"@id\":\"https:\/\/www.ph-teststrips.com\/product\/sanitizer-test-kit-chlorine-sanitizer-test-strips-0-750-ppm\/#primaryimage\",\"url\":\"https:\/\/www.ph-teststrips.com\/wp-content\/uploads\/2023\/03\/sanitizer-test-kit-a.jpg\",\"contentUrl\":\"https:\/\/www.ph-teststrips.com\/wp-content\/uploads\/2023\/03\/sanitizer-test-kit-a.jpg\",\"width\":800,\"height\":800,\"caption\":\"sanitizer test kit\"},{\"@type\":\"BreadcrumbList\",\"@id\":\"https:\/\/www.ph-teststrips.com\/product\/sanitizer-test-kit-chlorine-sanitizer-test-strips-0-750-ppm\/#breadcrumb\",\"itemListElement\":[{\"@type\":\"ListItem\",\"position\":1,\"name\":\"Home\",\"item\":\"https:\/\/www.ph-teststrips.com\/\"},{\"@type\":\"ListItem\",\"position\":2,\"name\":\"Shop\",\"item\":\"https:\/\/www.ph-teststrips.com\/shop\/\"},{\"@type\":\"ListItem\",\"position\":3,\"name\":\"Sanitizer test kit, chlorine sanitizer test strips 0-750 PPM\"}]},{\"@type\":\"WebSite\",\"@id\":\"https:\/\/www.ph-teststrips.com\/#website\",\"url\":\"https:\/\/www.ph-teststrips.com\/\",\"name\":\"PH test strips\",\"description\":\"\",\"publisher\":{\"@id\":\"https:\/\/www.ph-teststrips.com\/#organization\"},\"potentialAction\":[{\"@type\":\"SearchAction\",\"target\":{\"@type\":\"EntryPoint\",\"urlTemplate\":\"https:\/\/www.ph-teststrips.com\/?s={search_term_string}\"},\"query-input\":{\"@type\":\"PropertyValueSpecification\",\"valueRequired\":true,\"valueName\":\"search_term_string\"}}],\"inLanguage\":\"da-DK\"},{\"@type\":\"Organization\",\"@id\":\"https:\/\/www.ph-teststrips.com\/#organization\",\"name\":\"PH test strips\",\"url\":\"https:\/\/www.ph-teststrips.com\/\",\"logo\":{\"@type\":\"ImageObject\",\"inLanguage\":\"da-DK\",\"@id\":\"https:\/\/www.ph-teststrips.com\/#\/schema\/logo\/image\/\",\"url\":\"https:\/\/www.ph-teststrips.com\/wp-content\/uploads\/2023\/05\/cropped-swm-logo.png\",\"contentUrl\":\"https:\/\/www.ph-teststrips.com\/wp-content\/uploads\/2023\/05\/cropped-swm-logo.png\",\"width\":840,\"height\":404,\"caption\":\"PH test strips\"},\"image\":{\"@id\":\"https:\/\/www.ph-teststrips.com\/#\/schema\/logo\/image\/\"}}]}<\/script>\n<!-- \/ Yoast SEO plugin. -->","yoast_head_json":{"title":"Desinfektionsmiddel testkit, klor desinfektionsmiddel teststrimler 0-750 PPM - Leverand\u00f8r","robots":{"index":"index","follow":"follow","max-snippet":"max-snippet:-1","max-image-preview":"max-image-preview:large","max-video-preview":"max-video-preview:-1"},"canonical":"https:\/\/www.ph-teststrips.com\/da\/produkt\/sanitizer-test-kit-chlorine-sanitizer-test-strips-0-750-ppm\/","og_locale":"da_DK","og_type":"article","og_title":"Sanitizer test kit, chlorine sanitizer test strips 0-750 PPM - Supplier","og_description":"Chlorine sanitizer test strips - Quick and Accurate Results, Professional sanitizer test kit  0-750 PPM  80 test strips","og_url":"https:\/\/www.ph-teststrips.com\/da\/produkt\/sanitizer-test-kit-chlorine-sanitizer-test-strips-0-750-ppm\/","og_site_name":"PH test strips","article_modified_time":"2023-11-25T02:40:07+00:00","og_image":[{"width":800,"height":800,"url":"https:\/\/www.ph-teststrips.com\/wp-content\/uploads\/2023\/03\/sanitizer-test-kit-a.jpg","type":"image\/jpeg"}],"twitter_card":"summary_large_image","twitter_misc":{"Estimeret l\u00e6setid":"2 minutter"},"schema":{"@context":"https:\/\/schema.org","@graph":[{"@type":"WebPage","@id":"https:\/\/www.ph-teststrips.com\/product\/sanitizer-test-kit-chlorine-sanitizer-test-strips-0-750-ppm\/","url":"https:\/\/www.ph-teststrips.com\/product\/sanitizer-test-kit-chlorine-sanitizer-test-strips-0-750-ppm\/","name":"Desinfektionsmiddel testkit, klor desinfektionsmiddel teststrimler 0-750 PPM - Leverand\u00f8r","isPartOf":{"@id":"https:\/\/www.ph-teststrips.com\/#website"},"primaryImageOfPage":{"@id":"https:\/\/www.ph-teststrips.com\/product\/sanitizer-test-kit-chlorine-sanitizer-test-strips-0-750-ppm\/#primaryimage"},"image":{"@id":"https:\/\/www.ph-teststrips.com\/product\/sanitizer-test-kit-chlorine-sanitizer-test-strips-0-750-ppm\/#primaryimage"},"thumbnailUrl":"https:\/\/www.ph-teststrips.com\/wp-content\/uploads\/2023\/03\/sanitizer-test-kit-a.jpg","datePublished":"2023-03-25T08:11:29+00:00","dateModified":"2023-11-25T02:40:07+00:00","breadcrumb":{"@id":"https:\/\/www.ph-teststrips.com\/product\/sanitizer-test-kit-chlorine-sanitizer-test-strips-0-750-ppm\/#breadcrumb"},"inLanguage":"da-DK","potentialAction":[{"@type":"ReadAction","target":["https:\/\/www.ph-teststrips.com\/product\/sanitizer-test-kit-chlorine-sanitizer-test-strips-0-750-ppm\/"]}]},{"@type":"ImageObject","inLanguage":"da-DK","@id":"https:\/\/www.ph-teststrips.com\/product\/sanitizer-test-kit-chlorine-sanitizer-test-strips-0-750-ppm\/#primaryimage","url":"https:\/\/www.ph-teststrips.com\/wp-content\/uploads\/2023\/03\/sanitizer-test-kit-a.jpg","contentUrl":"https:\/\/www.ph-teststrips.com\/wp-content\/uploads\/2023\/03\/sanitizer-test-kit-a.jpg","width":800,"height":800,"caption":"sanitizer test kit"},{"@type":"BreadcrumbList","@id":"https:\/\/www.ph-teststrips.com\/product\/sanitizer-test-kit-chlorine-sanitizer-test-strips-0-750-ppm\/#breadcrumb","itemListElement":[{"@type":"ListItem","position":1,"name":"Home","item":"https:\/\/www.ph-teststrips.com\/"},{"@type":"ListItem","position":2,"name":"Shop","item":"https:\/\/www.ph-teststrips.com\/shop\/"},{"@type":"ListItem","position":3,"name":"Sanitizer test kit, chlorine sanitizer test strips 0-750 PPM"}]},{"@type":"WebSite","@id":"https:\/\/www.ph-teststrips.com\/#website","url":"https:\/\/www.ph-teststrips.com\/","name":"pH-teststrimler","description":"","publisher":{"@id":"https:\/\/www.ph-teststrips.com\/#organization"},"potentialAction":[{"@type":"SearchAction","target":{"@type":"EntryPoint","urlTemplate":"https:\/\/www.ph-teststrips.com\/?s={search_term_string}"},"query-input":{"@type":"PropertyValueSpecification","valueRequired":true,"valueName":"search_term_string"}}],"inLanguage":"da-DK"},{"@type":"Organization","@id":"https:\/\/www.ph-teststrips.com\/#organization","name":"pH-teststrimler","url":"https:\/\/www.ph-teststrips.com\/","logo":{"@type":"ImageObject","inLanguage":"da-DK","@id":"https:\/\/www.ph-teststrips.com\/#\/schema\/logo\/image\/","url":"https:\/\/www.ph-teststrips.com\/wp-content\/uploads\/2023\/05\/cropped-swm-logo.png","contentUrl":"https:\/\/www.ph-teststrips.com\/wp-content\/uploads\/2023\/05\/cropped-swm-logo.png","width":840,"height":404,"caption":"PH test strips"},"image":{"@id":"https:\/\/www.ph-teststrips.com\/#\/schema\/logo\/image\/"}}]}},"_links":{"self":[{"href":"https:\/\/www.ph-teststrips.com\/da\/wp-json\/wp\/v2\/product\/618","targetHints":{"allow":["GET"]}}],"collection":[{"href":"https:\/\/www.ph-teststrips.com\/da\/wp-json\/wp\/v2\/product"}],"about":[{"href":"https:\/\/www.ph-teststrips.com\/da\/wp-json\/wp\/v2\/types\/product"}],"replies":[{"embeddable":true,"href":"https:\/\/www.ph-teststrips.com\/da\/wp-json\/wp\/v2\/comments?post=618"}],"wp:featuredmedia":[{"embeddable":true,"href":"https:\/\/www.ph-teststrips.com\/da\/wp-json\/wp\/v2\/media\/622"}],"wp:attachment":[{"href":"https:\/\/www.ph-teststrips.com\/da\/wp-json\/wp\/v2\/media?parent=618"}],"wp:term":[{"taxonomy":"product_brand","embeddable":true,"href":"https:\/\/www.ph-teststrips.com\/da\/wp-json\/wp\/v2\/product_brand?post=618"},{"taxonomy":"product_cat","embeddable":true,"href":"https:\/\/www.ph-teststrips.com\/da\/wp-json\/wp\/v2\/product_cat?post=618"},{"taxonomy":"product_tag","embeddable":true,"href":"https:\/\/www.ph-teststrips.com\/da\/wp-json\/wp\/v2\/product_tag?post=618"}],"curies":[{"name":"wp","href":"https:\/\/api.w.org\/{rel}","templated":true}]}}